{"id":21826,"date":"2025-02-14T15:06:26","date_gmt":"2025-02-14T13:06:26","guid":{"rendered":"https:\/\/serabella.ee\/?post_type=product&#038;p=21826"},"modified":"2025-09-09T01:00:20","modified_gmt":"2025-09-08T22:00:20","slug":"armonia-helix-active-body-lotion-200ml","status":"publish","type":"product","link":"https:\/\/serabella.ee\/en\/product\/armonia-helix-active-body-lotion-200ml\/","title":{"rendered":"Armonia Helix Active Body Lotion 200ml"},"content":{"rendered":"<div class=\"wpb-content-wrapper\"><p>[vc_row][vc_column]\n\t\t<div id=\"wd-66d7108eb13ae\" class=\"wd-tabs wd-wpb wd-rs-66d7108eb13ae tabs-design-simple \">\n\t\t\t<div class=\"wd-tabs-header text-center\">\n\t\t\t\t\n\t\t\t\t\n\t\t\t\t<div class=\"wd-nav-wrapper wd-nav-tabs-wrapper\">\n\t\t\t\t\t<ul class=\"wd-nav wd-nav-tabs wd-icon-pos-left wd-style-default font-primary wd-fontsize-s wd-font-weight-600\">\n\t\t\t\t\t\t\t\t\t\t\t\t\t\n\t\t\t\t\t\t\t<li>\n\t\t\t\t\t\t\t\t<a href=\"#\" class=\"wd-nav-link\">\n\t\t\t\t\t\t\t\t\t\t\t\t\t\t\t\t\t\t<span class=\"nav-link-text wd-tabs-title\">\n\t\t\t\t\t\t\t\t\t\tDescription\t\t\t\t\t\t\t\t\t<\/span>\n\t\t\t\t\t\t\t\t<\/a>\n\t\t\t\t\t\t\t<\/li>\n\n\t\t\t\t\t\t\t\t\t\t\t\t\t\n\t\t\t\t\t\t\t<li>\n\t\t\t\t\t\t\t\t<a href=\"#\" class=\"wd-nav-link\">\n\t\t\t\t\t\t\t\t\t\t\t\t\t\t\t\t\t\t<span class=\"nav-link-text wd-tabs-title\">\n\t\t\t\t\t\t\t\t\t\tSERABELLA TESTIS\t\t\t\t\t\t\t\t\t<\/span>\n\t\t\t\t\t\t\t\t<\/a>\n\t\t\t\t\t\t\t<\/li>\n\n\t\t\t\t\t\t\t\t\t\t\t\t\t\n\t\t\t\t\t\t\t<li>\n\t\t\t\t\t\t\t\t<a href=\"#\" class=\"wd-nav-link\">\n\t\t\t\t\t\t\t\t\t\t\t\t\t\t\t\t\t\t<span class=\"nav-link-text wd-tabs-title\">\n\t\t\t\t\t\t\t\t\t\tIngredients\t\t\t\t\t\t\t\t\t<\/span>\n\t\t\t\t\t\t\t\t<\/a>\n\t\t\t\t\t\t\t<\/li>\n\n\t\t\t\t\t\t\n\t\t\t\t\t<\/ul>\n\t\t\t\t<\/div>\n\t\t\t<\/div>\n\n\t\t\t<div class=\"wd-tab-content-wrapper\">\n\t\t\t\t\n\t\t<div class=\"wd-tab-content\">\n\t\t\t\t\t\t\t<strong>Repairing body lotion that deeply nourishes and hydrates.<\/strong>\u00a0Thanks to its\u00a0<strong>non-greasy and easily absorbed texture,<\/strong> it is perfect for daily body care. Suitable for all skin types, even the driest and cracked. Thanks to its formula with Snail Bio Complex, a protein complex that contains 100% organic snail slime,\u00a0<strong>it deeply regenerates tissues<\/strong> and helps blur the appearance of imperfections such as marks or stains. It also contains aloe vera, calendula and rosehip, which help repair the skin, leaving it smoother and toned.<\/p>\n<p><strong>Quickly absorbed<\/strong>\u00a0moisturizing body lotion that refreshes, deeply nourishes and visibly improves the appearance of the skin. Its formula with calendula extract, an emollient rich in vitamins, and aloe vera extract, known for its\u00a0<strong>repairing capacity,<\/strong> help hydrate and soften the skin. Its\u00a0<strong>non-greasy texture<\/strong>\u00a0spreads easily, leaving a very comfortable sensation on the skin, which feels more elastic and juicy. Its formula provides a powerful\u00a0<strong>regenerating and repairing effect to your skin.<\/strong>\u00a0It contains plant-based agents with high moisturizing power that help keep skin firm and toned for longer.<\/p>\n<p>Helix Active moisturizing lotion is suitable\u00a0<strong>for all skin types, including dry skin.<\/strong> Its emollient formula is capable of repairing even the driest skin. It is rich in nutritious ingredients that, combined, repair, soften and provide extra hydration to the skin. The combination of active ingredients in this body cream, with snail slime, aloe vera, BIO calendula and BIO rosehip, helps maintain the skin&#8217;s hydrolipid barrier and thus prevent dry and cracked skin. A lotion with a high moisturizing and nourishing power and great softening properties.<\/p>\n<p>Repair your skin with this moisturizing lotion that also, thanks to snail slime, helps fade small marks and blemishes.\u00a0<strong>It shows off smooth, uniform and more elastic skin<\/strong> and avoids that unpleasant feeling of tightness that occurs especially in very dry skin, throughout the day. Body moisturizing cream formulated with natural active ingredients and without parabens. Contains ingredients from organic farming and the first certified organic snail slime in Spain. The certified organic snail slime extract selected by Armon\u00eda Cosm\u00e9tica Natural is obtained thanks to a patented extraction method that guarantees its maximum purity and quality. The snails are raised under very specific optimal conditions, with a highly specific ecological diet and are handled without causing them any type of abuse or stress.<\/p>\n<p>This formula, which combines organic extracts of snail slime, aloe vera, calendula and rosehip oil,\u00a0<strong>provides maximum nutrition and hydration to the skin, improving its tone. <\/strong>This protein complex with 100% organic snail slime is rich in allantoin, which stimulates cell repair and regeneration. It also contains glycolic acid which, thanks to its exfoliating action, peels the superficial layers of the skin, eliminating dead cells and thus helping to accelerate the cell renewal process. It also contains collagen that provides greater resistance to the skin.<\/p>\n<p>Highly nutritious formula that\u00a0<strong>activates the skin&#8217;s own regenerative function.<\/strong>\u00a0Reduces blemishes and deeply repairs even the driest and most cracked skin.<\/p>\n<p>It is rich in proteins, which provide nutrition, collagen, elastin and other compounds with high affinity for the skin that play a decisive role in its structure and flexibility.\u00a0<strong>Your skin feels firmer and more elastic.<\/strong><\/p>\n<h5><strong>Active substances<\/strong><\/h5>\n<div class=\"tabs-container\">\n<div class=\"tabs page-width\">\n<div id=\"tab-content\" class=\"tab-content\">\n<div id=\"extra-0\" class=\"tab-pane fade in active\" aria-expanded=\"true\">\n<p><strong>Snail Bio Complex:<\/strong>\u00a0Exclusive protein complex with certified organic snail slime extract. Very rich in proteins, which provide nutrition; collagen and elastin, which play a decisive role in the structure and flexibility of the skin; allantoin, glycolic acid and mucopolysaccharides, associated with cell regeneration.<\/p>\n<p><strong>Aloe vera:<\/strong>\u00a0From organic farming. Known for its repairing capacity, it is an extremely useful active ingredient to calm, refresh and improve the appearance of the skin. It is capable of retaining high amounts of water.<\/p>\n<p><strong>Rosehip:<\/strong>\u00a0This active ingredient is known for its powerful repairing action on marks and scars. It is a powerful antioxidant, rich in vitamins A, C and E and acts on photoaging of the skin, helps regenerate tissues and prevents water loss, preventing dehydration.<\/p>\n<\/div>\n<\/div>\n<\/div>\n<\/div>\n<h5><strong>How to use<\/strong><\/h5>\n<p>Apply once or twice a day with a gentle massage. We recommend doing it preferably after a shower since this way the active ingredients of the body lotion are better utilized and absorbed.<\/p>\n<p>Massage upwards to stimulate circulation and until completely absorbed.<\/p>\n<p>If you want to help the lotion penetrate better and make your skin look softer and smoother, you can do it with the help of a body massage. This type of massage will also help you stimulate the tissues and make the skin look more uniform.<\/p>\n<p>\t\t\t\t\t<\/div>\n\n\t\t\n\t\t<div class=\"wd-tab-content\">\n\t\t\t\t\t\t\t. \t\t\t\t\t<\/div>\n\n\t\t\n\t\t<div class=\"wd-tab-content\">\n\t\t\t\t\t\t\tAQUA (WATER), CETEARYL ALCOHOL, PROPYLENE GLYCOL, GLYCERYL STEARATE SE, ALOE BARBADENSIS LEAF EXTRACT (ALOE BARBADENSIS LEAF JUICE), CALENDULA OFFICINALIS (CALENDULA) FLOWER EXTRACT*, GLYCERIN, ROSA CANINA FRUIT OIL (ROSE HIP OIL), TOCOPHEROL, ALLANTOIN, SNAIL SECRETION FILTRATE*, HELIANTHUS ANNUUS (SUNFLOWER) SEED OIL, CARBOMER, PEG-40 HYDROGENATED CASTOR OIL, SODIUM CETEARYL SULFATE, TRIETHANOLAMINE, CETEARYL ETHYLHEXANOATE, DIMETHICONE, BHT, POTASSIUM PHOSPHATE, DISODIUM PHOSPHATE, CITRIC ACID, POTASSIUM SORBATE, SODIUM BENZOATE, TROPOLONE, IMIDAZOLIDINYL UREA, 1,2-HEXANEDIOL, CAPRYLYL GLYCOL, PARFUM (FRAGRANCE) BENZYL ALCOHOL *Ingredient from organic farming.\t\t\t\t\t<\/div>\n\n\t\t\t\t\t<\/div>\n\t\t<\/div>\n\n\t\t\n\t\t<div id=\"wd-6783a2564b514\" class=\"wd-accordion wd-wpb wd-rs-6783a2564b514  wd-style-default\" data-state=\"all_closed\">\n\t\t\t\t\t\t\t\n\t\t\t\t\n\t\t\t\t<div class=\"wd-accordion-item\">\n\t\t\t\t\t<div class=\"wd-accordion-title font-primary wd-fontsize-m text-left wd-opener-pos-left wd-font-weight-700\" data-accordion-index=\"0\">\n\t\t\t\t\t\t<div class=\"wd-accordion-title-text\">\n\t\t\t\t\t\t\t\t\t\t\t\t\t\t<span>\n\t\t\t\t\t\t\t\tMiks me seda toodet soovitame?\t\t\t\t\t\t\t<\/span>\n\t\t\t\t\t\t<\/div>\n\t\t\t\t\t\t<span class=\"wd-accordion-opener wd-opener-style-arrow\"><\/span>\n\t\t\t\t\t<\/div>\n\n\t\t\t\t\t<div class=\"wd-accordion-content reset-last-child\" data-accordion-index=\"0\">\n\t\t\t\t\t\t\t\t\t\t\t\t\t<p>Taastav kortsudevastane kreem teolima ekstraktiga \u00f6\u00f6p\u00e4evaringseks kasutamiseks.<\/p>\n\t\t\t\t\t\t\t\t\t\t\t<\/div>\n\t\t\t\t<\/div>\n\t\t\t\t\t\t\t\t\t\t\t\t\t\t<\/div>\n\n\t\t[\/vc_column][\/vc_row]<\/p>\n<\/div>","protected":false},"excerpt":{"rendered":"<p>Repairing body lotion that <strong>deeply nourishes, hydrates and helps blur the appearance of imperfections such as marks or stains.<\/strong><\/p>\n","protected":false},"featured_media":21744,"comment_status":"open","ping_status":"closed","template":"","meta":{"inline_featured_image":false},"product_brand":[],"product_cat":[547],"product_tag":[726],"class_list":{"0":"post-21826","1":"product","2":"type-product","3":"status-publish","4":"has-post-thumbnail","6":"product_cat-body-creams","7":"product_tag-alla-15e","8":"pa_brands-armonia-en","9":"pa_paritoluriik-spain","10":"pa_sari-anti-age-en","12":"first","13":"instock","14":"sale","15":"taxable","16":"shipping-taxable","17":"purchasable","18":"product-type-simple"},"yoast_head":"<!-- This site is optimized with the Yoast SEO plugin v25.1 - https:\/\/yoast.com\/wordpress\/plugins\/seo\/ -->\n<title>Armonia Helix Active Body Lotion 200ml - Serabella<\/title>\n<meta name=\"description\" content=\"Body lotion that deeply nourishes and hydrates.\u00a0It deeply regenerates tissues and helps blur the appearance of imperfections such as marks or stains.\" \/>\n<meta name=\"robots\" content=\"index, follow, max-snippet:-1, max-image-preview:large, max-video-preview:-1\" \/>\n<link rel=\"canonical\" href=\"https:\/\/serabella.ee\/en\/product\/armonia-helix-active-body-lotion-200ml\/\" \/>\n<meta property=\"og:locale\" content=\"en_US\" \/>\n<meta property=\"og:type\" content=\"article\" \/>\n<meta property=\"og:title\" content=\"Armonia Helix Active Body Lotion 200ml - Serabella\" \/>\n<meta property=\"og:description\" content=\"Body lotion that deeply nourishes and hydrates.\u00a0It deeply regenerates tissues and helps blur the appearance of imperfections such as marks or stains.\" \/>\n<meta property=\"og:url\" content=\"https:\/\/serabella.ee\/en\/product\/armonia-helix-active-body-lotion-200ml\/\" \/>\n<meta property=\"og:site_name\" content=\"Serabella\" \/>\n<meta property=\"article:modified_time\" content=\"2025-09-08T22:00:20+00:00\" \/>\n<meta property=\"og:image\" content=\"https:\/\/serabella.ee\/wp-content\/uploads\/2025\/02\/Armonia-Helix-Active-Body-Lotion-200ml.png\" \/>\n\t<meta property=\"og:image:width\" content=\"1000\" \/>\n\t<meta property=\"og:image:height\" content=\"1000\" \/>\n\t<meta property=\"og:image:type\" content=\"image\/png\" \/>\n<meta name=\"twitter:card\" content=\"summary_large_image\" \/>\n<meta name=\"twitter:label1\" content=\"Est. reading time\" \/>\n\t<meta name=\"twitter:data1\" content=\"5 minutes\" \/>\n<script type=\"application\/ld+json\" class=\"yoast-schema-graph\">{\"@context\":\"https:\/\/schema.org\",\"@graph\":[{\"@type\":\"WebPage\",\"@id\":\"https:\/\/serabella.ee\/en\/product\/armonia-helix-active-body-lotion-200ml\/\",\"url\":\"https:\/\/serabella.ee\/en\/product\/armonia-helix-active-body-lotion-200ml\/\",\"name\":\"Armonia Helix Active Body Lotion 200ml - Serabella\",\"isPartOf\":{\"@id\":\"https:\/\/serabella.ee\/#website\"},\"primaryImageOfPage\":{\"@id\":\"https:\/\/serabella.ee\/en\/product\/armonia-helix-active-body-lotion-200ml\/#primaryimage\"},\"image\":{\"@id\":\"https:\/\/serabella.ee\/en\/product\/armonia-helix-active-body-lotion-200ml\/#primaryimage\"},\"thumbnailUrl\":\"https:\/\/serabella.ee\/wp-content\/uploads\/2025\/02\/Armonia-Helix-Active-Body-Lotion-200ml.png\",\"datePublished\":\"2025-02-14T13:06:26+00:00\",\"dateModified\":\"2025-09-08T22:00:20+00:00\",\"description\":\"Body lotion that deeply nourishes and hydrates.\u00a0It deeply regenerates tissues and helps blur the appearance of imperfections such as marks or stains.\",\"breadcrumb\":{\"@id\":\"https:\/\/serabella.ee\/en\/product\/armonia-helix-active-body-lotion-200ml\/#breadcrumb\"},\"inLanguage\":\"en-US\",\"potentialAction\":[{\"@type\":\"ReadAction\",\"target\":[\"https:\/\/serabella.ee\/en\/product\/armonia-helix-active-body-lotion-200ml\/\"]}]},{\"@type\":\"ImageObject\",\"inLanguage\":\"en-US\",\"@id\":\"https:\/\/serabella.ee\/en\/product\/armonia-helix-active-body-lotion-200ml\/#primaryimage\",\"url\":\"https:\/\/serabella.ee\/wp-content\/uploads\/2025\/02\/Armonia-Helix-Active-Body-Lotion-200ml.png\",\"contentUrl\":\"https:\/\/serabella.ee\/wp-content\/uploads\/2025\/02\/Armonia-Helix-Active-Body-Lotion-200ml.png\",\"width\":1000,\"height\":1000},{\"@type\":\"BreadcrumbList\",\"@id\":\"https:\/\/serabella.ee\/en\/product\/armonia-helix-active-body-lotion-200ml\/#breadcrumb\",\"itemListElement\":[{\"@type\":\"ListItem\",\"position\":1,\"name\":\"Home\",\"item\":\"https:\/\/serabella.ee\/\"},{\"@type\":\"ListItem\",\"position\":2,\"name\":\"Shop\",\"item\":\"https:\/\/serabella.ee\/poevaade\/\"},{\"@type\":\"ListItem\",\"position\":3,\"name\":\"Armonia Helix Active Body Lotion 200ml\"}]},{\"@type\":\"WebSite\",\"@id\":\"https:\/\/serabella.ee\/#website\",\"url\":\"https:\/\/serabella.ee\/\",\"name\":\"Serabella\",\"description\":\"Ilu- ja kosmeetikatoodete e-pood\ud83d\udc9c\",\"potentialAction\":[{\"@type\":\"SearchAction\",\"target\":{\"@type\":\"EntryPoint\",\"urlTemplate\":\"https:\/\/serabella.ee\/?s={search_term_string}\"},\"query-input\":{\"@type\":\"PropertyValueSpecification\",\"valueRequired\":true,\"valueName\":\"search_term_string\"}}],\"inLanguage\":\"en-US\"}]}<\/script>\n<!-- \/ Yoast SEO plugin. -->","yoast_head_json":{"title":"Armonia Helix Active Body Lotion 200ml - Serabella","description":"Body lotion that deeply nourishes and hydrates.\u00a0It deeply regenerates tissues and helps blur the appearance of imperfections such as marks or stains.","robots":{"index":"index","follow":"follow","max-snippet":"max-snippet:-1","max-image-preview":"max-image-preview:large","max-video-preview":"max-video-preview:-1"},"canonical":"https:\/\/serabella.ee\/en\/product\/armonia-helix-active-body-lotion-200ml\/","og_locale":"en_US","og_type":"article","og_title":"Armonia Helix Active Body Lotion 200ml - Serabella","og_description":"Body lotion that deeply nourishes and hydrates.\u00a0It deeply regenerates tissues and helps blur the appearance of imperfections such as marks or stains.","og_url":"https:\/\/serabella.ee\/en\/product\/armonia-helix-active-body-lotion-200ml\/","og_site_name":"Serabella","article_modified_time":"2025-09-08T22:00:20+00:00","og_image":[{"width":1000,"height":1000,"url":"https:\/\/serabella.ee\/wp-content\/uploads\/2025\/02\/Armonia-Helix-Active-Body-Lotion-200ml.png","type":"image\/png"}],"twitter_card":"summary_large_image","twitter_misc":{"Est. reading time":"5 minutes"},"schema":{"@context":"https:\/\/schema.org","@graph":[{"@type":"WebPage","@id":"https:\/\/serabella.ee\/en\/product\/armonia-helix-active-body-lotion-200ml\/","url":"https:\/\/serabella.ee\/en\/product\/armonia-helix-active-body-lotion-200ml\/","name":"Armonia Helix Active Body Lotion 200ml - Serabella","isPartOf":{"@id":"https:\/\/serabella.ee\/#website"},"primaryImageOfPage":{"@id":"https:\/\/serabella.ee\/en\/product\/armonia-helix-active-body-lotion-200ml\/#primaryimage"},"image":{"@id":"https:\/\/serabella.ee\/en\/product\/armonia-helix-active-body-lotion-200ml\/#primaryimage"},"thumbnailUrl":"https:\/\/serabella.ee\/wp-content\/uploads\/2025\/02\/Armonia-Helix-Active-Body-Lotion-200ml.png","datePublished":"2025-02-14T13:06:26+00:00","dateModified":"2025-09-08T22:00:20+00:00","description":"Body lotion that deeply nourishes and hydrates.\u00a0It deeply regenerates tissues and helps blur the appearance of imperfections such as marks or stains.","breadcrumb":{"@id":"https:\/\/serabella.ee\/en\/product\/armonia-helix-active-body-lotion-200ml\/#breadcrumb"},"inLanguage":"en-US","potentialAction":[{"@type":"ReadAction","target":["https:\/\/serabella.ee\/en\/product\/armonia-helix-active-body-lotion-200ml\/"]}]},{"@type":"ImageObject","inLanguage":"en-US","@id":"https:\/\/serabella.ee\/en\/product\/armonia-helix-active-body-lotion-200ml\/#primaryimage","url":"https:\/\/serabella.ee\/wp-content\/uploads\/2025\/02\/Armonia-Helix-Active-Body-Lotion-200ml.png","contentUrl":"https:\/\/serabella.ee\/wp-content\/uploads\/2025\/02\/Armonia-Helix-Active-Body-Lotion-200ml.png","width":1000,"height":1000},{"@type":"BreadcrumbList","@id":"https:\/\/serabella.ee\/en\/product\/armonia-helix-active-body-lotion-200ml\/#breadcrumb","itemListElement":[{"@type":"ListItem","position":1,"name":"Home","item":"https:\/\/serabella.ee\/"},{"@type":"ListItem","position":2,"name":"Shop","item":"https:\/\/serabella.ee\/poevaade\/"},{"@type":"ListItem","position":3,"name":"Armonia Helix Active Body Lotion 200ml"}]},{"@type":"WebSite","@id":"https:\/\/serabella.ee\/#website","url":"https:\/\/serabella.ee\/","name":"Serabella","description":"Ilu- ja kosmeetikatoodete e-pood\ud83d\udc9c","potentialAction":[{"@type":"SearchAction","target":{"@type":"EntryPoint","urlTemplate":"https:\/\/serabella.ee\/?s={search_term_string}"},"query-input":{"@type":"PropertyValueSpecification","valueRequired":true,"valueName":"search_term_string"}}],"inLanguage":"en-US"}]}},"_links":{"self":[{"href":"https:\/\/serabella.ee\/en\/wp-json\/wp\/v2\/product\/21826","targetHints":{"allow":["GET"]}}],"collection":[{"href":"https:\/\/serabella.ee\/en\/wp-json\/wp\/v2\/product"}],"about":[{"href":"https:\/\/serabella.ee\/en\/wp-json\/wp\/v2\/types\/product"}],"replies":[{"embeddable":true,"href":"https:\/\/serabella.ee\/en\/wp-json\/wp\/v2\/comments?post=21826"}],"wp:featuredmedia":[{"embeddable":true,"href":"https:\/\/serabella.ee\/en\/wp-json\/wp\/v2\/media\/21744"}],"wp:attachment":[{"href":"https:\/\/serabella.ee\/en\/wp-json\/wp\/v2\/media?parent=21826"}],"wp:term":[{"taxonomy":"product_brand","embeddable":true,"href":"https:\/\/serabella.ee\/en\/wp-json\/wp\/v2\/product_brand?post=21826"},{"taxonomy":"product_cat","embeddable":true,"href":"https:\/\/serabella.ee\/en\/wp-json\/wp\/v2\/product_cat?post=21826"},{"taxonomy":"product_tag","embeddable":true,"href":"https:\/\/serabella.ee\/en\/wp-json\/wp\/v2\/product_tag?post=21826"}],"curies":[{"name":"wp","href":"https:\/\/api.w.org\/{rel}","templated":true}]}}