{"id":21828,"date":"2025-02-14T14:39:56","date_gmt":"2025-02-14T12:39:56","guid":{"rendered":"https:\/\/serabella.ee\/?post_type=product&#038;p=21828"},"modified":"2025-09-09T01:00:21","modified_gmt":"2025-09-08T22:00:21","slug":"armonia-helix-active-firminging-serum-30ml","status":"publish","type":"product","link":"https:\/\/serabella.ee\/en\/product\/armonia-helix-active-firminging-serum-30ml\/","title":{"rendered":"Armonia Helix Active Firming Serum 30ml"},"content":{"rendered":"<div class=\"wpb-content-wrapper\"><p>[vc_row][vc_column]\n\t\t<div id=\"wd-66d7108eb13ae\" class=\"wd-tabs wd-wpb wd-rs-66d7108eb13ae tabs-design-simple \">\n\t\t\t<div class=\"wd-tabs-header text-center\">\n\t\t\t\t\n\t\t\t\t\n\t\t\t\t<div class=\"wd-nav-wrapper wd-nav-tabs-wrapper\">\n\t\t\t\t\t<ul class=\"wd-nav wd-nav-tabs wd-icon-pos-left wd-style-default font-primary wd-fontsize-s wd-font-weight-600\">\n\t\t\t\t\t\t\t\t\t\t\t\t\t\n\t\t\t\t\t\t\t<li>\n\t\t\t\t\t\t\t\t<a href=\"#\" class=\"wd-nav-link\">\n\t\t\t\t\t\t\t\t\t\t\t\t\t\t\t\t\t\t<span class=\"nav-link-text wd-tabs-title\">\n\t\t\t\t\t\t\t\t\t\tDescription\t\t\t\t\t\t\t\t\t<\/span>\n\t\t\t\t\t\t\t\t<\/a>\n\t\t\t\t\t\t\t<\/li>\n\n\t\t\t\t\t\t\t\t\t\t\t\t\t\n\t\t\t\t\t\t\t<li>\n\t\t\t\t\t\t\t\t<a href=\"#\" class=\"wd-nav-link\">\n\t\t\t\t\t\t\t\t\t\t\t\t\t\t\t\t\t\t<span class=\"nav-link-text wd-tabs-title\">\n\t\t\t\t\t\t\t\t\t\tSERABELLA TESTED\t\t\t\t\t\t\t\t\t<\/span>\n\t\t\t\t\t\t\t\t<\/a>\n\t\t\t\t\t\t\t<\/li>\n\n\t\t\t\t\t\t\t\t\t\t\t\t\t\n\t\t\t\t\t\t\t<li>\n\t\t\t\t\t\t\t\t<a href=\"#\" class=\"wd-nav-link\">\n\t\t\t\t\t\t\t\t\t\t\t\t\t\t\t\t\t\t<span class=\"nav-link-text wd-tabs-title\">\n\t\t\t\t\t\t\t\t\t\tIngredients\t\t\t\t\t\t\t\t\t<\/span>\n\t\t\t\t\t\t\t\t<\/a>\n\t\t\t\t\t\t\t<\/li>\n\n\t\t\t\t\t\t\n\t\t\t\t\t<\/ul>\n\t\t\t\t<\/div>\n\t\t\t<\/div>\n\n\t\t\t<div class=\"wd-tab-content-wrapper\">\n\t\t\t\t\n\t\t<div class=\"wd-tab-content\">\n\t\t\t\t\t\t\t<strong>Excellent cell regenerating serum for daily facial care that firms and repairs in depth.<\/strong> Formulated with Snail Bio Complex, a protein complex with certified organic snail extract, vitamins and niacinamide. Helps slow the effects of aging, providing more elastic, soft and smooth skin. Due to its high regenerative power, it rebuilds tissues at the cellular level, reducing wrinkles and expression lines. It is highly effective on scars, stretch marks, burns, skin blemishes and acne marks. Its 100% certified organic snail slime extract is the only one with the organic guarantee seal that ensures animal well-being during the extraction process.<\/p>\n<p>The\u00a0<strong>Helix Active regenerating facial serum<\/strong>\u00a0with Snail Bio Complex is a firming serum\u00a0<strong>without parabens, silicones or artificial colours.<\/strong>\u00a0A formula enriched with effective active ingredients such as calendula extract from organic farming, vitamins and niacinamide. A powerful repair serum that leaves the skin softer and firmer, giving it all the comfort it needs.<\/p>\n<p>One of the main components of its protein complex is allantoin,\u00a0<strong>which stimulates cell repair and regeneration.<\/strong>\u00a0At the same time, the exfoliating action of glycolic acid peels the superficial layers of the skin, eliminating dead cells. It also contains collagen that provides greater resistance to the skin.<\/p>\n<p>The\u00a0<strong>Helix Active snail extract serum<\/strong>\u00a0is formulated with a protein complex that has in its composition 50% protein and more than 35% collagen and elastin. Its non-sticky texture is easily absorbed, leaving a very pleasant sensation on the skin.The snail slime extract of our Snail Bio Complex is obtained thanks to a unique patented extraction method worldwide that guarantees to be the first and only one with ecological certification, the absence of preservatives in the raw material, since the ingredient is introduced into the final product without any other active ingredient, and maximum purity with the best physical, chemical and microbiological\u00a0 .<\/p>\n<p>A product that combines the proven effectiveness of snail slime extract with active ingredients such as calendula, vitamins or niacinamide. <strong>Used at night<\/strong>, when the skin is actively regenerating, it\u00a0<strong>constitutes a powerful boost of active ingredients that will enhance the anti-wrinkle and firming results\u00a0<\/strong>on your skin. Pure snail slime is considered one of the most effective cosmetic ingredients in cell regeneration due to its high content of proteins, allantoin, vitamins, and other compounds with high affinity for the skin. This condition favors its effective action against the reduction, and even disappearance, of wrinkles, scars and spots.<\/p>\n<p>Helix Active Firming Serum\u00a0<strong>protects against dehydration, helps even out tone, smoothes skin texture and reduces the appearance of pores.<\/strong> It also helps to visibly reduce and blur blemishes and small expression lines, even those that appear around the eyes or on the forehead. This collagen and elastin cocktail, together with vitamins and niacinamide, provides density and flexibility, softens the skin and eliminates blemishes. It is perfect to enhance the effects of the Cream or eye contour of this regenerating range.\u00a0<strong>Use it morning and night<\/strong>\u00a0to improve results that are seen and felt in a few weeks.<\/p>\n<p><strong>Active substances<\/strong><\/p>\n<p><strong>Snail Bio Complex:<\/strong>\u00a0Exclusive protein complex with certified organic snail slime extract. Very rich in proteins, which provide nutrition; collagen and elastin, which play a decisive role in the structure and flexibility of the skin; allantoin, glycolic acid and mucopolysaccharides, associated with cell regeneration.<\/p>\n<p><strong>Calendula:<\/strong>\u00a0Of organic origin, it is an active emollient rich in vitamins and mineral salts that help soften the skin.<\/p>\n<p><strong>Niacinamide:<\/strong>\u00a0This is a vitamin (B3) that helps reduce the appearance of marks, scars and blemishes, strengthens the skin barrier and improves hydration.<\/p>\n<p><strong>How to use<\/strong><\/p>\n<p>Apply morning and night, after facial cleansing and before the treatment cream, on the face, neck and neckline by gently massaging with the fingertips, avoiding contact with the eyes. Let the product absorb for a few seconds before applying the usual cream.<\/p>\n<p>To enhance the results, it is recommended to use it together with the regenerating facial cream and eye contour cream from the same range.<\/p>\n<p>. \t\t\t\t\t<\/div>\n\n\t\t\n\t\t<div class=\"wd-tab-content\">\n\t\t\t\t\t\t\t \t\t\t\t\t<\/div>\n\n\t\t\n\t\t<div class=\"wd-tab-content\">\n\t\t\t\t\t\t\tAQUA (WATER), ALCOHOL DENAT, PROPYLENE GLYCOL, GLYCERIN, LACTIC ACID, GLYCOLIC ACID, HYDROXYETHYLCELLULOSE, ALOE BARBADENSIS LEAF EXTRACT* (ALOE BARBADENSIS LEAF JUICE), SNAIL SECRETION FILTRATE*, TOCOPHERYL ACETATE, HYDROLYZED COLLAGEN, CALENDULA OFFICINALIS (CALENDULA) FLOWER EXTRACT*, GLYCYRRHIZA GLABRA (LICORICE) ROOT EXTRACT, BIOTIN, PANTHENOL, INOSITOL, RETINYL PALMITATE, SODIUM ASCORBYL PHOSPHATE, TOCOPHEROL, RIBOFLAVIN, ALLANTOIN, NIACINAMIDE, SODIUM CHONDROITIN SULFATE, MALIC ACID, TARTARIC ACID, DISODIUM EDTA, SODIUM HYDROXIDE, PEG-40 HYDROGENATED CASTOR OIL, CERATONIA SILIQUA GUM (CAROB BEAN GUM), CELLULOSE, SODIUM ACETATE, ISOPROPYL ALCOHOL, SODIUM BENZOATE, CAPRYLYL GLYCOL, 1,2-HEXANEDIOL, CITRIC ACID, TROPOLONE, POTASSIUM SORBATE, IMIDAZOLIDINYL UREA, PARFUM (FRAGRANCE). *Ingredient from organic farming.\t\t\t\t\t<\/div>\n\n\t\t\t\t\t<\/div>\n\t\t<\/div>\n\n\t\t\n\t\t<div id=\"wd-6783a2564b514\" class=\"wd-accordion wd-wpb wd-rs-6783a2564b514  wd-style-default\" data-state=\"all_closed\">\n\t\t\t\t\t\t\t\n\t\t\t\t\n\t\t\t\t<div class=\"wd-accordion-item\">\n\t\t\t\t\t<div class=\"wd-accordion-title font-primary wd-fontsize-m text-left wd-opener-pos-left wd-font-weight-700\" data-accordion-index=\"0\">\n\t\t\t\t\t\t<div class=\"wd-accordion-title-text\">\n\t\t\t\t\t\t\t\t\t\t\t\t\t\t<span>\n\t\t\t\t\t\t\t\tMiks me seda toodet soovitame?\t\t\t\t\t\t\t<\/span>\n\t\t\t\t\t\t<\/div>\n\t\t\t\t\t\t<span class=\"wd-accordion-opener wd-opener-style-arrow\"><\/span>\n\t\t\t\t\t<\/div>\n\n\t\t\t\t\t<div class=\"wd-accordion-content reset-last-child\" data-accordion-index=\"0\">\n\t\t\t\t\t\t\t\t\t\t\t\t\t<p>Taastav kortsudevastane kreem teolima ekstraktiga \u00f6\u00f6p\u00e4evaringseks kasutamiseks.<\/p>\n\t\t\t\t\t\t\t\t\t\t\t<\/div>\n\t\t\t\t<\/div>\n\t\t\t\t\t\t\t\t\t\t\t\t\t\t<\/div>\n\n\t\t[\/vc_column][\/vc_row]<\/p>\n<\/div>","protected":false},"excerpt":{"rendered":"<p>Excellent <strong>cell regenerating and firming<\/strong> serum for daily facial care that firms and repairs in depth.<\/p>\n","protected":false},"featured_media":21748,"comment_status":"open","ping_status":"closed","template":"","meta":{"inline_featured_image":false},"product_brand":[],"product_cat":[578,574,573],"product_tag":[724],"class_list":{"0":"post-21828","1":"product","2":"type-product","3":"status-publish","4":"has-post-thumbnail","6":"product_cat-face-serums-and-oils","7":"product_cat-intensive-care","8":"product_cat-skin-care","9":"product_tag-armonia-ja-camaloen-en","10":"pa_brands-armonia-en","11":"pa_paritoluriik-spain","12":"pa_sari-anti-age-en","14":"first","15":"instock","16":"sale","17":"taxable","18":"shipping-taxable","19":"purchasable","20":"product-type-simple"},"yoast_head":"<!-- This site is optimized with the Yoast SEO plugin v25.1 - https:\/\/yoast.com\/wordpress\/plugins\/seo\/ -->\n<title>Armonia Helix Active Firming Serum 30ml - Serabella<\/title>\n<meta name=\"description\" content=\"cell regenerating and firming serum for daily facial care that firms and repairs in depth.\u00a0Helps slow the effects of aging, providing more elastic skin.\" \/>\n<meta name=\"robots\" content=\"index, follow, max-snippet:-1, max-image-preview:large, max-video-preview:-1\" \/>\n<link rel=\"canonical\" href=\"https:\/\/serabella.ee\/en\/product\/armonia-helix-active-firminging-serum-30ml\/\" \/>\n<meta property=\"og:locale\" content=\"en_US\" \/>\n<meta property=\"og:type\" content=\"article\" \/>\n<meta property=\"og:title\" content=\"Armonia Helix Active Firming Serum 30ml - Serabella\" \/>\n<meta property=\"og:description\" content=\"cell regenerating and firming serum for daily facial care that firms and repairs in depth.\u00a0Helps slow the effects of aging, providing more elastic skin.\" \/>\n<meta property=\"og:url\" content=\"https:\/\/serabella.ee\/en\/product\/armonia-helix-active-firminging-serum-30ml\/\" \/>\n<meta property=\"og:site_name\" content=\"Serabella\" \/>\n<meta property=\"article:modified_time\" content=\"2025-09-08T22:00:21+00:00\" \/>\n<meta property=\"og:image\" content=\"https:\/\/serabella.ee\/wp-content\/uploads\/2025\/02\/Armonia-Helix-Active-Firminging-Serum-30ml.png\" \/>\n\t<meta property=\"og:image:width\" content=\"1000\" \/>\n\t<meta property=\"og:image:height\" content=\"1000\" \/>\n\t<meta property=\"og:image:type\" content=\"image\/png\" \/>\n<meta name=\"twitter:card\" content=\"summary_large_image\" \/>\n<meta name=\"twitter:label1\" content=\"Est. reading time\" \/>\n\t<meta name=\"twitter:data1\" content=\"5 minutes\" \/>\n<script type=\"application\/ld+json\" class=\"yoast-schema-graph\">{\"@context\":\"https:\/\/schema.org\",\"@graph\":[{\"@type\":\"WebPage\",\"@id\":\"https:\/\/serabella.ee\/en\/product\/armonia-helix-active-firminging-serum-30ml\/\",\"url\":\"https:\/\/serabella.ee\/en\/product\/armonia-helix-active-firminging-serum-30ml\/\",\"name\":\"Armonia Helix Active Firming Serum 30ml - Serabella\",\"isPartOf\":{\"@id\":\"https:\/\/serabella.ee\/#website\"},\"primaryImageOfPage\":{\"@id\":\"https:\/\/serabella.ee\/en\/product\/armonia-helix-active-firminging-serum-30ml\/#primaryimage\"},\"image\":{\"@id\":\"https:\/\/serabella.ee\/en\/product\/armonia-helix-active-firminging-serum-30ml\/#primaryimage\"},\"thumbnailUrl\":\"https:\/\/serabella.ee\/wp-content\/uploads\/2025\/02\/Armonia-Helix-Active-Firminging-Serum-30ml.png\",\"datePublished\":\"2025-02-14T12:39:56+00:00\",\"dateModified\":\"2025-09-08T22:00:21+00:00\",\"description\":\"cell regenerating and firming serum for daily facial care that firms and repairs in depth.\u00a0Helps slow the effects of aging, providing more elastic skin.\",\"breadcrumb\":{\"@id\":\"https:\/\/serabella.ee\/en\/product\/armonia-helix-active-firminging-serum-30ml\/#breadcrumb\"},\"inLanguage\":\"en-US\",\"potentialAction\":[{\"@type\":\"ReadAction\",\"target\":[\"https:\/\/serabella.ee\/en\/product\/armonia-helix-active-firminging-serum-30ml\/\"]}]},{\"@type\":\"ImageObject\",\"inLanguage\":\"en-US\",\"@id\":\"https:\/\/serabella.ee\/en\/product\/armonia-helix-active-firminging-serum-30ml\/#primaryimage\",\"url\":\"https:\/\/serabella.ee\/wp-content\/uploads\/2025\/02\/Armonia-Helix-Active-Firminging-Serum-30ml.png\",\"contentUrl\":\"https:\/\/serabella.ee\/wp-content\/uploads\/2025\/02\/Armonia-Helix-Active-Firminging-Serum-30ml.png\",\"width\":1000,\"height\":1000},{\"@type\":\"BreadcrumbList\",\"@id\":\"https:\/\/serabella.ee\/en\/product\/armonia-helix-active-firminging-serum-30ml\/#breadcrumb\",\"itemListElement\":[{\"@type\":\"ListItem\",\"position\":1,\"name\":\"Home\",\"item\":\"https:\/\/serabella.ee\/\"},{\"@type\":\"ListItem\",\"position\":2,\"name\":\"Shop\",\"item\":\"https:\/\/serabella.ee\/poevaade\/\"},{\"@type\":\"ListItem\",\"position\":3,\"name\":\"Armonia Helix Active Firming Serum 30ml\"}]},{\"@type\":\"WebSite\",\"@id\":\"https:\/\/serabella.ee\/#website\",\"url\":\"https:\/\/serabella.ee\/\",\"name\":\"Serabella\",\"description\":\"Ilu- ja kosmeetikatoodete e-pood\ud83d\udc9c\",\"potentialAction\":[{\"@type\":\"SearchAction\",\"target\":{\"@type\":\"EntryPoint\",\"urlTemplate\":\"https:\/\/serabella.ee\/?s={search_term_string}\"},\"query-input\":{\"@type\":\"PropertyValueSpecification\",\"valueRequired\":true,\"valueName\":\"search_term_string\"}}],\"inLanguage\":\"en-US\"}]}<\/script>\n<!-- \/ Yoast SEO plugin. -->","yoast_head_json":{"title":"Armonia Helix Active Firming Serum 30ml - Serabella","description":"cell regenerating and firming serum for daily facial care that firms and repairs in depth.\u00a0Helps slow the effects of aging, providing more elastic skin.","robots":{"index":"index","follow":"follow","max-snippet":"max-snippet:-1","max-image-preview":"max-image-preview:large","max-video-preview":"max-video-preview:-1"},"canonical":"https:\/\/serabella.ee\/en\/product\/armonia-helix-active-firminging-serum-30ml\/","og_locale":"en_US","og_type":"article","og_title":"Armonia Helix Active Firming Serum 30ml - Serabella","og_description":"cell regenerating and firming serum for daily facial care that firms and repairs in depth.\u00a0Helps slow the effects of aging, providing more elastic skin.","og_url":"https:\/\/serabella.ee\/en\/product\/armonia-helix-active-firminging-serum-30ml\/","og_site_name":"Serabella","article_modified_time":"2025-09-08T22:00:21+00:00","og_image":[{"width":1000,"height":1000,"url":"https:\/\/serabella.ee\/wp-content\/uploads\/2025\/02\/Armonia-Helix-Active-Firminging-Serum-30ml.png","type":"image\/png"}],"twitter_card":"summary_large_image","twitter_misc":{"Est. reading time":"5 minutes"},"schema":{"@context":"https:\/\/schema.org","@graph":[{"@type":"WebPage","@id":"https:\/\/serabella.ee\/en\/product\/armonia-helix-active-firminging-serum-30ml\/","url":"https:\/\/serabella.ee\/en\/product\/armonia-helix-active-firminging-serum-30ml\/","name":"Armonia Helix Active Firming Serum 30ml - Serabella","isPartOf":{"@id":"https:\/\/serabella.ee\/#website"},"primaryImageOfPage":{"@id":"https:\/\/serabella.ee\/en\/product\/armonia-helix-active-firminging-serum-30ml\/#primaryimage"},"image":{"@id":"https:\/\/serabella.ee\/en\/product\/armonia-helix-active-firminging-serum-30ml\/#primaryimage"},"thumbnailUrl":"https:\/\/serabella.ee\/wp-content\/uploads\/2025\/02\/Armonia-Helix-Active-Firminging-Serum-30ml.png","datePublished":"2025-02-14T12:39:56+00:00","dateModified":"2025-09-08T22:00:21+00:00","description":"cell regenerating and firming serum for daily facial care that firms and repairs in depth.\u00a0Helps slow the effects of aging, providing more elastic skin.","breadcrumb":{"@id":"https:\/\/serabella.ee\/en\/product\/armonia-helix-active-firminging-serum-30ml\/#breadcrumb"},"inLanguage":"en-US","potentialAction":[{"@type":"ReadAction","target":["https:\/\/serabella.ee\/en\/product\/armonia-helix-active-firminging-serum-30ml\/"]}]},{"@type":"ImageObject","inLanguage":"en-US","@id":"https:\/\/serabella.ee\/en\/product\/armonia-helix-active-firminging-serum-30ml\/#primaryimage","url":"https:\/\/serabella.ee\/wp-content\/uploads\/2025\/02\/Armonia-Helix-Active-Firminging-Serum-30ml.png","contentUrl":"https:\/\/serabella.ee\/wp-content\/uploads\/2025\/02\/Armonia-Helix-Active-Firminging-Serum-30ml.png","width":1000,"height":1000},{"@type":"BreadcrumbList","@id":"https:\/\/serabella.ee\/en\/product\/armonia-helix-active-firminging-serum-30ml\/#breadcrumb","itemListElement":[{"@type":"ListItem","position":1,"name":"Home","item":"https:\/\/serabella.ee\/"},{"@type":"ListItem","position":2,"name":"Shop","item":"https:\/\/serabella.ee\/poevaade\/"},{"@type":"ListItem","position":3,"name":"Armonia Helix Active Firming Serum 30ml"}]},{"@type":"WebSite","@id":"https:\/\/serabella.ee\/#website","url":"https:\/\/serabella.ee\/","name":"Serabella","description":"Ilu- ja kosmeetikatoodete e-pood\ud83d\udc9c","potentialAction":[{"@type":"SearchAction","target":{"@type":"EntryPoint","urlTemplate":"https:\/\/serabella.ee\/?s={search_term_string}"},"query-input":{"@type":"PropertyValueSpecification","valueRequired":true,"valueName":"search_term_string"}}],"inLanguage":"en-US"}]}},"_links":{"self":[{"href":"https:\/\/serabella.ee\/en\/wp-json\/wp\/v2\/product\/21828","targetHints":{"allow":["GET"]}}],"collection":[{"href":"https:\/\/serabella.ee\/en\/wp-json\/wp\/v2\/product"}],"about":[{"href":"https:\/\/serabella.ee\/en\/wp-json\/wp\/v2\/types\/product"}],"replies":[{"embeddable":true,"href":"https:\/\/serabella.ee\/en\/wp-json\/wp\/v2\/comments?post=21828"}],"wp:featuredmedia":[{"embeddable":true,"href":"https:\/\/serabella.ee\/en\/wp-json\/wp\/v2\/media\/21748"}],"wp:attachment":[{"href":"https:\/\/serabella.ee\/en\/wp-json\/wp\/v2\/media?parent=21828"}],"wp:term":[{"taxonomy":"product_brand","embeddable":true,"href":"https:\/\/serabella.ee\/en\/wp-json\/wp\/v2\/product_brand?post=21828"},{"taxonomy":"product_cat","embeddable":true,"href":"https:\/\/serabella.ee\/en\/wp-json\/wp\/v2\/product_cat?post=21828"},{"taxonomy":"product_tag","embeddable":true,"href":"https:\/\/serabella.ee\/en\/wp-json\/wp\/v2\/product_tag?post=21828"}],"curies":[{"name":"wp","href":"https:\/\/api.w.org\/{rel}","templated":true}]}}