{"id":21934,"date":"2024-09-03T16:07:44","date_gmt":"2024-09-03T14:07:44","guid":{"rendered":"https:\/\/serabella.ee\/?post_type=product&#038;p=21934"},"modified":"2026-04-12T09:59:18","modified_gmt":"2026-04-12T07:59:18","slug":"camaleon-metallic-gloss-cherry-huulelaige-9ml","status":"publish","type":"product","link":"https:\/\/serabella.ee\/en\/product\/camaleon-metallic-gloss-cherry-huulelaige-9ml\/","title":{"rendered":"Camaleon Metallic Gloss Cherry huulel\u00e4ige 9ml"},"content":{"rendered":"<div class=\"wpb-content-wrapper\"><p>[vc_row][vc_column]\n\t\t<div id=\"wd-66d7108eb13ae\" class=\"wd-tabs wd-wpb wd-rs-66d7108eb13ae tabs-design-simple \">\n\t\t\t<div class=\"wd-tabs-header text-center\">\n\t\t\t\t\n\t\t\t\t\n\t\t\t\t<div class=\"wd-nav-wrapper wd-nav-tabs-wrapper\">\n\t\t\t\t\t<ul class=\"wd-nav wd-nav-tabs wd-icon-pos-left wd-style-default font-primary wd-fontsize-s wd-font-weight-600\">\n\t\t\t\t\t\t\t\t\t\t\t\t\t\n\t\t\t\t\t\t\t<li>\n\t\t\t\t\t\t\t\t<a href=\"#\" class=\"wd-nav-link\">\n\t\t\t\t\t\t\t\t\t\t\t\t\t\t\t\t\t\t<span class=\"nav-link-text wd-tabs-title\">\n\t\t\t\t\t\t\t\t\t\tKirjeldus\t\t\t\t\t\t\t\t\t<\/span>\n\t\t\t\t\t\t\t\t<\/a>\n\t\t\t\t\t\t\t<\/li>\n\n\t\t\t\t\t\t\t\t\t\t\t\t\t\n\t\t\t\t\t\t\t<li>\n\t\t\t\t\t\t\t\t<a href=\"#\" class=\"wd-nav-link\">\n\t\t\t\t\t\t\t\t\t\t\t\t\t\t\t\t\t\t<span class=\"nav-link-text wd-tabs-title\">\n\t\t\t\t\t\t\t\t\t\tKoostisosad\t\t\t\t\t\t\t\t\t<\/span>\n\t\t\t\t\t\t\t\t<\/a>\n\t\t\t\t\t\t\t<\/li>\n\n\t\t\t\t\t\t\n\t\t\t\t\t<\/ul>\n\t\t\t\t<\/div>\n\t\t\t<\/div>\n\n\t\t\t<div class=\"wd-tab-content-wrapper\">\n\t\t\t\t\n\t\t<div class=\"wd-tab-content\">\n\t\t\t\t\t\t\t<strong>Maagilise s\u00e4raga huulel\u00e4ige annab huultele t\u00e4idlust ja 3D efekti, \u00fchtlasi ka niisutades, toites ja kortse tasandades.<\/strong> Lisaks\u00a0 t\u00e4iendavale vol\u00fc\u00fcmile ja p\u00fcsivusele pakuvad Camaleoni huulel\u00e4iked ka t\u00e4iendavat ravi ja hooldust, sest on rikastatud h\u00fcaluroonhappega. H\u00fcaluroonhape niisutab ja taastab\u00a0 huuli t\u00e4nu kortse t\u00e4itvale toimele, aidates kaasa, et huuled ei kaotaks aja jooksul oma loomulikku vol\u00fc\u00fcmi. Camaleoni huulel\u00e4iked on ka parabeenivabad, sobivad veganitele ja ts\u00f6liaakiahaigetele ning koosnevad looduslikest toimeainetest, nagu kibuvitsa\u00f5li v\u00f5i viinamarjaseemne\u00f5li, mis on tuntud oma suure taastava ja tervendava toime poolest, aitates teil hoida oma huuled ideaalses seisukorras.<\/p>\n<h5><span style=\"color: #a931e1;\"><strong>Aktiivkoostisosad<\/strong><\/span><\/h5>\n<p><strong>H\u00fcaluroonhape:<\/strong> niisutab ja annab t\u00e4idlust, t\u00e4idab kortse ja silub.<\/p>\n<p><strong>Kibuvitsamarja\u00f5li:<\/strong> tuntud taastava toime poolest, sisaldab rikkalikult A-, C- ja E-vitamiini ning looduslikke antioks\u00fcdante.<\/p>\n<p><strong>Viinamarjaseemne\u00f5li:<\/strong> see erakordne taime\u00f5li on suurep\u00e4rane liitlane naha vananemise vastu, on rikas E-vitamiini poolest, toimib antioks\u00fcdandina ning stimuleerib ka kollageeni ja elastiini tootmist. Kerge tekstuuriga, mitterasvane ja kergesti imenduv, tungib paremini nahka, aidates seda uueneda ja kaitsta.<\/p>\n<p><strong>E-vitamiin<\/strong>: v\u00f5imas antioks\u00fcdant, mis v\u00e4hendab naha vananemist.<\/p>\n<h5><span style=\"color: #a931e1;\"><strong>Kasutamine<\/strong><\/span><\/h5>\n<p>Kanna huultele \u00fche kihina. V\u00e4rvi intensiivistamiseks korda.<\/p>\n<p><span style=\"color: #333333;\">\u00a0\t\t\t\t\t<\/div>\n\n\t\t\n\t\t<div class=\"wd-tab-content\">\n\t\t\t\t\t\t\tPOLYBUTENE, PENTAERYTHRITYL TETRAISOSTEARATE, OCTYLDODECANOL, CALCIUM TITANIUM BOROSILICATE, SILICA DIMETHYL SILYLATE, SYNTHETIC WAX, CYCLOPENTASILOXANE, DIISOSTEARYL MALATE, VITIS VINIFERA SEED OIL, SODIUM HYALURONATE, ROSA MOSCHATA SEED OIL, GLYCINE SOJA OIL, SQUALENE, BETA-SITOSTEROL, TRIPEPTIDE-1, TOCOPHEROL, GLYCERYL CAPRYLATE, XANTHAN GUM, TRIMETHYLSILOXYSILICATE, ISOHEXADECANE, MICA, TIN OXIDE, DISTEARDIMONIUM HECTORITE, TOCOPHERYL ACETATE, PROPYLENE CARBONATE, ETHYLENE\/PROPYLENE\/STYRENE COPOLYMER, BUTYLENE\/ETHYLENE\/STYRENE COPOLYMER, PHENOXYETHANOL, PARFUM, LIMONENE, CITRAL, [+\/- CI 15850, CI 77491, CI 77891].\t\t\t\t\t<\/div>\n\n\t\t\t\t\t<\/div>\n\t\t<\/div>\n\n\t\t[\/vc_column][\/vc_row]<\/span><\/p>\n<\/div>","protected":false},"excerpt":{"rendered":"<p>P\u00e4rliefektiga niisutav ja toitev vol\u00fc\u00fcmi andev kirsipunane huulel\u00e4ige<\/p>\n","protected":false},"featured_media":8327,"comment_status":"open","ping_status":"closed","template":"","meta":{"inline_featured_image":false},"product_brand":[],"product_cat":[554,553,557,552],"product_tag":[726],"class_list":{"0":"post-21934","1":"product","2":"type-product","3":"status-publish","4":"has-post-thumbnail","6":"product_cat-lip-glosses","7":"product_cat-lips","8":"product_cat-lipsticks","9":"product_cat-make-up-en","10":"product_tag-alla-15e","11":"pa_brands-camaleon-en","12":"pa_paritoluriik-spain","13":"pa_varv-cherry-red","15":"first","16":"instock","17":"sale","18":"taxable","19":"shipping-taxable","20":"purchasable","21":"product-type-simple"},"yoast_head":"<!-- This site is optimized with the Yoast SEO plugin v25.1 - https:\/\/yoast.com\/wordpress\/plugins\/seo\/ -->\n<title>Camaleon Metallic Gloss Cherry huulel\u00e4ige 9ml - Serabella<\/title>\n<meta name=\"description\" content=\"Maagilise s\u00e4raga huulel\u00e4ige - annab huultele t\u00e4idlust ja 3D efekti, \u00fchtlasi ka niisutades, toites ja kortse tasandades. Hooldav, parabeenivaba, vegan.\" \/>\n<meta name=\"robots\" content=\"index, follow, max-snippet:-1, max-image-preview:large, max-video-preview:-1\" \/>\n<link rel=\"canonical\" href=\"https:\/\/serabella.ee\/en\/product\/camaleon-metallic-gloss-cherry-huulelaige-9ml\/\" \/>\n<meta property=\"og:locale\" content=\"en_US\" \/>\n<meta property=\"og:type\" content=\"article\" \/>\n<meta property=\"og:title\" content=\"Camaleon Metallic Gloss Cherry huulel\u00e4ige 9ml - Serabella\" \/>\n<meta property=\"og:description\" content=\"Maagilise s\u00e4raga huulel\u00e4ige - annab huultele t\u00e4idlust ja 3D efekti, \u00fchtlasi ka niisutades, toites ja kortse tasandades. Hooldav, parabeenivaba, vegan.\" \/>\n<meta property=\"og:url\" content=\"https:\/\/serabella.ee\/en\/product\/camaleon-metallic-gloss-cherry-huulelaige-9ml\/\" \/>\n<meta property=\"og:site_name\" content=\"Serabella\" \/>\n<meta property=\"article:modified_time\" content=\"2026-04-12T07:59:18+00:00\" \/>\n<meta property=\"og:image\" content=\"https:\/\/serabella.ee\/wp-content\/uploads\/2024\/09\/metallic-gloss-cherry.jpg\" \/>\n\t<meta property=\"og:image:width\" content=\"1000\" \/>\n\t<meta property=\"og:image:height\" content=\"1000\" \/>\n\t<meta property=\"og:image:type\" content=\"image\/jpeg\" \/>\n<meta name=\"twitter:card\" content=\"summary_large_image\" \/>\n<meta name=\"twitter:label1\" content=\"Est. reading time\" \/>\n\t<meta name=\"twitter:data1\" content=\"2 minutes\" \/>\n<script type=\"application\/ld+json\" class=\"yoast-schema-graph\">{\"@context\":\"https:\/\/schema.org\",\"@graph\":[{\"@type\":\"WebPage\",\"@id\":\"https:\/\/serabella.ee\/en\/product\/camaleon-metallic-gloss-cherry-huulelaige-9ml\/\",\"url\":\"https:\/\/serabella.ee\/en\/product\/camaleon-metallic-gloss-cherry-huulelaige-9ml\/\",\"name\":\"Camaleon Metallic Gloss Cherry huulel\u00e4ige 9ml - Serabella\",\"isPartOf\":{\"@id\":\"https:\/\/serabella.ee\/#website\"},\"primaryImageOfPage\":{\"@id\":\"https:\/\/serabella.ee\/en\/product\/camaleon-metallic-gloss-cherry-huulelaige-9ml\/#primaryimage\"},\"image\":{\"@id\":\"https:\/\/serabella.ee\/en\/product\/camaleon-metallic-gloss-cherry-huulelaige-9ml\/#primaryimage\"},\"thumbnailUrl\":\"https:\/\/serabella.ee\/wp-content\/uploads\/2024\/09\/metallic-gloss-cherry.jpg\",\"datePublished\":\"2024-09-03T14:07:44+00:00\",\"dateModified\":\"2026-04-12T07:59:18+00:00\",\"description\":\"Maagilise s\u00e4raga huulel\u00e4ige - annab huultele t\u00e4idlust ja 3D efekti, \u00fchtlasi ka niisutades, toites ja kortse tasandades. Hooldav, parabeenivaba, vegan.\",\"breadcrumb\":{\"@id\":\"https:\/\/serabella.ee\/en\/product\/camaleon-metallic-gloss-cherry-huulelaige-9ml\/#breadcrumb\"},\"inLanguage\":\"en-US\",\"potentialAction\":[{\"@type\":\"ReadAction\",\"target\":[\"https:\/\/serabella.ee\/en\/product\/camaleon-metallic-gloss-cherry-huulelaige-9ml\/\"]}]},{\"@type\":\"ImageObject\",\"inLanguage\":\"en-US\",\"@id\":\"https:\/\/serabella.ee\/en\/product\/camaleon-metallic-gloss-cherry-huulelaige-9ml\/#primaryimage\",\"url\":\"https:\/\/serabella.ee\/wp-content\/uploads\/2024\/09\/metallic-gloss-cherry.jpg\",\"contentUrl\":\"https:\/\/serabella.ee\/wp-content\/uploads\/2024\/09\/metallic-gloss-cherry.jpg\",\"width\":1000,\"height\":1000},{\"@type\":\"BreadcrumbList\",\"@id\":\"https:\/\/serabella.ee\/en\/product\/camaleon-metallic-gloss-cherry-huulelaige-9ml\/#breadcrumb\",\"itemListElement\":[{\"@type\":\"ListItem\",\"position\":1,\"name\":\"Home\",\"item\":\"https:\/\/serabella.ee\/\"},{\"@type\":\"ListItem\",\"position\":2,\"name\":\"Shop\",\"item\":\"https:\/\/serabella.ee\/poevaade\/\"},{\"@type\":\"ListItem\",\"position\":3,\"name\":\"Camaleon Metallic Gloss Cherry huulel\u00e4ige 9ml\"}]},{\"@type\":\"WebSite\",\"@id\":\"https:\/\/serabella.ee\/#website\",\"url\":\"https:\/\/serabella.ee\/\",\"name\":\"Serabella\",\"description\":\"Ilu- ja kosmeetikatoodete e-pood\ud83d\udc9c\",\"potentialAction\":[{\"@type\":\"SearchAction\",\"target\":{\"@type\":\"EntryPoint\",\"urlTemplate\":\"https:\/\/serabella.ee\/?s={search_term_string}\"},\"query-input\":{\"@type\":\"PropertyValueSpecification\",\"valueRequired\":true,\"valueName\":\"search_term_string\"}}],\"inLanguage\":\"en-US\"}]}<\/script>\n<!-- \/ Yoast SEO plugin. -->","yoast_head_json":{"title":"Camaleon Metallic Gloss Cherry huulel\u00e4ige 9ml - Serabella","description":"Maagilise s\u00e4raga huulel\u00e4ige - annab huultele t\u00e4idlust ja 3D efekti, \u00fchtlasi ka niisutades, toites ja kortse tasandades. Hooldav, parabeenivaba, vegan.","robots":{"index":"index","follow":"follow","max-snippet":"max-snippet:-1","max-image-preview":"max-image-preview:large","max-video-preview":"max-video-preview:-1"},"canonical":"https:\/\/serabella.ee\/en\/product\/camaleon-metallic-gloss-cherry-huulelaige-9ml\/","og_locale":"en_US","og_type":"article","og_title":"Camaleon Metallic Gloss Cherry huulel\u00e4ige 9ml - Serabella","og_description":"Maagilise s\u00e4raga huulel\u00e4ige - annab huultele t\u00e4idlust ja 3D efekti, \u00fchtlasi ka niisutades, toites ja kortse tasandades. Hooldav, parabeenivaba, vegan.","og_url":"https:\/\/serabella.ee\/en\/product\/camaleon-metallic-gloss-cherry-huulelaige-9ml\/","og_site_name":"Serabella","article_modified_time":"2026-04-12T07:59:18+00:00","og_image":[{"width":1000,"height":1000,"url":"https:\/\/serabella.ee\/wp-content\/uploads\/2024\/09\/metallic-gloss-cherry.jpg","type":"image\/jpeg"}],"twitter_card":"summary_large_image","twitter_misc":{"Est. reading time":"2 minutes"},"schema":{"@context":"https:\/\/schema.org","@graph":[{"@type":"WebPage","@id":"https:\/\/serabella.ee\/en\/product\/camaleon-metallic-gloss-cherry-huulelaige-9ml\/","url":"https:\/\/serabella.ee\/en\/product\/camaleon-metallic-gloss-cherry-huulelaige-9ml\/","name":"Camaleon Metallic Gloss Cherry huulel\u00e4ige 9ml - Serabella","isPartOf":{"@id":"https:\/\/serabella.ee\/#website"},"primaryImageOfPage":{"@id":"https:\/\/serabella.ee\/en\/product\/camaleon-metallic-gloss-cherry-huulelaige-9ml\/#primaryimage"},"image":{"@id":"https:\/\/serabella.ee\/en\/product\/camaleon-metallic-gloss-cherry-huulelaige-9ml\/#primaryimage"},"thumbnailUrl":"https:\/\/serabella.ee\/wp-content\/uploads\/2024\/09\/metallic-gloss-cherry.jpg","datePublished":"2024-09-03T14:07:44+00:00","dateModified":"2026-04-12T07:59:18+00:00","description":"Maagilise s\u00e4raga huulel\u00e4ige - annab huultele t\u00e4idlust ja 3D efekti, \u00fchtlasi ka niisutades, toites ja kortse tasandades. Hooldav, parabeenivaba, vegan.","breadcrumb":{"@id":"https:\/\/serabella.ee\/en\/product\/camaleon-metallic-gloss-cherry-huulelaige-9ml\/#breadcrumb"},"inLanguage":"en-US","potentialAction":[{"@type":"ReadAction","target":["https:\/\/serabella.ee\/en\/product\/camaleon-metallic-gloss-cherry-huulelaige-9ml\/"]}]},{"@type":"ImageObject","inLanguage":"en-US","@id":"https:\/\/serabella.ee\/en\/product\/camaleon-metallic-gloss-cherry-huulelaige-9ml\/#primaryimage","url":"https:\/\/serabella.ee\/wp-content\/uploads\/2024\/09\/metallic-gloss-cherry.jpg","contentUrl":"https:\/\/serabella.ee\/wp-content\/uploads\/2024\/09\/metallic-gloss-cherry.jpg","width":1000,"height":1000},{"@type":"BreadcrumbList","@id":"https:\/\/serabella.ee\/en\/product\/camaleon-metallic-gloss-cherry-huulelaige-9ml\/#breadcrumb","itemListElement":[{"@type":"ListItem","position":1,"name":"Home","item":"https:\/\/serabella.ee\/"},{"@type":"ListItem","position":2,"name":"Shop","item":"https:\/\/serabella.ee\/poevaade\/"},{"@type":"ListItem","position":3,"name":"Camaleon Metallic Gloss Cherry huulel\u00e4ige 9ml"}]},{"@type":"WebSite","@id":"https:\/\/serabella.ee\/#website","url":"https:\/\/serabella.ee\/","name":"Serabella","description":"Ilu- ja kosmeetikatoodete e-pood\ud83d\udc9c","potentialAction":[{"@type":"SearchAction","target":{"@type":"EntryPoint","urlTemplate":"https:\/\/serabella.ee\/?s={search_term_string}"},"query-input":{"@type":"PropertyValueSpecification","valueRequired":true,"valueName":"search_term_string"}}],"inLanguage":"en-US"}]}},"_links":{"self":[{"href":"https:\/\/serabella.ee\/en\/wp-json\/wp\/v2\/product\/21934","targetHints":{"allow":["GET"]}}],"collection":[{"href":"https:\/\/serabella.ee\/en\/wp-json\/wp\/v2\/product"}],"about":[{"href":"https:\/\/serabella.ee\/en\/wp-json\/wp\/v2\/types\/product"}],"replies":[{"embeddable":true,"href":"https:\/\/serabella.ee\/en\/wp-json\/wp\/v2\/comments?post=21934"}],"wp:featuredmedia":[{"embeddable":true,"href":"https:\/\/serabella.ee\/en\/wp-json\/wp\/v2\/media\/8327"}],"wp:attachment":[{"href":"https:\/\/serabella.ee\/en\/wp-json\/wp\/v2\/media?parent=21934"}],"wp:term":[{"taxonomy":"product_brand","embeddable":true,"href":"https:\/\/serabella.ee\/en\/wp-json\/wp\/v2\/product_brand?post=21934"},{"taxonomy":"product_cat","embeddable":true,"href":"https:\/\/serabella.ee\/en\/wp-json\/wp\/v2\/product_cat?post=21934"},{"taxonomy":"product_tag","embeddable":true,"href":"https:\/\/serabella.ee\/en\/wp-json\/wp\/v2\/product_tag?post=21934"}],"curies":[{"name":"wp","href":"https:\/\/api.w.org\/{rel}","templated":true}]}}