{"id":21945,"date":"2024-09-03T16:07:44","date_gmt":"2024-09-03T14:07:44","guid":{"rendered":"https:\/\/serabella.ee\/?post_type=product&#038;p=21945"},"modified":"2025-11-13T00:00:31","modified_gmt":"2025-11-12T22:00:31","slug":"camaleon-highlighter-palette-3x25g","status":"publish","type":"product","link":"https:\/\/serabella.ee\/en\/product\/camaleon-highlighter-palette-3x25g\/","title":{"rendered":"Camaleon Highlighter Palette 3&#215;2,5g"},"content":{"rendered":"<div class=\"wpb-content-wrapper\"><p>[vc_row][vc_column]\n\t\t<div id=\"wd-66d7108eb13ae\" class=\"wd-tabs wd-wpb wd-rs-66d7108eb13ae tabs-design-simple \">\n\t\t\t<div class=\"wd-tabs-header text-center\">\n\t\t\t\t\n\t\t\t\t\n\t\t\t\t<div class=\"wd-nav-wrapper wd-nav-tabs-wrapper\">\n\t\t\t\t\t<ul class=\"wd-nav wd-nav-tabs wd-icon-pos-left wd-style-default font-primary wd-fontsize-s wd-font-weight-600\">\n\t\t\t\t\t\t\t\t\t\t\t\t\t\n\t\t\t\t\t\t\t<li>\n\t\t\t\t\t\t\t\t<a href=\"#\" class=\"wd-nav-link\">\n\t\t\t\t\t\t\t\t\t\t\t\t\t\t\t\t\t\t<span class=\"nav-link-text wd-tabs-title\">\n\t\t\t\t\t\t\t\t\t\tDescription\t\t\t\t\t\t\t\t\t<\/span>\n\t\t\t\t\t\t\t\t<\/a>\n\t\t\t\t\t\t\t<\/li>\n\n\t\t\t\t\t\t\t\t\t\t\t\t\t\n\t\t\t\t\t\t\t<li>\n\t\t\t\t\t\t\t\t<a href=\"#\" class=\"wd-nav-link\">\n\t\t\t\t\t\t\t\t\t\t\t\t\t\t\t\t\t\t<span class=\"nav-link-text wd-tabs-title\">\n\t\t\t\t\t\t\t\t\t\tIngredients\t\t\t\t\t\t\t\t\t<\/span>\n\t\t\t\t\t\t\t\t<\/a>\n\t\t\t\t\t\t\t<\/li>\n\n\t\t\t\t\t\t\n\t\t\t\t\t<\/ul>\n\t\t\t\t<\/div>\n\t\t\t<\/div>\n\n\t\t\t<div class=\"wd-tab-content-wrapper\">\n\t\t\t\t\n\t\t<div class=\"wd-tab-content\">\n\t\t\t\t\t\t\t<strong>Get a radiant look with or without make-up, thanks to this 100% natural highlighters in a pearly shade.<\/strong><\/p>\n<p>It\u2019s a very versatile multi-use product, as it can be used with or without make-up, applying just the one colour or combining them all in your make-up routine to achieve different looks.<\/p>\n<p>As well as a highlighter, it can also be used as a blusher, eye shadow or on your lips to give them a luminous, iridescent touch; what more could you ask for!<\/p>\n<p>This product contains light-reflecting particles, making the skin look noticeably more radiant and full of life, and helps to highlight the light points of your face for perfect make-up.<\/p>\n<div class=\"elementor-element elementor-element-1c2c28c5 elementor-widget elementor-widget-text-editor\" data-id=\"1c2c28c5\" data-element_type=\"widget\" data-widget_type=\"text-editor.default\">\n<div class=\"elementor-widget-container\">\n<div class=\"elementor-text-editor elementor-clearfix\">\n<p>Use it during the day by applying one stroke for a luminous, natural finish, and at night, if you want to shine, apply an extra stroke to achieve a radiant, glowing look.<\/p>\n<p><strong>WITHOUT MAKE-<\/strong><b>UP:<\/b>\u00a0Applied without make-up, it achieves a natural effect, adding extra light to key parts of the face. Perfect for concealing a lack of sleep or tiredness.<\/p>\n<p><strong>WITH MAKE-<\/strong><b>UP:\u00a0<\/b>The final step in your make-up routine. Complete your make-up by highlighting the areas where light naturally falls.<\/p>\n<p><strong>MULTI-U<\/strong><b>SE:<\/b>\u00a0The three available shades can be adapted to different skin tones. Use the complete palette to combine them and obtain results with different shades.<\/p>\n<\/div>\n<\/div>\n<\/div>\n<h5><span style=\"color: #a931e1;\"><strong>Active substances<\/strong><\/span><\/h5>\n<p><span data-sheets-root=\"1\"><strong>Chia oil<\/strong>: rich in a high quantity of vitamins, minerals and antioxidant agents. Restores the skin barrier and has an anti-inflammatory effect which soothes itching, calms irritation and redness, and provides exceptional hydration.<br \/>\n<strong>Marula oil<\/strong>: has high skin penetration and a high concentration of Omega 3,6 and 9. It\u2019s characterised by its high antioxidant capacity, improving skin hydration and softness, and reducing redness and irritation.<br \/>\n<strong>Vitamin E<\/strong>: improves skin softness and restores the skin barrier.<br \/>\n<strong>Soya oil<\/strong>: powerful antioxidant which increases and maintains skin moisture levels and strengthens the protective barrier, preventing excessive dryness. Stimulates collagen.<\/span><\/p>\n<h5><span style=\"color: #a931e1;\"><strong>How to use<\/strong><\/span><\/h5>\n<p>Using your fingertips or a brush, apply directly to the desired area of the face or as a final step in your make-up routine. You can increase the intensity of the shade by repeating this step.<br \/>\nWhere do I apply it?<br \/>\n<strong>Brow bone<\/strong>: achieves a wide-eyed look.<br \/>\n<strong>Eyelid<\/strong>: adds colour to your eyes. You can achieve a softer or stronger colour by repeating applications.<br \/>\n<strong>Inner corner of the eye<\/strong>: highlights your eyes, creating a light point.<br \/>\n<strong>Highest part of the cheekbones<\/strong>: highlights your cheeks and slims your face.<br \/>\n<strong>Along the septum to the tip of the nose<\/strong>: contours and achieves a perfect nose.<br \/>\n<strong>Cupid\u2019s bow<\/strong>: visually enhances your lips.<br \/>\n<strong>Centre of the chin<\/strong>: refines your face.<\/p>\n<p>\t\t\t\t\t<\/div>\n\n\t\t\n\t\t<div class=\"wd-tab-content\">\n\t\t\t\t\t\t\tValge: MICA, TRIPELARGONIN (SEMILLA DEL CARDO), COCO-CAPRYLATE\/CAPRATE, OLEIC\/LINOLEIC\/LINOLENIC POLYGLYCERIDES, EUPHORBIA CERIFERA (CANDELILLA) WAX, COPERNICIA CERIFERA (CARNAUBA) WAX, SILICA, ORYZA SATIVA BRAN (ARROZ) WAX, SCLEROCARYA BIRREA (MARULA) SEED OIL, SALVIA HISPANICA (CH\u00cdA) SEED OIL, GLYCINE SOJA OIL, HYDROGENATED CASTOR (RICINO) OIL, HELIANTHUS ANNUUS (GIRASOL) SEED WAX, RHUS SUCCEDANEA (\u00c1RBOL DE CERA JAPON\u00c9S) FRUIT WAX, TOCOPHEROL, BETA-SITOSTEROL, SQUALENE, [+\/- CI 77491, CI 77891]. Roosa:MICA, TRIPELARGONIN (SEMILLA DEL CARDO), COCO-CAPRYLATE\/CAPRATE, OLEIC\/LINOLEIC\/LINOLENIC POLYGLYCERIDES, EUPHORBIA CERIFERA (CANDELILLA) WAX, COPERNICIA CERIFERA (CARNAUBA) WAX, SILICA, ORYZA SATIVA BRAN (ARROZ) WAX, SCLEROCARYA BIRREA (MARULA) SEED OIL, SALVIA HISPANICA (CH\u00cdA) SEED OIL, GLYCINE SOJA OIL, HYDROGENATED CASTOR (RICINO) OIL, HELIANTHUS ANNUUS (GIRASOL) SEED WAX, RHUS SUCCEDANEA (\u00c1RBOL DE CERA JAPON\u00c9S) FRUIT WAX, TOCOPHEROL, BETA-SITOSTEROL, SQUALENE, [+\/- CI 77491, CI 77891]. Pronks:RIPELARGONIN (SEMILLA DEL CARDO), MICA, COCO-CAPRYLATE\/CAPRATE, OLEIC\/LINOLEIC\/LINOLENIC POLYGLYCERIDES, EUPHORBIA CERIFERA (CANDELILLAS) WAX, COPERNICIA CERIFERA (CARNAUBA) WAX, SILICA, ORYZA SATIVA BRAN (ARROZ) WAX, SCLEROCARYA BIRREA (MARULA) SEED OIL, SALVIA HISPANICA (CH\u00cdA) SEED OIL, GLYCINE SOJA OIL, HYDROGENATED CASTOR (RICINO) OIL, HELIANTHUS ANNUUS (GIRASOL) SEED CERA, RHUS SUCCEDANEA (\u00c1RBOL DE LA CERA JAPON\u00c9S) FRUIT WAX, TOCOPHEROL, BETA-SITOSTEROL, SQUALENE, [+\/- CI 77491, CI 77499, CI 77891].\t\t\t\t\t<\/div>\n\n\t\t\t\t\t<\/div>\n\t\t<\/div>\n\n\t\t[\/vc_column][\/vc_row]<\/p>\n<\/div>","protected":false},"excerpt":{"rendered":"<p><span data-sheets-root=\"1\">Highlight and illuminate your skin in a natural way. <strong>100% natural highlighters in a pearly shade.<\/strong><\/span><\/p>\n","protected":false},"featured_media":7632,"comment_status":"open","ping_status":"closed","template":"","meta":{"inline_featured_image":false},"product_brand":[],"product_cat":[559,560,552],"product_tag":[726,724],"class_list":{"0":"post-21945","1":"product","2":"type-product","3":"status-publish","4":"has-post-thumbnail","6":"product_cat-face","7":"product_cat-highlighters","8":"product_cat-make-up-en","9":"product_tag-alla-15e","10":"product_tag-armonia-ja-camaloen-en","11":"pa_brands-camaleon-en","12":"pa_paritoluriik-spain","14":"first","15":"instock","16":"sale","17":"taxable","18":"shipping-taxable","19":"purchasable","20":"product-type-simple"},"yoast_head":"<!-- This site is optimized with the Yoast SEO plugin v25.1 - https:\/\/yoast.com\/wordpress\/plugins\/seo\/ -->\n<title>Camaleon Highlighter Palette 3x2,5g - Serabella<\/title>\n<meta name=\"description\" content=\"100% natural highlighters in a pearly shade. Set of 3. It can also be used as a blusher, eye shadow or on your lips to give them a luminou touch.\" \/>\n<meta name=\"robots\" content=\"index, follow, max-snippet:-1, max-image-preview:large, max-video-preview:-1\" \/>\n<link rel=\"canonical\" href=\"https:\/\/serabella.ee\/en\/product\/camaleon-highlighter-palette-3x25g\/\" \/>\n<meta property=\"og:locale\" content=\"en_US\" \/>\n<meta property=\"og:type\" content=\"article\" \/>\n<meta property=\"og:title\" content=\"Camaleon Highlighter Palette 3x2,5g - Serabella\" \/>\n<meta property=\"og:description\" content=\"100% natural highlighters in a pearly shade. Set of 3. It can also be used as a blusher, eye shadow or on your lips to give them a luminou touch.\" \/>\n<meta property=\"og:url\" content=\"https:\/\/serabella.ee\/en\/product\/camaleon-highlighter-palette-3x25g\/\" \/>\n<meta property=\"og:site_name\" content=\"Serabella\" \/>\n<meta property=\"article:modified_time\" content=\"2025-11-12T22:00:31+00:00\" \/>\n<meta property=\"og:image\" content=\"https:\/\/serabella.ee\/wp-content\/uploads\/2024\/08\/highlighter-palette.jpg\" \/>\n\t<meta property=\"og:image:width\" content=\"1000\" \/>\n\t<meta property=\"og:image:height\" content=\"1000\" \/>\n\t<meta property=\"og:image:type\" content=\"image\/jpeg\" \/>\n<meta name=\"twitter:card\" content=\"summary_large_image\" \/>\n<meta name=\"twitter:label1\" content=\"Est. reading time\" \/>\n\t<meta name=\"twitter:data1\" content=\"4 minutes\" \/>\n<script type=\"application\/ld+json\" class=\"yoast-schema-graph\">{\"@context\":\"https:\/\/schema.org\",\"@graph\":[{\"@type\":\"WebPage\",\"@id\":\"https:\/\/serabella.ee\/en\/product\/camaleon-highlighter-palette-3x25g\/\",\"url\":\"https:\/\/serabella.ee\/en\/product\/camaleon-highlighter-palette-3x25g\/\",\"name\":\"Camaleon Highlighter Palette 3x2,5g - Serabella\",\"isPartOf\":{\"@id\":\"https:\/\/serabella.ee\/#website\"},\"primaryImageOfPage\":{\"@id\":\"https:\/\/serabella.ee\/en\/product\/camaleon-highlighter-palette-3x25g\/#primaryimage\"},\"image\":{\"@id\":\"https:\/\/serabella.ee\/en\/product\/camaleon-highlighter-palette-3x25g\/#primaryimage\"},\"thumbnailUrl\":\"https:\/\/serabella.ee\/wp-content\/uploads\/2024\/08\/highlighter-palette.jpg\",\"datePublished\":\"2024-09-03T14:07:44+00:00\",\"dateModified\":\"2025-11-12T22:00:31+00:00\",\"description\":\"100% natural highlighters in a pearly shade. Set of 3. It can also be used as a blusher, eye shadow or on your lips to give them a luminou touch.\",\"breadcrumb\":{\"@id\":\"https:\/\/serabella.ee\/en\/product\/camaleon-highlighter-palette-3x25g\/#breadcrumb\"},\"inLanguage\":\"en-US\",\"potentialAction\":[{\"@type\":\"ReadAction\",\"target\":[\"https:\/\/serabella.ee\/en\/product\/camaleon-highlighter-palette-3x25g\/\"]}]},{\"@type\":\"ImageObject\",\"inLanguage\":\"en-US\",\"@id\":\"https:\/\/serabella.ee\/en\/product\/camaleon-highlighter-palette-3x25g\/#primaryimage\",\"url\":\"https:\/\/serabella.ee\/wp-content\/uploads\/2024\/08\/highlighter-palette.jpg\",\"contentUrl\":\"https:\/\/serabella.ee\/wp-content\/uploads\/2024\/08\/highlighter-palette.jpg\",\"width\":1000,\"height\":1000,\"caption\":\"s\u00e4rapuuder highlighter\"},{\"@type\":\"BreadcrumbList\",\"@id\":\"https:\/\/serabella.ee\/en\/product\/camaleon-highlighter-palette-3x25g\/#breadcrumb\",\"itemListElement\":[{\"@type\":\"ListItem\",\"position\":1,\"name\":\"Home\",\"item\":\"https:\/\/serabella.ee\/\"},{\"@type\":\"ListItem\",\"position\":2,\"name\":\"Shop\",\"item\":\"https:\/\/serabella.ee\/poevaade\/\"},{\"@type\":\"ListItem\",\"position\":3,\"name\":\"Camaleon Highlighter Palette 3&#215;2,5g\"}]},{\"@type\":\"WebSite\",\"@id\":\"https:\/\/serabella.ee\/#website\",\"url\":\"https:\/\/serabella.ee\/\",\"name\":\"Serabella\",\"description\":\"Ilu- ja kosmeetikatoodete e-pood\ud83d\udc9c\",\"potentialAction\":[{\"@type\":\"SearchAction\",\"target\":{\"@type\":\"EntryPoint\",\"urlTemplate\":\"https:\/\/serabella.ee\/?s={search_term_string}\"},\"query-input\":{\"@type\":\"PropertyValueSpecification\",\"valueRequired\":true,\"valueName\":\"search_term_string\"}}],\"inLanguage\":\"en-US\"}]}<\/script>\n<!-- \/ Yoast SEO plugin. -->","yoast_head_json":{"title":"Camaleon Highlighter Palette 3x2,5g - Serabella","description":"100% natural highlighters in a pearly shade. Set of 3. It can also be used as a blusher, eye shadow or on your lips to give them a luminou touch.","robots":{"index":"index","follow":"follow","max-snippet":"max-snippet:-1","max-image-preview":"max-image-preview:large","max-video-preview":"max-video-preview:-1"},"canonical":"https:\/\/serabella.ee\/en\/product\/camaleon-highlighter-palette-3x25g\/","og_locale":"en_US","og_type":"article","og_title":"Camaleon Highlighter Palette 3x2,5g - Serabella","og_description":"100% natural highlighters in a pearly shade. Set of 3. It can also be used as a blusher, eye shadow or on your lips to give them a luminou touch.","og_url":"https:\/\/serabella.ee\/en\/product\/camaleon-highlighter-palette-3x25g\/","og_site_name":"Serabella","article_modified_time":"2025-11-12T22:00:31+00:00","og_image":[{"width":1000,"height":1000,"url":"https:\/\/serabella.ee\/wp-content\/uploads\/2024\/08\/highlighter-palette.jpg","type":"image\/jpeg"}],"twitter_card":"summary_large_image","twitter_misc":{"Est. reading time":"4 minutes"},"schema":{"@context":"https:\/\/schema.org","@graph":[{"@type":"WebPage","@id":"https:\/\/serabella.ee\/en\/product\/camaleon-highlighter-palette-3x25g\/","url":"https:\/\/serabella.ee\/en\/product\/camaleon-highlighter-palette-3x25g\/","name":"Camaleon Highlighter Palette 3x2,5g - Serabella","isPartOf":{"@id":"https:\/\/serabella.ee\/#website"},"primaryImageOfPage":{"@id":"https:\/\/serabella.ee\/en\/product\/camaleon-highlighter-palette-3x25g\/#primaryimage"},"image":{"@id":"https:\/\/serabella.ee\/en\/product\/camaleon-highlighter-palette-3x25g\/#primaryimage"},"thumbnailUrl":"https:\/\/serabella.ee\/wp-content\/uploads\/2024\/08\/highlighter-palette.jpg","datePublished":"2024-09-03T14:07:44+00:00","dateModified":"2025-11-12T22:00:31+00:00","description":"100% natural highlighters in a pearly shade. Set of 3. It can also be used as a blusher, eye shadow or on your lips to give them a luminou touch.","breadcrumb":{"@id":"https:\/\/serabella.ee\/en\/product\/camaleon-highlighter-palette-3x25g\/#breadcrumb"},"inLanguage":"en-US","potentialAction":[{"@type":"ReadAction","target":["https:\/\/serabella.ee\/en\/product\/camaleon-highlighter-palette-3x25g\/"]}]},{"@type":"ImageObject","inLanguage":"en-US","@id":"https:\/\/serabella.ee\/en\/product\/camaleon-highlighter-palette-3x25g\/#primaryimage","url":"https:\/\/serabella.ee\/wp-content\/uploads\/2024\/08\/highlighter-palette.jpg","contentUrl":"https:\/\/serabella.ee\/wp-content\/uploads\/2024\/08\/highlighter-palette.jpg","width":1000,"height":1000,"caption":"s\u00e4rapuuder highlighter"},{"@type":"BreadcrumbList","@id":"https:\/\/serabella.ee\/en\/product\/camaleon-highlighter-palette-3x25g\/#breadcrumb","itemListElement":[{"@type":"ListItem","position":1,"name":"Home","item":"https:\/\/serabella.ee\/"},{"@type":"ListItem","position":2,"name":"Shop","item":"https:\/\/serabella.ee\/poevaade\/"},{"@type":"ListItem","position":3,"name":"Camaleon Highlighter Palette 3&#215;2,5g"}]},{"@type":"WebSite","@id":"https:\/\/serabella.ee\/#website","url":"https:\/\/serabella.ee\/","name":"Serabella","description":"Ilu- ja kosmeetikatoodete e-pood\ud83d\udc9c","potentialAction":[{"@type":"SearchAction","target":{"@type":"EntryPoint","urlTemplate":"https:\/\/serabella.ee\/?s={search_term_string}"},"query-input":{"@type":"PropertyValueSpecification","valueRequired":true,"valueName":"search_term_string"}}],"inLanguage":"en-US"}]}},"_links":{"self":[{"href":"https:\/\/serabella.ee\/en\/wp-json\/wp\/v2\/product\/21945","targetHints":{"allow":["GET"]}}],"collection":[{"href":"https:\/\/serabella.ee\/en\/wp-json\/wp\/v2\/product"}],"about":[{"href":"https:\/\/serabella.ee\/en\/wp-json\/wp\/v2\/types\/product"}],"replies":[{"embeddable":true,"href":"https:\/\/serabella.ee\/en\/wp-json\/wp\/v2\/comments?post=21945"}],"wp:featuredmedia":[{"embeddable":true,"href":"https:\/\/serabella.ee\/en\/wp-json\/wp\/v2\/media\/7632"}],"wp:attachment":[{"href":"https:\/\/serabella.ee\/en\/wp-json\/wp\/v2\/media?parent=21945"}],"wp:term":[{"taxonomy":"product_brand","embeddable":true,"href":"https:\/\/serabella.ee\/en\/wp-json\/wp\/v2\/product_brand?post=21945"},{"taxonomy":"product_cat","embeddable":true,"href":"https:\/\/serabella.ee\/en\/wp-json\/wp\/v2\/product_cat?post=21945"},{"taxonomy":"product_tag","embeddable":true,"href":"https:\/\/serabella.ee\/en\/wp-json\/wp\/v2\/product_tag?post=21945"}],"curies":[{"name":"wp","href":"https:\/\/api.w.org\/{rel}","templated":true}]}}