{"id":21955,"date":"2024-09-03T16:07:44","date_gmt":"2024-09-03T14:07:44","guid":{"rendered":"https:\/\/serabella.ee\/?post_type=product&#038;p=21955"},"modified":"2025-11-13T00:00:30","modified_gmt":"2025-11-12T22:00:30","slug":"camaleon-pink-highlighter-25g","status":"publish","type":"product","link":"https:\/\/serabella.ee\/en\/product\/camaleon-pink-highlighter-25g\/","title":{"rendered":"Camaleon Pink Highlighter 2,5g"},"content":{"rendered":"<div class=\"wpb-content-wrapper\"><p>[vc_row][vc_column]\n\t\t<div id=\"wd-66d7108eb13ae\" class=\"wd-tabs wd-wpb wd-rs-66d7108eb13ae tabs-design-simple \">\n\t\t\t<div class=\"wd-tabs-header text-center\">\n\t\t\t\t\n\t\t\t\t\n\t\t\t\t<div class=\"wd-nav-wrapper wd-nav-tabs-wrapper\">\n\t\t\t\t\t<ul class=\"wd-nav wd-nav-tabs wd-icon-pos-left wd-style-default font-primary wd-fontsize-s wd-font-weight-600\">\n\t\t\t\t\t\t\t\t\t\t\t\t\t\n\t\t\t\t\t\t\t<li>\n\t\t\t\t\t\t\t\t<a href=\"#\" class=\"wd-nav-link\">\n\t\t\t\t\t\t\t\t\t\t\t\t\t\t\t\t\t\t<span class=\"nav-link-text wd-tabs-title\">\n\t\t\t\t\t\t\t\t\t\tDescription\t\t\t\t\t\t\t\t\t<\/span>\n\t\t\t\t\t\t\t\t<\/a>\n\t\t\t\t\t\t\t<\/li>\n\n\t\t\t\t\t\t\t\t\t\t\t\t\t\n\t\t\t\t\t\t\t<li>\n\t\t\t\t\t\t\t\t<a href=\"#\" class=\"wd-nav-link\">\n\t\t\t\t\t\t\t\t\t\t\t\t\t\t\t\t\t\t<span class=\"nav-link-text wd-tabs-title\">\n\t\t\t\t\t\t\t\t\t\tIngredients\t\t\t\t\t\t\t\t\t<\/span>\n\t\t\t\t\t\t\t\t<\/a>\n\t\t\t\t\t\t\t<\/li>\n\n\t\t\t\t\t\t\n\t\t\t\t\t<\/ul>\n\t\t\t\t<\/div>\n\t\t\t<\/div>\n\n\t\t\t<div class=\"wd-tab-content-wrapper\">\n\t\t\t\t\n\t\t<div class=\"wd-tab-content\">\n\t\t\t\t\t\t\t<span data-sheets-root=\"1\"><strong>Highlight and illuminate your skin -get a radiant look with or without make-up<\/strong>, thanks to this 100% natural highlighter in a pearly pink shade. <\/span><span data-sheets-root=\"1\">Its formula with 100% natural ingredients adapts to any skin type or tone, achieving a radiant finish while caring for, restoring and hydrating your skin.<\/span><\/p>\n<h5><span style=\"color: #a931e1;\"><strong>Active substances<\/strong><\/span><\/h5>\n<p><span data-sheets-root=\"1\">Chia oil: rich in a high quantity of vitamins, minerals and antioxidant agents. Restores the skin barrier and has an anti-inflammatory effect which soothes itching, calms irritation and redness, and provides exceptional hydration.<br \/>\nMarula oil: has high skin penetration and a high concentration of Omega 3,6 and 9. It\u2019s characterised by its high antioxidant capacity, improving skin hydration and softness, and reducing redness and irritation.<br \/>\nVitamin E: improves skin softness and restores the skin barrier.<br \/>\nSoya oil: powerful antioxidant which increases and maintains skin moisture levels and strengthens the protective barrier, preventing excessive dryness. Stimulates collagen.<\/span><\/p>\n<h5><span style=\"color: #a931e1;\"><strong>How to use<\/strong><\/span><\/h5>\n<p>Using your fingertips or a brush, apply directly to the desired area of the face or as a final step in your make-up routine. You can increase the intensity of the shade by repeating this step.<br \/>\nWhere do I apply it?<br \/>\n<strong>Brow bone<\/strong>: achieves a wide-eyed look.<br \/>\n<strong>Eyelid<\/strong>: adds colour to your eyes. You can achieve a softer or stronger colour by repeating applications.<br \/>\n<strong>Inner corner of the eye<\/strong>: highlights your eyes, creating a light point.<br \/>\n<strong>Highest part of the cheekbones<\/strong>: highlights your cheeks and slims your face.<br \/>\n<strong>Along the septum to the tip of the nose<\/strong>: contours and achieves a perfect nose.<br \/>\n<strong>Cupid\u2019s bow<\/strong>: visually enhances your lips.<br \/>\n<strong>Centre of the chin<\/strong>: refines your face.<\/p>\n<p>. \t\t\t\t\t<\/div>\n\n\t\t\n\t\t<div class=\"wd-tab-content\">\n\t\t\t\t\t\t\tMICA, TRIPELARGONIN (SEMILLA DE CARDO), COCO-CAPRYLATE\/CAPRATE, OLEIC\/LINOLEIC\/LINOLENIC POLYGLYCERIDES, EUPHORBIA CERIFERA (CANDELILLA) WAX, COPERNICIA CERIFERA (CARNAUBA) WAX, SILICA, ORYZA SATIVA BRAN (ARROZ) WAX, SCLEROCARYA BIRREA (MARULA) SEED OIL, SALVIA HISPANICA (CH\u00cdA) SEED OIL, GLYCINE SOJA OIL, HYDROGENATED CASTOR (RICINO) OIL, HELIANTHUS ANNUUS (GIRASOL) SEED WAX, RHUS SUCCEDANEA (\u00c1RBOL DE LA CERA JAPON\u00c9S) FRUIT WAX, TOCOPHEROL, BETA-SITOSTEROL, SQUALENE, [+\/- CI 77491, CI 77891].\t\t\t\t\t<\/div>\n\n\t\t\t\t\t<\/div>\n\t\t<\/div>\n\n\t\t[\/vc_column][\/vc_row]<\/p>\n<\/div>","protected":false},"excerpt":{"rendered":"<p><span data-sheets-root=\"1\">Highlight and illuminate your skin -get a radiant look with or without make-up, thanks to this 100% natural highlighter in a pearly pink shade.<\/span><\/p>\n","protected":false},"featured_media":8379,"comment_status":"open","ping_status":"closed","template":"","meta":{"inline_featured_image":false},"product_brand":[],"product_cat":[559,560,552],"product_tag":[726],"class_list":{"0":"post-21955","1":"product","2":"type-product","3":"status-publish","4":"has-post-thumbnail","6":"product_cat-face","7":"product_cat-highlighters","8":"product_cat-make-up-en","9":"product_tag-alla-15e","10":"pa_brands-camaleon-en","11":"pa_paritoluriik-spain","12":"pa_varv-parlroosa-en","14":"first","15":"instock","16":"sale","17":"taxable","18":"shipping-taxable","19":"purchasable","20":"product-type-simple"},"yoast_head":"<!-- This site is optimized with the Yoast SEO plugin v25.1 - https:\/\/yoast.com\/wordpress\/plugins\/seo\/ -->\n<title>Camaleon Pink Highlighter 2,5g - Serabella<\/title>\n<meta name=\"description\" content=\"Pink highlighter -100% natural highlighter in a pearly pink shade. Highlight and illuminate your skin -get a radiant look with or without make-up.\" \/>\n<meta name=\"robots\" content=\"index, follow, max-snippet:-1, max-image-preview:large, max-video-preview:-1\" \/>\n<link rel=\"canonical\" href=\"https:\/\/serabella.ee\/en\/product\/camaleon-pink-highlighter-25g\/\" \/>\n<meta property=\"og:locale\" content=\"en_US\" \/>\n<meta property=\"og:type\" content=\"article\" \/>\n<meta property=\"og:title\" content=\"Camaleon Pink Highlighter 2,5g - Serabella\" \/>\n<meta property=\"og:description\" content=\"Pink highlighter -100% natural highlighter in a pearly pink shade. Highlight and illuminate your skin -get a radiant look with or without make-up.\" \/>\n<meta property=\"og:url\" content=\"https:\/\/serabella.ee\/en\/product\/camaleon-pink-highlighter-25g\/\" \/>\n<meta property=\"og:site_name\" content=\"Serabella\" \/>\n<meta property=\"article:modified_time\" content=\"2025-11-12T22:00:30+00:00\" \/>\n<meta property=\"og:image\" content=\"https:\/\/serabella.ee\/wp-content\/uploads\/2024\/09\/pink-highlighter.jpg\" \/>\n\t<meta property=\"og:image:width\" content=\"1000\" \/>\n\t<meta property=\"og:image:height\" content=\"1000\" \/>\n\t<meta property=\"og:image:type\" content=\"image\/jpeg\" \/>\n<meta name=\"twitter:card\" content=\"summary_large_image\" \/>\n<meta name=\"twitter:label1\" content=\"Est. reading time\" \/>\n\t<meta name=\"twitter:data1\" content=\"3 minutes\" \/>\n<script type=\"application\/ld+json\" class=\"yoast-schema-graph\">{\"@context\":\"https:\/\/schema.org\",\"@graph\":[{\"@type\":\"WebPage\",\"@id\":\"https:\/\/serabella.ee\/en\/product\/camaleon-pink-highlighter-25g\/\",\"url\":\"https:\/\/serabella.ee\/en\/product\/camaleon-pink-highlighter-25g\/\",\"name\":\"Camaleon Pink Highlighter 2,5g - Serabella\",\"isPartOf\":{\"@id\":\"https:\/\/serabella.ee\/#website\"},\"primaryImageOfPage\":{\"@id\":\"https:\/\/serabella.ee\/en\/product\/camaleon-pink-highlighter-25g\/#primaryimage\"},\"image\":{\"@id\":\"https:\/\/serabella.ee\/en\/product\/camaleon-pink-highlighter-25g\/#primaryimage\"},\"thumbnailUrl\":\"https:\/\/serabella.ee\/wp-content\/uploads\/2024\/09\/pink-highlighter.jpg\",\"datePublished\":\"2024-09-03T14:07:44+00:00\",\"dateModified\":\"2025-11-12T22:00:30+00:00\",\"description\":\"Pink highlighter -100% natural highlighter in a pearly pink shade. Highlight and illuminate your skin -get a radiant look with or without make-up.\",\"breadcrumb\":{\"@id\":\"https:\/\/serabella.ee\/en\/product\/camaleon-pink-highlighter-25g\/#breadcrumb\"},\"inLanguage\":\"en-US\",\"potentialAction\":[{\"@type\":\"ReadAction\",\"target\":[\"https:\/\/serabella.ee\/en\/product\/camaleon-pink-highlighter-25g\/\"]}]},{\"@type\":\"ImageObject\",\"inLanguage\":\"en-US\",\"@id\":\"https:\/\/serabella.ee\/en\/product\/camaleon-pink-highlighter-25g\/#primaryimage\",\"url\":\"https:\/\/serabella.ee\/wp-content\/uploads\/2024\/09\/pink-highlighter.jpg\",\"contentUrl\":\"https:\/\/serabella.ee\/wp-content\/uploads\/2024\/09\/pink-highlighter.jpg\",\"width\":1000,\"height\":1000},{\"@type\":\"BreadcrumbList\",\"@id\":\"https:\/\/serabella.ee\/en\/product\/camaleon-pink-highlighter-25g\/#breadcrumb\",\"itemListElement\":[{\"@type\":\"ListItem\",\"position\":1,\"name\":\"Home\",\"item\":\"https:\/\/serabella.ee\/\"},{\"@type\":\"ListItem\",\"position\":2,\"name\":\"Shop\",\"item\":\"https:\/\/serabella.ee\/poevaade\/\"},{\"@type\":\"ListItem\",\"position\":3,\"name\":\"Camaleon Pink Highlighter 2,5g\"}]},{\"@type\":\"WebSite\",\"@id\":\"https:\/\/serabella.ee\/#website\",\"url\":\"https:\/\/serabella.ee\/\",\"name\":\"Serabella\",\"description\":\"Ilu- ja kosmeetikatoodete e-pood\ud83d\udc9c\",\"potentialAction\":[{\"@type\":\"SearchAction\",\"target\":{\"@type\":\"EntryPoint\",\"urlTemplate\":\"https:\/\/serabella.ee\/?s={search_term_string}\"},\"query-input\":{\"@type\":\"PropertyValueSpecification\",\"valueRequired\":true,\"valueName\":\"search_term_string\"}}],\"inLanguage\":\"en-US\"}]}<\/script>\n<!-- \/ Yoast SEO plugin. -->","yoast_head_json":{"title":"Camaleon Pink Highlighter 2,5g - Serabella","description":"Pink highlighter -100% natural highlighter in a pearly pink shade. Highlight and illuminate your skin -get a radiant look with or without make-up.","robots":{"index":"index","follow":"follow","max-snippet":"max-snippet:-1","max-image-preview":"max-image-preview:large","max-video-preview":"max-video-preview:-1"},"canonical":"https:\/\/serabella.ee\/en\/product\/camaleon-pink-highlighter-25g\/","og_locale":"en_US","og_type":"article","og_title":"Camaleon Pink Highlighter 2,5g - Serabella","og_description":"Pink highlighter -100% natural highlighter in a pearly pink shade. Highlight and illuminate your skin -get a radiant look with or without make-up.","og_url":"https:\/\/serabella.ee\/en\/product\/camaleon-pink-highlighter-25g\/","og_site_name":"Serabella","article_modified_time":"2025-11-12T22:00:30+00:00","og_image":[{"width":1000,"height":1000,"url":"https:\/\/serabella.ee\/wp-content\/uploads\/2024\/09\/pink-highlighter.jpg","type":"image\/jpeg"}],"twitter_card":"summary_large_image","twitter_misc":{"Est. reading time":"3 minutes"},"schema":{"@context":"https:\/\/schema.org","@graph":[{"@type":"WebPage","@id":"https:\/\/serabella.ee\/en\/product\/camaleon-pink-highlighter-25g\/","url":"https:\/\/serabella.ee\/en\/product\/camaleon-pink-highlighter-25g\/","name":"Camaleon Pink Highlighter 2,5g - Serabella","isPartOf":{"@id":"https:\/\/serabella.ee\/#website"},"primaryImageOfPage":{"@id":"https:\/\/serabella.ee\/en\/product\/camaleon-pink-highlighter-25g\/#primaryimage"},"image":{"@id":"https:\/\/serabella.ee\/en\/product\/camaleon-pink-highlighter-25g\/#primaryimage"},"thumbnailUrl":"https:\/\/serabella.ee\/wp-content\/uploads\/2024\/09\/pink-highlighter.jpg","datePublished":"2024-09-03T14:07:44+00:00","dateModified":"2025-11-12T22:00:30+00:00","description":"Pink highlighter -100% natural highlighter in a pearly pink shade. Highlight and illuminate your skin -get a radiant look with or without make-up.","breadcrumb":{"@id":"https:\/\/serabella.ee\/en\/product\/camaleon-pink-highlighter-25g\/#breadcrumb"},"inLanguage":"en-US","potentialAction":[{"@type":"ReadAction","target":["https:\/\/serabella.ee\/en\/product\/camaleon-pink-highlighter-25g\/"]}]},{"@type":"ImageObject","inLanguage":"en-US","@id":"https:\/\/serabella.ee\/en\/product\/camaleon-pink-highlighter-25g\/#primaryimage","url":"https:\/\/serabella.ee\/wp-content\/uploads\/2024\/09\/pink-highlighter.jpg","contentUrl":"https:\/\/serabella.ee\/wp-content\/uploads\/2024\/09\/pink-highlighter.jpg","width":1000,"height":1000},{"@type":"BreadcrumbList","@id":"https:\/\/serabella.ee\/en\/product\/camaleon-pink-highlighter-25g\/#breadcrumb","itemListElement":[{"@type":"ListItem","position":1,"name":"Home","item":"https:\/\/serabella.ee\/"},{"@type":"ListItem","position":2,"name":"Shop","item":"https:\/\/serabella.ee\/poevaade\/"},{"@type":"ListItem","position":3,"name":"Camaleon Pink Highlighter 2,5g"}]},{"@type":"WebSite","@id":"https:\/\/serabella.ee\/#website","url":"https:\/\/serabella.ee\/","name":"Serabella","description":"Ilu- ja kosmeetikatoodete e-pood\ud83d\udc9c","potentialAction":[{"@type":"SearchAction","target":{"@type":"EntryPoint","urlTemplate":"https:\/\/serabella.ee\/?s={search_term_string}"},"query-input":{"@type":"PropertyValueSpecification","valueRequired":true,"valueName":"search_term_string"}}],"inLanguage":"en-US"}]}},"_links":{"self":[{"href":"https:\/\/serabella.ee\/en\/wp-json\/wp\/v2\/product\/21955","targetHints":{"allow":["GET"]}}],"collection":[{"href":"https:\/\/serabella.ee\/en\/wp-json\/wp\/v2\/product"}],"about":[{"href":"https:\/\/serabella.ee\/en\/wp-json\/wp\/v2\/types\/product"}],"replies":[{"embeddable":true,"href":"https:\/\/serabella.ee\/en\/wp-json\/wp\/v2\/comments?post=21955"}],"wp:featuredmedia":[{"embeddable":true,"href":"https:\/\/serabella.ee\/en\/wp-json\/wp\/v2\/media\/8379"}],"wp:attachment":[{"href":"https:\/\/serabella.ee\/en\/wp-json\/wp\/v2\/media?parent=21955"}],"wp:term":[{"taxonomy":"product_brand","embeddable":true,"href":"https:\/\/serabella.ee\/en\/wp-json\/wp\/v2\/product_brand?post=21955"},{"taxonomy":"product_cat","embeddable":true,"href":"https:\/\/serabella.ee\/en\/wp-json\/wp\/v2\/product_cat?post=21955"},{"taxonomy":"product_tag","embeddable":true,"href":"https:\/\/serabella.ee\/en\/wp-json\/wp\/v2\/product_tag?post=21955"}],"curies":[{"name":"wp","href":"https:\/\/api.w.org\/{rel}","templated":true}]}}