{"id":22436,"date":"2024-09-17T17:20:30","date_gmt":"2024-09-17T15:20:30","guid":{"rendered":"https:\/\/serabella.ee\/?post_type=product&#038;p=22436"},"modified":"2025-11-02T01:02:39","modified_gmt":"2025-11-01T22:02:39","slug":"frank-body-rosehip-body-scrub-cleanser-100g","status":"publish","type":"product","link":"https:\/\/serabella.ee\/en\/product\/frank-body-rosehip-body-scrub-cleanser-100g\/","title":{"rendered":"Frank Body Rosehip Body Scrub + Cleanser 100g"},"content":{"rendered":"<div class=\"wpb-content-wrapper\"><p>[vc_row][vc_column]\n\t\t<div id=\"wd-66d7108eb13ae\" class=\"wd-tabs wd-wpb wd-rs-66d7108eb13ae tabs-design-simple \">\n\t\t\t<div class=\"wd-tabs-header text-center\">\n\t\t\t\t\n\t\t\t\t\n\t\t\t\t<div class=\"wd-nav-wrapper wd-nav-tabs-wrapper\">\n\t\t\t\t\t<ul class=\"wd-nav wd-nav-tabs wd-icon-pos-left wd-style-default font-primary wd-fontsize-s wd-font-weight-600\">\n\t\t\t\t\t\t\t\t\t\t\t\t\t\n\t\t\t\t\t\t\t<li>\n\t\t\t\t\t\t\t\t<a href=\"#\" class=\"wd-nav-link\">\n\t\t\t\t\t\t\t\t\t\t\t\t\t\t\t\t\t\t<span class=\"nav-link-text wd-tabs-title\">\n\t\t\t\t\t\t\t\t\t\tDescription\t\t\t\t\t\t\t\t\t<\/span>\n\t\t\t\t\t\t\t\t<\/a>\n\t\t\t\t\t\t\t<\/li>\n\n\t\t\t\t\t\t\t\t\t\t\t\t\t\n\t\t\t\t\t\t\t<li>\n\t\t\t\t\t\t\t\t<a href=\"#\" class=\"wd-nav-link\">\n\t\t\t\t\t\t\t\t\t\t\t\t\t\t\t\t\t\t<span class=\"nav-link-text wd-tabs-title\">\n\t\t\t\t\t\t\t\t\t\tIngredients\t\t\t\t\t\t\t\t\t<\/span>\n\t\t\t\t\t\t\t\t<\/a>\n\t\t\t\t\t\t\t<\/li>\n\n\t\t\t\t\t\t\n\t\t\t\t\t<\/ul>\n\t\t\t\t<\/div>\n\t\t\t<\/div>\n\n\t\t\t<div class=\"wd-tab-content-wrapper\">\n\t\t\t\t\n\t\t<div class=\"wd-tab-content\">\n\t\t\t\t\t\t\t<strong>Vegan kaks-\u00fches koorija, mis sulandub pehmelt vahutavaks puhastajaks pakkudes samal ajal nahale niisutust ning isegi toites tundlikke nahat\u00fc\u00fcpe<\/strong>. J\u00e4tab naha pehmeks ja siledaks t\u00e4nu kibuvitsa\u00f5li, kohvioaekstrakti ja lavendli\u00f5li segule. Siidise, s\u00e4rava naha saavutamiseks kasutage \u00fcle kogu keha ning keskendudes armide ja m\u00e4rkidega aladele, et aidata nende v\u00e4limust pehmendada ja tuhmuda.<\/p>\n<h5><span style=\"color: #a931e1;\"><strong>Active substances<\/strong><\/span><\/h5>\n<p><strong>Suhkur:<\/strong> Magus, kergelt sulavad suhkrukristallid koorivad nahka \u00f5rnalt ja \u00fchtlaselt j\u00e4ttes selle \u00fclipehmeks.<\/p>\n<p><strong>Kibuvitsa\u00f5li:<\/strong> Asendamatute aminohapeterikkana aitab nahal s\u00e4rada ja \u00fchtlustada nahatooni. Aitab parandada vananemism\u00e4rke, lisab pingsust nahale ja teeb imesid venitusarmidega.<\/p>\n<p><strong>E-vitamiin:<\/strong> Toetab naha tervist pikemaajaliselt, blokeerib vananemist p\u00f5hjustavate vabade radikaalide m\u00f5ju.<\/p>\n<h5><span style=\"color: #a931e1;\"><strong>How to use<\/strong><\/span><\/h5>\n<p>Apply to wet skin and massage in circular motions until the product melts into a nourishing foam. Rinse and admire the results.<\/p>\n<p>\u00a0\t\t\t\t\t<\/div>\n\n\t\t\n\t\t<div class=\"wd-tab-content\">\n\t\t\t\t\t\t\tSucrose, Glycerin, Sodium Cocoyl Isethionate, Lavandula (Lavender) Angustifolia Oil, Butyrospermum Parkii (Shea) Butter, Cocos Nucifera (Coconut) Oil, Helianthus Annuus (Sunflower) Seed Oil, Limnanthes Alba (Meadowfoam) Seed Oil, Oenothera Biennis (Evening Primrose) Oil, Simmondsia Chinensis (Jojoba) Seed Oil, Rosa Canina Fruit Oil, Sodium Methyl Cocoyl Taurate, Tocopheryl Acetate, Maltodextrin, Water (Aqua), Coffea Arabica (Coffee) Seed Extract, Lycium Barbarum Fruit Extract, Rosmarinus Officinalis Leaf Extract, Aloe Barbadensis Leaf Juice, Fragrance (Parfum), Phenoxyethanol, Synthetic Fluorphlogopite, Silica, Iron Oxides (CI 77491) Toodete koostisosade eest vastutab tootja. V\u00f5imalike muudatuste t\u00f5ttu soovitame kontrollida toote koostisosade loendit otse toote pakendilt.\t\t\t\t\t<\/div>\n\n\t\t\t\t\t<\/div>\n\t\t<\/div>\n\n\t\t[\/vc_column][\/vc_row]<\/p>\n<\/div>","protected":false},"excerpt":{"rendered":"<p>A vegan two-in-one exfoliant that blends into a soft foaming cleanser while providing hydration to the skin, leaving it soft and smooth.<\/p>\n","protected":false},"featured_media":9006,"comment_status":"open","ping_status":"closed","template":"","meta":{"inline_featured_image":false},"product_brand":[],"product_cat":[542,546],"product_tag":[726],"class_list":{"0":"post-22436","1":"product","2":"type-product","3":"status-publish","4":"has-post-thumbnail","6":"product_cat-body","7":"product_cat-body-scrubs","8":"product_tag-alla-15e","9":"pa_brands-frank-body-en","11":"first","12":"instock","13":"sale","14":"taxable","15":"shipping-taxable","16":"purchasable","17":"product-type-simple"},"yoast_head":"<!-- This site is optimized with the Yoast SEO plugin v25.1 - https:\/\/yoast.com\/wordpress\/plugins\/seo\/ -->\n<title>Frank Body Rosehip Body Scrub + Cleanser 100g - Serabella<\/title>\n<meta name=\"robots\" content=\"index, follow, max-snippet:-1, max-image-preview:large, max-video-preview:-1\" \/>\n<link rel=\"canonical\" href=\"https:\/\/serabella.ee\/en\/product\/frank-body-rosehip-body-scrub-cleanser-100g\/\" \/>\n<meta property=\"og:locale\" content=\"en_US\" \/>\n<meta property=\"og:type\" content=\"article\" \/>\n<meta property=\"og:title\" content=\"Frank Body Rosehip Body Scrub + Cleanser 100g - Serabella\" \/>\n<meta property=\"og:description\" content=\"A vegan two-in-one exfoliant that blends into a soft foaming cleanser while providing hydration to the skin, leaving it soft and smooth.\" \/>\n<meta property=\"og:url\" content=\"https:\/\/serabella.ee\/en\/product\/frank-body-rosehip-body-scrub-cleanser-100g\/\" \/>\n<meta property=\"og:site_name\" content=\"Serabella\" \/>\n<meta property=\"article:modified_time\" content=\"2025-11-01T22:02:39+00:00\" \/>\n<meta property=\"og:image\" content=\"https:\/\/serabella.ee\/wp-content\/uploads\/2024\/09\/Frank-Body-Rosehip-Body-Scrub-Cleanser-100g.png\" \/>\n\t<meta property=\"og:image:width\" content=\"1080\" \/>\n\t<meta property=\"og:image:height\" content=\"1080\" \/>\n\t<meta property=\"og:image:type\" content=\"image\/png\" \/>\n<meta name=\"twitter:card\" content=\"summary_large_image\" \/>\n<meta name=\"twitter:label1\" content=\"Est. reading time\" \/>\n\t<meta name=\"twitter:data1\" content=\"2 minutes\" \/>\n<script type=\"application\/ld+json\" class=\"yoast-schema-graph\">{\"@context\":\"https:\/\/schema.org\",\"@graph\":[{\"@type\":\"WebPage\",\"@id\":\"https:\/\/serabella.ee\/en\/product\/frank-body-rosehip-body-scrub-cleanser-100g\/\",\"url\":\"https:\/\/serabella.ee\/en\/product\/frank-body-rosehip-body-scrub-cleanser-100g\/\",\"name\":\"Frank Body Rosehip Body Scrub + Cleanser 100g - Serabella\",\"isPartOf\":{\"@id\":\"https:\/\/serabella.ee\/#website\"},\"primaryImageOfPage\":{\"@id\":\"https:\/\/serabella.ee\/en\/product\/frank-body-rosehip-body-scrub-cleanser-100g\/#primaryimage\"},\"image\":{\"@id\":\"https:\/\/serabella.ee\/en\/product\/frank-body-rosehip-body-scrub-cleanser-100g\/#primaryimage\"},\"thumbnailUrl\":\"https:\/\/serabella.ee\/wp-content\/uploads\/2024\/09\/Frank-Body-Rosehip-Body-Scrub-Cleanser-100g.png\",\"datePublished\":\"2024-09-17T15:20:30+00:00\",\"dateModified\":\"2025-11-01T22:02:39+00:00\",\"breadcrumb\":{\"@id\":\"https:\/\/serabella.ee\/en\/product\/frank-body-rosehip-body-scrub-cleanser-100g\/#breadcrumb\"},\"inLanguage\":\"en-US\",\"potentialAction\":[{\"@type\":\"ReadAction\",\"target\":[\"https:\/\/serabella.ee\/en\/product\/frank-body-rosehip-body-scrub-cleanser-100g\/\"]}]},{\"@type\":\"ImageObject\",\"inLanguage\":\"en-US\",\"@id\":\"https:\/\/serabella.ee\/en\/product\/frank-body-rosehip-body-scrub-cleanser-100g\/#primaryimage\",\"url\":\"https:\/\/serabella.ee\/wp-content\/uploads\/2024\/09\/Frank-Body-Rosehip-Body-Scrub-Cleanser-100g.png\",\"contentUrl\":\"https:\/\/serabella.ee\/wp-content\/uploads\/2024\/09\/Frank-Body-Rosehip-Body-Scrub-Cleanser-100g.png\",\"width\":1080,\"height\":1080},{\"@type\":\"BreadcrumbList\",\"@id\":\"https:\/\/serabella.ee\/en\/product\/frank-body-rosehip-body-scrub-cleanser-100g\/#breadcrumb\",\"itemListElement\":[{\"@type\":\"ListItem\",\"position\":1,\"name\":\"Home\",\"item\":\"https:\/\/serabella.ee\/\"},{\"@type\":\"ListItem\",\"position\":2,\"name\":\"Shop\",\"item\":\"https:\/\/serabella.ee\/poevaade\/\"},{\"@type\":\"ListItem\",\"position\":3,\"name\":\"Frank Body Rosehip Body Scrub + Cleanser 100g\"}]},{\"@type\":\"WebSite\",\"@id\":\"https:\/\/serabella.ee\/#website\",\"url\":\"https:\/\/serabella.ee\/\",\"name\":\"Serabella\",\"description\":\"Ilu- ja kosmeetikatoodete e-pood\ud83d\udc9c\",\"potentialAction\":[{\"@type\":\"SearchAction\",\"target\":{\"@type\":\"EntryPoint\",\"urlTemplate\":\"https:\/\/serabella.ee\/?s={search_term_string}\"},\"query-input\":{\"@type\":\"PropertyValueSpecification\",\"valueRequired\":true,\"valueName\":\"search_term_string\"}}],\"inLanguage\":\"en-US\"}]}<\/script>\n<!-- \/ Yoast SEO plugin. -->","yoast_head_json":{"title":"Frank Body Rosehip Body Scrub + Cleanser 100g - Serabella","robots":{"index":"index","follow":"follow","max-snippet":"max-snippet:-1","max-image-preview":"max-image-preview:large","max-video-preview":"max-video-preview:-1"},"canonical":"https:\/\/serabella.ee\/en\/product\/frank-body-rosehip-body-scrub-cleanser-100g\/","og_locale":"en_US","og_type":"article","og_title":"Frank Body Rosehip Body Scrub + Cleanser 100g - Serabella","og_description":"A vegan two-in-one exfoliant that blends into a soft foaming cleanser while providing hydration to the skin, leaving it soft and smooth.","og_url":"https:\/\/serabella.ee\/en\/product\/frank-body-rosehip-body-scrub-cleanser-100g\/","og_site_name":"Serabella","article_modified_time":"2025-11-01T22:02:39+00:00","og_image":[{"width":1080,"height":1080,"url":"https:\/\/serabella.ee\/wp-content\/uploads\/2024\/09\/Frank-Body-Rosehip-Body-Scrub-Cleanser-100g.png","type":"image\/png"}],"twitter_card":"summary_large_image","twitter_misc":{"Est. reading time":"2 minutes"},"schema":{"@context":"https:\/\/schema.org","@graph":[{"@type":"WebPage","@id":"https:\/\/serabella.ee\/en\/product\/frank-body-rosehip-body-scrub-cleanser-100g\/","url":"https:\/\/serabella.ee\/en\/product\/frank-body-rosehip-body-scrub-cleanser-100g\/","name":"Frank Body Rosehip Body Scrub + Cleanser 100g - Serabella","isPartOf":{"@id":"https:\/\/serabella.ee\/#website"},"primaryImageOfPage":{"@id":"https:\/\/serabella.ee\/en\/product\/frank-body-rosehip-body-scrub-cleanser-100g\/#primaryimage"},"image":{"@id":"https:\/\/serabella.ee\/en\/product\/frank-body-rosehip-body-scrub-cleanser-100g\/#primaryimage"},"thumbnailUrl":"https:\/\/serabella.ee\/wp-content\/uploads\/2024\/09\/Frank-Body-Rosehip-Body-Scrub-Cleanser-100g.png","datePublished":"2024-09-17T15:20:30+00:00","dateModified":"2025-11-01T22:02:39+00:00","breadcrumb":{"@id":"https:\/\/serabella.ee\/en\/product\/frank-body-rosehip-body-scrub-cleanser-100g\/#breadcrumb"},"inLanguage":"en-US","potentialAction":[{"@type":"ReadAction","target":["https:\/\/serabella.ee\/en\/product\/frank-body-rosehip-body-scrub-cleanser-100g\/"]}]},{"@type":"ImageObject","inLanguage":"en-US","@id":"https:\/\/serabella.ee\/en\/product\/frank-body-rosehip-body-scrub-cleanser-100g\/#primaryimage","url":"https:\/\/serabella.ee\/wp-content\/uploads\/2024\/09\/Frank-Body-Rosehip-Body-Scrub-Cleanser-100g.png","contentUrl":"https:\/\/serabella.ee\/wp-content\/uploads\/2024\/09\/Frank-Body-Rosehip-Body-Scrub-Cleanser-100g.png","width":1080,"height":1080},{"@type":"BreadcrumbList","@id":"https:\/\/serabella.ee\/en\/product\/frank-body-rosehip-body-scrub-cleanser-100g\/#breadcrumb","itemListElement":[{"@type":"ListItem","position":1,"name":"Home","item":"https:\/\/serabella.ee\/"},{"@type":"ListItem","position":2,"name":"Shop","item":"https:\/\/serabella.ee\/poevaade\/"},{"@type":"ListItem","position":3,"name":"Frank Body Rosehip Body Scrub + Cleanser 100g"}]},{"@type":"WebSite","@id":"https:\/\/serabella.ee\/#website","url":"https:\/\/serabella.ee\/","name":"Serabella","description":"Ilu- ja kosmeetikatoodete e-pood\ud83d\udc9c","potentialAction":[{"@type":"SearchAction","target":{"@type":"EntryPoint","urlTemplate":"https:\/\/serabella.ee\/?s={search_term_string}"},"query-input":{"@type":"PropertyValueSpecification","valueRequired":true,"valueName":"search_term_string"}}],"inLanguage":"en-US"}]}},"_links":{"self":[{"href":"https:\/\/serabella.ee\/en\/wp-json\/wp\/v2\/product\/22436","targetHints":{"allow":["GET"]}}],"collection":[{"href":"https:\/\/serabella.ee\/en\/wp-json\/wp\/v2\/product"}],"about":[{"href":"https:\/\/serabella.ee\/en\/wp-json\/wp\/v2\/types\/product"}],"replies":[{"embeddable":true,"href":"https:\/\/serabella.ee\/en\/wp-json\/wp\/v2\/comments?post=22436"}],"wp:featuredmedia":[{"embeddable":true,"href":"https:\/\/serabella.ee\/en\/wp-json\/wp\/v2\/media\/9006"}],"wp:attachment":[{"href":"https:\/\/serabella.ee\/en\/wp-json\/wp\/v2\/media?parent=22436"}],"wp:term":[{"taxonomy":"product_brand","embeddable":true,"href":"https:\/\/serabella.ee\/en\/wp-json\/wp\/v2\/product_brand?post=22436"},{"taxonomy":"product_cat","embeddable":true,"href":"https:\/\/serabella.ee\/en\/wp-json\/wp\/v2\/product_cat?post=22436"},{"taxonomy":"product_tag","embeddable":true,"href":"https:\/\/serabella.ee\/en\/wp-json\/wp\/v2\/product_tag?post=22436"}],"curies":[{"name":"wp","href":"https:\/\/api.w.org\/{rel}","templated":true}]}}