{"id":23052,"date":"2024-12-03T22:02:56","date_gmt":"2024-12-03T20:02:56","guid":{"rendered":"https:\/\/serabella.ee\/?post_type=product&#038;p=23052"},"modified":"2025-03-20T21:14:41","modified_gmt":"2025-03-20T19:14:41","slug":"beauty-of-joseon-dynasty-cream-50ml","status":"publish","type":"product","link":"https:\/\/serabella.ee\/en\/product\/beauty-of-joseon-dynasty-cream-50ml\/","title":{"rendered":"Beauty of Joseon Dynasty Cream 50ml"},"content":{"rendered":"<div class=\"wpb-content-wrapper\"><p>[vc_row][vc_column]\n\t\t<div id=\"wd-66d7108eb13ae\" class=\"wd-tabs wd-wpb wd-rs-66d7108eb13ae tabs-design-simple \">\n\t\t\t<div class=\"wd-tabs-header text-center\">\n\t\t\t\t\n\t\t\t\t\n\t\t\t\t<div class=\"wd-nav-wrapper wd-nav-tabs-wrapper\">\n\t\t\t\t\t<ul class=\"wd-nav wd-nav-tabs wd-icon-pos-left wd-style-default font-primary wd-fontsize-s wd-font-weight-600\">\n\t\t\t\t\t\t\t\t\t\t\t\t\t\n\t\t\t\t\t\t\t<li>\n\t\t\t\t\t\t\t\t<a href=\"#\" class=\"wd-nav-link\">\n\t\t\t\t\t\t\t\t\t\t\t\t\t\t\t\t\t\t<span class=\"nav-link-text wd-tabs-title\">\n\t\t\t\t\t\t\t\t\t\tKirjeldus\t\t\t\t\t\t\t\t\t<\/span>\n\t\t\t\t\t\t\t\t<\/a>\n\t\t\t\t\t\t\t<\/li>\n\n\t\t\t\t\t\t\t\t\t\t\t\t\t\n\t\t\t\t\t\t\t<li>\n\t\t\t\t\t\t\t\t<a href=\"#\" class=\"wd-nav-link\">\n\t\t\t\t\t\t\t\t\t\t\t\t\t\t\t\t\t\t<span class=\"nav-link-text wd-tabs-title\">\n\t\t\t\t\t\t\t\t\t\tKoostisosad\t\t\t\t\t\t\t\t\t<\/span>\n\t\t\t\t\t\t\t\t<\/a>\n\t\t\t\t\t\t\t<\/li>\n\n\t\t\t\t\t\t\n\t\t\t\t\t<\/ul>\n\t\t\t\t<\/div>\n\t\t\t<\/div>\n\n\t\t\t<div class=\"wd-tab-content-wrapper\">\n\t\t\t\t\n\t\t<div class=\"wd-tab-content\">\n\t\t\t\t\t\t\t<\/p>\n<p>Beauty of Joseon Dynasty on multifunktsionaalne kreem, mis sisaldab riisikliivet, \u017een\u0161enni vett, skvalaani ja niatsiinamiidi naha tervise ja niiskustasakaalu s\u00e4ilitamiseks. Kreemi tekstuur tagab niiskuse ja toitumise s\u00fcgavalt seestpoolt.Oma kindla tekstuuriga tagab see tiheda niiskuse ja toitumise, v\u00e4ltides naha kuivamist.\u00a0 Nahk p\u00fcsib pikaajaliselt niisutatud ja pehme. Kreemi ainulaadne kerge tekstuur imendub kiiresti, et rahustada\u00a0 t\u00f5husalt tundlikku nahka. \u017den\u0161enn v\u00f5imendab rakkude uuenemist, kaitseb nahka ja stimuleerib kollageeni tootmist. Meeekstrakt rahustab nahka, varustades seda niiskusega ja taastades selle elastsuse. Keramiididel on vananemisvastane toime, mis annab nahale t\u00e4ienduse ja pehme viimistluse.<\/p>\n<h5><span style=\"color: #a931e1;\"><strong>Aktiivkoostisosad<\/strong><\/span><\/h5>\n<p>Sisaldab 2% niatsiinamiidi ja 2% skvalaani, mis tasakaalustavad rasu ja niiskuse tasakaalu ning kaitsevad nahka v\u00e4liste \u00e4rrituste eest.<\/p>\n<p>Meeekstrakt rahustab ja niisutab<\/p>\n<p>\u017den\u0161enn kaitseb ja stimuleerib kollageeni tootmist.<\/p>\n<h5><span style=\"color: #a931e1;\"><strong>Kasutamine<\/strong><\/span><\/h5>\n<p>Kanna n\u00e4ole ja kaelale sobiv kogus kreemi ja patsuta \u00f5rnalt naha sisse kuni t\u00e4ieliku imendumiseni.<\/p>\n<p>\t\t\t\t\t<\/div>\n\n\t\t\n\t\t<div class=\"wd-tab-content\">\n\t\t\t\t\t\t\tWater, Oryza Sativa (rice) Bran Water, Glycerin, Panax Ginseng Root Water, Hydrogenated polydecene, 1,2-Hexanediol, Niacinamide, Squalane, Butylene glycol, Propanediol, Dicaprylate\/Dicaprate, Cetearyl Olivate, Sorbitan Olivate, Ammonium acryloyldimethyltaurate\/VP Copolymer, Xanthan Gum, Acrylates\/C10-30 Alkyl Acrylate Crosspolymer, Tromethamine, Carthamus Tinctorius (Safflower) Seed Oil, Hydrogenated Coconut Oil, Glyceryl Acrylate\/Acrylic Acid Copolymer, Ethylhexylglycerin, Adenosine, Caprylic\/Capric Triglyceride, Disodium EDTA, Hyaluronic Acid, Hydrolyzed Hyaluronic Acid, Sodium Hyaluronate, Honey Extract, Ceramide NP, Hydrogenated Lecithin, Coptis Japonica Root Extract, Raphanus Sativus (Radish) Seed Extract, Lycium Chinense Fruit Extract, Theobroma Cacao (Cocoa) Seed Extract, Phellinus Linteus Extract, Dextrin, Scutellaria Baicalensis Root Extract.<\/p>\n<p>Toodete koostisosade eest vastutab tootja. V\u00f5imalike muudatuste t\u00f5ttu soovitame kontrollida toote koostisosade loendit otse toote pakendilt.\t\t\t\t\t<\/div>\n\n\t\t\t\t\t<\/div>\n\t\t<\/div>\n\n\t\t[\/vc_column][\/vc_row]<\/p>\n<\/div>","protected":false},"excerpt":{"rendered":"<p>Niisutav, toitev ja kollageeni tootmist ergutav multifunktsionaalne Korea kreem.<\/p>\n","protected":false},"featured_media":17292,"comment_status":"open","ping_status":"closed","template":"","meta":{"inline_featured_image":false},"product_brand":[],"product_cat":[575,574,551,573],"product_tag":[],"class_list":{"0":"post-23052","1":"product","2":"type-product","3":"status-publish","4":"has-post-thumbnail","6":"product_cat-face-creams","7":"product_cat-intensive-care","8":"product_cat-korean-cosmetics","9":"product_cat-skin-care","10":"pa_brands-beauty-of-joseon-en","11":"pa_paritoluriik-korea-en","13":"first","14":"outofstock","15":"taxable","16":"shipping-taxable","17":"purchasable","18":"product-type-simple"},"yoast_head":"<!-- This site is optimized with the Yoast SEO plugin v25.1 - https:\/\/yoast.com\/wordpress\/plugins\/seo\/ -->\n<title>Beauty of Joseon Dynasty Cream 50ml - Serabella<\/title>\n<meta name=\"robots\" content=\"index, follow, max-snippet:-1, max-image-preview:large, max-video-preview:-1\" \/>\n<link rel=\"canonical\" href=\"https:\/\/serabella.ee\/toode\/beauty-of-joseon-dynasty-cream-sugavniisutav-kreem-50ml\/\" \/>\n<meta property=\"og:locale\" content=\"en_US\" \/>\n<meta property=\"og:type\" content=\"article\" \/>\n<meta property=\"og:title\" content=\"Beauty of Joseon Dynasty Cream 50ml - Serabella\" \/>\n<meta property=\"og:description\" content=\"Niisutav, toitev ja kollageeni tootmist ergutav multifunktsionaalne Korea kreem.\" \/>\n<meta property=\"og:url\" content=\"https:\/\/serabella.ee\/toode\/beauty-of-joseon-dynasty-cream-sugavniisutav-kreem-50ml\/\" \/>\n<meta property=\"og:site_name\" content=\"Serabella\" \/>\n<meta property=\"article:modified_time\" content=\"2025-03-20T19:14:41+00:00\" \/>\n<meta property=\"og:image\" content=\"https:\/\/serabella.ee\/wp-content\/uploads\/2024\/12\/Beauty-of-Joseon-Dynasty-Cream-50ml.webp\" \/>\n\t<meta property=\"og:image:width\" content=\"550\" \/>\n\t<meta property=\"og:image:height\" content=\"550\" \/>\n\t<meta property=\"og:image:type\" content=\"image\/webp\" \/>\n<meta name=\"twitter:card\" content=\"summary_large_image\" \/>\n<meta name=\"twitter:label1\" content=\"Est. reading time\" \/>\n\t<meta name=\"twitter:data1\" content=\"2 minutes\" \/>\n<script type=\"application\/ld+json\" class=\"yoast-schema-graph\">{\"@context\":\"https:\/\/schema.org\",\"@graph\":[{\"@type\":\"WebPage\",\"@id\":\"https:\/\/serabella.ee\/toode\/beauty-of-joseon-dynasty-cream-sugavniisutav-kreem-50ml\/\",\"url\":\"https:\/\/serabella.ee\/toode\/beauty-of-joseon-dynasty-cream-sugavniisutav-kreem-50ml\/\",\"name\":\"Beauty of Joseon Dynasty Cream 50ml - Serabella\",\"isPartOf\":{\"@id\":\"https:\/\/serabella.ee\/#website\"},\"primaryImageOfPage\":{\"@id\":\"https:\/\/serabella.ee\/toode\/beauty-of-joseon-dynasty-cream-sugavniisutav-kreem-50ml\/#primaryimage\"},\"image\":{\"@id\":\"https:\/\/serabella.ee\/toode\/beauty-of-joseon-dynasty-cream-sugavniisutav-kreem-50ml\/#primaryimage\"},\"thumbnailUrl\":\"https:\/\/serabella.ee\/wp-content\/uploads\/2024\/12\/Beauty-of-Joseon-Dynasty-Cream-50ml.webp\",\"datePublished\":\"2024-12-03T20:02:56+00:00\",\"dateModified\":\"2025-03-20T19:14:41+00:00\",\"breadcrumb\":{\"@id\":\"https:\/\/serabella.ee\/toode\/beauty-of-joseon-dynasty-cream-sugavniisutav-kreem-50ml\/#breadcrumb\"},\"inLanguage\":\"en-US\",\"potentialAction\":[{\"@type\":\"ReadAction\",\"target\":[\"https:\/\/serabella.ee\/toode\/beauty-of-joseon-dynasty-cream-sugavniisutav-kreem-50ml\/\"]}]},{\"@type\":\"ImageObject\",\"inLanguage\":\"en-US\",\"@id\":\"https:\/\/serabella.ee\/toode\/beauty-of-joseon-dynasty-cream-sugavniisutav-kreem-50ml\/#primaryimage\",\"url\":\"https:\/\/serabella.ee\/wp-content\/uploads\/2024\/12\/Beauty-of-Joseon-Dynasty-Cream-50ml.webp\",\"contentUrl\":\"https:\/\/serabella.ee\/wp-content\/uploads\/2024\/12\/Beauty-of-Joseon-Dynasty-Cream-50ml.webp\",\"width\":550,\"height\":550},{\"@type\":\"BreadcrumbList\",\"@id\":\"https:\/\/serabella.ee\/toode\/beauty-of-joseon-dynasty-cream-sugavniisutav-kreem-50ml\/#breadcrumb\",\"itemListElement\":[{\"@type\":\"ListItem\",\"position\":1,\"name\":\"Home\",\"item\":\"https:\/\/serabella.ee\/\"},{\"@type\":\"ListItem\",\"position\":2,\"name\":\"Shop\",\"item\":\"https:\/\/serabella.ee\/poevaade\/\"},{\"@type\":\"ListItem\",\"position\":3,\"name\":\"Beauty of Joseon Dynasty Cream 50ml\"}]},{\"@type\":\"WebSite\",\"@id\":\"https:\/\/serabella.ee\/#website\",\"url\":\"https:\/\/serabella.ee\/\",\"name\":\"Serabella\",\"description\":\"Ilu- ja kosmeetikatoodete e-pood\ud83d\udc9c\",\"potentialAction\":[{\"@type\":\"SearchAction\",\"target\":{\"@type\":\"EntryPoint\",\"urlTemplate\":\"https:\/\/serabella.ee\/?s={search_term_string}\"},\"query-input\":{\"@type\":\"PropertyValueSpecification\",\"valueRequired\":true,\"valueName\":\"search_term_string\"}}],\"inLanguage\":\"en-US\"}]}<\/script>\n<!-- \/ Yoast SEO plugin. -->","yoast_head_json":{"title":"Beauty of Joseon Dynasty Cream 50ml - Serabella","robots":{"index":"index","follow":"follow","max-snippet":"max-snippet:-1","max-image-preview":"max-image-preview:large","max-video-preview":"max-video-preview:-1"},"canonical":"https:\/\/serabella.ee\/toode\/beauty-of-joseon-dynasty-cream-sugavniisutav-kreem-50ml\/","og_locale":"en_US","og_type":"article","og_title":"Beauty of Joseon Dynasty Cream 50ml - Serabella","og_description":"Niisutav, toitev ja kollageeni tootmist ergutav multifunktsionaalne Korea kreem.","og_url":"https:\/\/serabella.ee\/toode\/beauty-of-joseon-dynasty-cream-sugavniisutav-kreem-50ml\/","og_site_name":"Serabella","article_modified_time":"2025-03-20T19:14:41+00:00","og_image":[{"width":550,"height":550,"url":"https:\/\/serabella.ee\/wp-content\/uploads\/2024\/12\/Beauty-of-Joseon-Dynasty-Cream-50ml.webp","type":"image\/webp"}],"twitter_card":"summary_large_image","twitter_misc":{"Est. reading time":"2 minutes"},"schema":{"@context":"https:\/\/schema.org","@graph":[{"@type":"WebPage","@id":"https:\/\/serabella.ee\/toode\/beauty-of-joseon-dynasty-cream-sugavniisutav-kreem-50ml\/","url":"https:\/\/serabella.ee\/toode\/beauty-of-joseon-dynasty-cream-sugavniisutav-kreem-50ml\/","name":"Beauty of Joseon Dynasty Cream 50ml - Serabella","isPartOf":{"@id":"https:\/\/serabella.ee\/#website"},"primaryImageOfPage":{"@id":"https:\/\/serabella.ee\/toode\/beauty-of-joseon-dynasty-cream-sugavniisutav-kreem-50ml\/#primaryimage"},"image":{"@id":"https:\/\/serabella.ee\/toode\/beauty-of-joseon-dynasty-cream-sugavniisutav-kreem-50ml\/#primaryimage"},"thumbnailUrl":"https:\/\/serabella.ee\/wp-content\/uploads\/2024\/12\/Beauty-of-Joseon-Dynasty-Cream-50ml.webp","datePublished":"2024-12-03T20:02:56+00:00","dateModified":"2025-03-20T19:14:41+00:00","breadcrumb":{"@id":"https:\/\/serabella.ee\/toode\/beauty-of-joseon-dynasty-cream-sugavniisutav-kreem-50ml\/#breadcrumb"},"inLanguage":"en-US","potentialAction":[{"@type":"ReadAction","target":["https:\/\/serabella.ee\/toode\/beauty-of-joseon-dynasty-cream-sugavniisutav-kreem-50ml\/"]}]},{"@type":"ImageObject","inLanguage":"en-US","@id":"https:\/\/serabella.ee\/toode\/beauty-of-joseon-dynasty-cream-sugavniisutav-kreem-50ml\/#primaryimage","url":"https:\/\/serabella.ee\/wp-content\/uploads\/2024\/12\/Beauty-of-Joseon-Dynasty-Cream-50ml.webp","contentUrl":"https:\/\/serabella.ee\/wp-content\/uploads\/2024\/12\/Beauty-of-Joseon-Dynasty-Cream-50ml.webp","width":550,"height":550},{"@type":"BreadcrumbList","@id":"https:\/\/serabella.ee\/toode\/beauty-of-joseon-dynasty-cream-sugavniisutav-kreem-50ml\/#breadcrumb","itemListElement":[{"@type":"ListItem","position":1,"name":"Home","item":"https:\/\/serabella.ee\/"},{"@type":"ListItem","position":2,"name":"Shop","item":"https:\/\/serabella.ee\/poevaade\/"},{"@type":"ListItem","position":3,"name":"Beauty of Joseon Dynasty Cream 50ml"}]},{"@type":"WebSite","@id":"https:\/\/serabella.ee\/#website","url":"https:\/\/serabella.ee\/","name":"Serabella","description":"Ilu- ja kosmeetikatoodete e-pood\ud83d\udc9c","potentialAction":[{"@type":"SearchAction","target":{"@type":"EntryPoint","urlTemplate":"https:\/\/serabella.ee\/?s={search_term_string}"},"query-input":{"@type":"PropertyValueSpecification","valueRequired":true,"valueName":"search_term_string"}}],"inLanguage":"en-US"}]}},"_links":{"self":[{"href":"https:\/\/serabella.ee\/en\/wp-json\/wp\/v2\/product\/23052","targetHints":{"allow":["GET"]}}],"collection":[{"href":"https:\/\/serabella.ee\/en\/wp-json\/wp\/v2\/product"}],"about":[{"href":"https:\/\/serabella.ee\/en\/wp-json\/wp\/v2\/types\/product"}],"replies":[{"embeddable":true,"href":"https:\/\/serabella.ee\/en\/wp-json\/wp\/v2\/comments?post=23052"}],"wp:featuredmedia":[{"embeddable":true,"href":"https:\/\/serabella.ee\/en\/wp-json\/wp\/v2\/media\/17292"}],"wp:attachment":[{"href":"https:\/\/serabella.ee\/en\/wp-json\/wp\/v2\/media?parent=23052"}],"wp:term":[{"taxonomy":"product_brand","embeddable":true,"href":"https:\/\/serabella.ee\/en\/wp-json\/wp\/v2\/product_brand?post=23052"},{"taxonomy":"product_cat","embeddable":true,"href":"https:\/\/serabella.ee\/en\/wp-json\/wp\/v2\/product_cat?post=23052"},{"taxonomy":"product_tag","embeddable":true,"href":"https:\/\/serabella.ee\/en\/wp-json\/wp\/v2\/product_tag?post=23052"}],"curies":[{"name":"wp","href":"https:\/\/api.w.org\/{rel}","templated":true}]}}