{"id":23390,"date":"2025-01-13T21:30:46","date_gmt":"2025-01-13T19:30:46","guid":{"rendered":"https:\/\/serabella.ee\/?post_type=product&#038;p=23390"},"modified":"2025-11-02T01:02:40","modified_gmt":"2025-11-01T22:02:40","slug":"biodance-hydro-cera-nol-real-deep-mask-sugavniisutav-mask","status":"publish","type":"product","link":"https:\/\/serabella.ee\/en\/product\/biodance-hydro-cera-nol-real-deep-mask-sugavniisutav-mask\/","title":{"rendered":"Biodance Hydro Cera-Nol Real Deep Mask"},"content":{"rendered":"<div class=\"wpb-content-wrapper\"><p>[vc_row][vc_column]\n\t\t<div id=\"wd-66d7108eb13ae\" class=\"wd-tabs wd-wpb wd-rs-66d7108eb13ae tabs-design-simple \">\n\t\t\t<div class=\"wd-tabs-header text-center\">\n\t\t\t\t\n\t\t\t\t\n\t\t\t\t<div class=\"wd-nav-wrapper wd-nav-tabs-wrapper\">\n\t\t\t\t\t<ul class=\"wd-nav wd-nav-tabs wd-icon-pos-left wd-style-default font-primary wd-fontsize-s wd-font-weight-600\">\n\t\t\t\t\t\t\t\t\t\t\t\t\t\n\t\t\t\t\t\t\t<li>\n\t\t\t\t\t\t\t\t<a href=\"#\" class=\"wd-nav-link\">\n\t\t\t\t\t\t\t\t\t\t\t\t\t\t\t\t\t\t<span class=\"nav-link-text wd-tabs-title\">\n\t\t\t\t\t\t\t\t\t\tDescription\t\t\t\t\t\t\t\t\t<\/span>\n\t\t\t\t\t\t\t\t<\/a>\n\t\t\t\t\t\t\t<\/li>\n\n\t\t\t\t\t\t\t\t\t\t\t\t\t\n\t\t\t\t\t\t\t<li>\n\t\t\t\t\t\t\t\t<a href=\"#\" class=\"wd-nav-link\">\n\t\t\t\t\t\t\t\t\t\t\t\t\t\t\t\t\t\t<span class=\"nav-link-text wd-tabs-title\">\n\t\t\t\t\t\t\t\t\t\tIngredients\t\t\t\t\t\t\t\t\t<\/span>\n\t\t\t\t\t\t\t\t<\/a>\n\t\t\t\t\t\t\t<\/li>\n\n\t\t\t\t\t\t\n\t\t\t\t\t<\/ul>\n\t\t\t\t<\/div>\n\t\t\t<\/div>\n\n\t\t\t<div class=\"wd-tab-content-wrapper\">\n\t\t\t\t\n\t\t<div class=\"wd-tab-content\">\n\t\t\t\t\t\t\tThis deeply hydrating <strong>BIODANCE&#8217;S PATENTED INGREDIENT HYDRO CERA-NOL<br \/><\/strong>Contains Hydro Cera-nol to soothe the skin and strengthen its barrier.<\/p>\n<h3><strong>Main features<\/strong><\/h3>\n<p>50,000PPM OF GLACIAL WATER<br \/>High-purity glacial water, rich in minerals, enhances the absorption of active ingredients and forms a moisturizing film on the skin. Mineral-rich pure glacial water improves the absorption of active ingredients and creates a moisturizing protective layer on the skin.<br \/>Hydro Cera-nol: Biodance\u2019s patented ingredient that soothes the skin and strengthens its natural protective barrier.<\/p>\n<p>AMPOULE SOLIDIFIED INTO THE FORM OF A HYDROGEL MASK<br \/>Each 1.19 oz bottle of ampoule is solidified into a sheet mask. The contents of each 35 g ampoule are compressed into a high-quality hydrogel mask.<\/p>\n<p>TURNS TRANSPARENT AS IT ABSORBS ACTIVE INGREDIENTS<br \/>Becomes transparent when applied for more than 3 hours, delivering active ingredients into the skin.<\/p>\n<p>HYPOALLERGENIC<br \/>This deep hydrating facial mask is formulated with non-toxic and non-irritating ingredients. It is free of allergens and 19 other harsh, controversial ingredients. Safe for sensitive skin.<\/p>\n<p>Biodance skincare products focus on the balance of effective ingredients and long-lasting results beyond temporary effects.<\/p>\n<h5><span style=\"color: #a931e1;\"><strong>Active substances<\/strong><\/span><\/h5>\n<ul>\n<li>D-Panthenol- D-panthenol &#8211; moisturizes, softens and restores irritated skin, accelerating skin cell renewal.<\/li>\n<li>5-Layer Ceramide- 5 types of ceramides &#8211; work to repair and soothe the skin barrier<\/li>\n<li>Oligo Hyaluronic Acid -Oligo-hyaluronic acid &#8211; skin-native hyaluronic acid that works in the dermis, moisturizing, nourishing and restoring the skin deeply.<\/li>\n<\/ul>\n<h4><strong>Customer results<\/strong><\/h4>\n<div id=\"description-2\" class=\"accordion__body no-js-accordion\" data-accordion-body=\"\">\n<ul>\n<li>100% agreed their heat-damaged skin instantly soothed<\/li>\n<li>100% agreed on quick cooling effect<\/li>\n<li>100% agreed on instant hydration increase after single use<\/li>\n<\/ul>\n<\/div>\n<h5><span style=\"color: #a931e1;\"><strong>How to use<\/strong><\/span><\/h5>\n<p><strong>OVERNIGHT<\/strong><br \/>Apply the mask at the end of your skincare routine and leave it on overnight.<br \/>Remove the mask the next morning after a good night&#8217;s sleep.<\/p>\n<p><strong>DAYTIME<\/strong><br \/>After preparing the skin with toner or serum, apply the mask and leave it on for 3-4 hours or until it becomes transparent.<\/p>\n<p><strong>PRO TIP<\/strong><br \/>Use the eyes and mouth parts of the mask on the sides of the nose, under eyes, neck, or anywhere you want additional hydration and firming.<\/p>\n<p>\t\t\t\t\t<\/div>\n\n\t\t\n\t\t<div class=\"wd-tab-content\">\n\t\t\t\t\t\t\tHyaluronic acid, D-Panthenol, Ceramides Toodete koostisosade eest vastutab tootja. V\u00f5imalike muudatuste t\u00f5ttu soovitame kontrollida toote koostisosade loendit otse toote pakendilt.\t\t\t\t\t<\/div>\n\n\t\t\t\t\t<\/div>\n\t\t<\/div>\n\n\t\t[\/vc_column][\/vc_row]<\/p>\n<\/div>","protected":false},"excerpt":{"rendered":"<p>This deeply hydrating facial mask, BIODANCE&#8217;S PATENTED INGREDIENT HYDRO CERA-NOL Contains Hydro Cera-nol to soothe the skin and strengthen its barrier.<\/p>\n","protected":false},"featured_media":19665,"comment_status":"open","ping_status":"open","template":"","meta":{"inline_featured_image":false},"product_brand":[],"product_cat":[576,574,551,573],"product_tag":[726],"class_list":{"0":"post-23390","1":"product","2":"type-product","3":"status-publish","4":"has-post-thumbnail","6":"product_cat-face-masks","7":"product_cat-intensive-care","8":"product_cat-korean-cosmetics","9":"product_cat-skin-care","10":"product_tag-alla-15e","11":"pa_brands-biodance-en","12":"pa_paritoluriik-korea-en","14":"first","15":"instock","16":"taxable","17":"shipping-taxable","18":"purchasable","19":"product-type-simple"},"yoast_head":"<!-- This site is optimized with the Yoast SEO plugin v25.1 - https:\/\/yoast.com\/wordpress\/plugins\/seo\/ -->\n<title>Biodance Hydro Cera-Nol Real Deep Mask - Serabella<\/title>\n<meta name=\"description\" content=\"Jahutava toimega mask v\u00e4hendab punetust ja rahustab \u00e4rritust rahustavate ning v\u00e4ga t\u00f5husate toimeainetega. Niisutab, toidab ja leevendab tundlikkust.\" \/>\n<meta name=\"robots\" content=\"index, follow, max-snippet:-1, max-image-preview:large, max-video-preview:-1\" \/>\n<link rel=\"canonical\" href=\"https:\/\/serabella.ee\/en\/product\/biodance-hydro-cera-nol-real-deep-mask-sugavniisutav-mask\/\" \/>\n<meta property=\"og:locale\" content=\"en_US\" \/>\n<meta property=\"og:type\" content=\"article\" \/>\n<meta property=\"og:title\" content=\"Biodance Hydro Cera-Nol Real Deep Mask - Serabella\" \/>\n<meta property=\"og:description\" content=\"Jahutava toimega mask v\u00e4hendab punetust ja rahustab \u00e4rritust rahustavate ning v\u00e4ga t\u00f5husate toimeainetega. Niisutab, toidab ja leevendab tundlikkust.\" \/>\n<meta property=\"og:url\" content=\"https:\/\/serabella.ee\/en\/product\/biodance-hydro-cera-nol-real-deep-mask-sugavniisutav-mask\/\" \/>\n<meta property=\"og:site_name\" content=\"Serabella\" \/>\n<meta property=\"article:modified_time\" content=\"2025-11-01T22:02:40+00:00\" \/>\n<meta property=\"og:image\" content=\"https:\/\/serabella.ee\/wp-content\/uploads\/2025\/01\/Biodance-Hydro-Cera-Nol-Real-Deep-Mask.png\" \/>\n\t<meta property=\"og:image:width\" content=\"1000\" \/>\n\t<meta property=\"og:image:height\" content=\"1000\" \/>\n\t<meta property=\"og:image:type\" content=\"image\/png\" \/>\n<meta name=\"twitter:card\" content=\"summary_large_image\" \/>\n<meta name=\"twitter:label1\" content=\"Est. reading time\" \/>\n\t<meta name=\"twitter:data1\" content=\"2 minutes\" \/>\n<script type=\"application\/ld+json\" class=\"yoast-schema-graph\">{\"@context\":\"https:\/\/schema.org\",\"@graph\":[{\"@type\":\"WebPage\",\"@id\":\"https:\/\/serabella.ee\/en\/product\/biodance-hydro-cera-nol-real-deep-mask-sugavniisutav-mask\/\",\"url\":\"https:\/\/serabella.ee\/en\/product\/biodance-hydro-cera-nol-real-deep-mask-sugavniisutav-mask\/\",\"name\":\"Biodance Hydro Cera-Nol Real Deep Mask - Serabella\",\"isPartOf\":{\"@id\":\"https:\/\/serabella.ee\/#website\"},\"primaryImageOfPage\":{\"@id\":\"https:\/\/serabella.ee\/en\/product\/biodance-hydro-cera-nol-real-deep-mask-sugavniisutav-mask\/#primaryimage\"},\"image\":{\"@id\":\"https:\/\/serabella.ee\/en\/product\/biodance-hydro-cera-nol-real-deep-mask-sugavniisutav-mask\/#primaryimage\"},\"thumbnailUrl\":\"https:\/\/serabella.ee\/wp-content\/uploads\/2025\/01\/Biodance-Hydro-Cera-Nol-Real-Deep-Mask.png\",\"datePublished\":\"2025-01-13T19:30:46+00:00\",\"dateModified\":\"2025-11-01T22:02:40+00:00\",\"description\":\"Jahutava toimega mask v\u00e4hendab punetust ja rahustab \u00e4rritust rahustavate ning v\u00e4ga t\u00f5husate toimeainetega. Niisutab, toidab ja leevendab tundlikkust.\",\"breadcrumb\":{\"@id\":\"https:\/\/serabella.ee\/en\/product\/biodance-hydro-cera-nol-real-deep-mask-sugavniisutav-mask\/#breadcrumb\"},\"inLanguage\":\"en-US\",\"potentialAction\":[{\"@type\":\"ReadAction\",\"target\":[\"https:\/\/serabella.ee\/en\/product\/biodance-hydro-cera-nol-real-deep-mask-sugavniisutav-mask\/\"]}]},{\"@type\":\"ImageObject\",\"inLanguage\":\"en-US\",\"@id\":\"https:\/\/serabella.ee\/en\/product\/biodance-hydro-cera-nol-real-deep-mask-sugavniisutav-mask\/#primaryimage\",\"url\":\"https:\/\/serabella.ee\/wp-content\/uploads\/2025\/01\/Biodance-Hydro-Cera-Nol-Real-Deep-Mask.png\",\"contentUrl\":\"https:\/\/serabella.ee\/wp-content\/uploads\/2025\/01\/Biodance-Hydro-Cera-Nol-Real-Deep-Mask.png\",\"width\":1000,\"height\":1000,\"caption\":\"biodance\"},{\"@type\":\"BreadcrumbList\",\"@id\":\"https:\/\/serabella.ee\/en\/product\/biodance-hydro-cera-nol-real-deep-mask-sugavniisutav-mask\/#breadcrumb\",\"itemListElement\":[{\"@type\":\"ListItem\",\"position\":1,\"name\":\"Home\",\"item\":\"https:\/\/serabella.ee\/\"},{\"@type\":\"ListItem\",\"position\":2,\"name\":\"Shop\",\"item\":\"https:\/\/serabella.ee\/poevaade\/\"},{\"@type\":\"ListItem\",\"position\":3,\"name\":\"Biodance Hydro Cera-Nol Real Deep Mask\"}]},{\"@type\":\"WebSite\",\"@id\":\"https:\/\/serabella.ee\/#website\",\"url\":\"https:\/\/serabella.ee\/\",\"name\":\"Serabella\",\"description\":\"Ilu- ja kosmeetikatoodete e-pood\ud83d\udc9c\",\"potentialAction\":[{\"@type\":\"SearchAction\",\"target\":{\"@type\":\"EntryPoint\",\"urlTemplate\":\"https:\/\/serabella.ee\/?s={search_term_string}\"},\"query-input\":{\"@type\":\"PropertyValueSpecification\",\"valueRequired\":true,\"valueName\":\"search_term_string\"}}],\"inLanguage\":\"en-US\"}]}<\/script>\n<!-- \/ Yoast SEO plugin. -->","yoast_head_json":{"title":"Biodance Hydro Cera-Nol Real Deep Mask - Serabella","description":"Jahutava toimega mask v\u00e4hendab punetust ja rahustab \u00e4rritust rahustavate ning v\u00e4ga t\u00f5husate toimeainetega. Niisutab, toidab ja leevendab tundlikkust.","robots":{"index":"index","follow":"follow","max-snippet":"max-snippet:-1","max-image-preview":"max-image-preview:large","max-video-preview":"max-video-preview:-1"},"canonical":"https:\/\/serabella.ee\/en\/product\/biodance-hydro-cera-nol-real-deep-mask-sugavniisutav-mask\/","og_locale":"en_US","og_type":"article","og_title":"Biodance Hydro Cera-Nol Real Deep Mask - Serabella","og_description":"Jahutava toimega mask v\u00e4hendab punetust ja rahustab \u00e4rritust rahustavate ning v\u00e4ga t\u00f5husate toimeainetega. Niisutab, toidab ja leevendab tundlikkust.","og_url":"https:\/\/serabella.ee\/en\/product\/biodance-hydro-cera-nol-real-deep-mask-sugavniisutav-mask\/","og_site_name":"Serabella","article_modified_time":"2025-11-01T22:02:40+00:00","og_image":[{"width":1000,"height":1000,"url":"https:\/\/serabella.ee\/wp-content\/uploads\/2025\/01\/Biodance-Hydro-Cera-Nol-Real-Deep-Mask.png","type":"image\/png"}],"twitter_card":"summary_large_image","twitter_misc":{"Est. reading time":"2 minutes"},"schema":{"@context":"https:\/\/schema.org","@graph":[{"@type":"WebPage","@id":"https:\/\/serabella.ee\/en\/product\/biodance-hydro-cera-nol-real-deep-mask-sugavniisutav-mask\/","url":"https:\/\/serabella.ee\/en\/product\/biodance-hydro-cera-nol-real-deep-mask-sugavniisutav-mask\/","name":"Biodance Hydro Cera-Nol Real Deep Mask - Serabella","isPartOf":{"@id":"https:\/\/serabella.ee\/#website"},"primaryImageOfPage":{"@id":"https:\/\/serabella.ee\/en\/product\/biodance-hydro-cera-nol-real-deep-mask-sugavniisutav-mask\/#primaryimage"},"image":{"@id":"https:\/\/serabella.ee\/en\/product\/biodance-hydro-cera-nol-real-deep-mask-sugavniisutav-mask\/#primaryimage"},"thumbnailUrl":"https:\/\/serabella.ee\/wp-content\/uploads\/2025\/01\/Biodance-Hydro-Cera-Nol-Real-Deep-Mask.png","datePublished":"2025-01-13T19:30:46+00:00","dateModified":"2025-11-01T22:02:40+00:00","description":"Jahutava toimega mask v\u00e4hendab punetust ja rahustab \u00e4rritust rahustavate ning v\u00e4ga t\u00f5husate toimeainetega. Niisutab, toidab ja leevendab tundlikkust.","breadcrumb":{"@id":"https:\/\/serabella.ee\/en\/product\/biodance-hydro-cera-nol-real-deep-mask-sugavniisutav-mask\/#breadcrumb"},"inLanguage":"en-US","potentialAction":[{"@type":"ReadAction","target":["https:\/\/serabella.ee\/en\/product\/biodance-hydro-cera-nol-real-deep-mask-sugavniisutav-mask\/"]}]},{"@type":"ImageObject","inLanguage":"en-US","@id":"https:\/\/serabella.ee\/en\/product\/biodance-hydro-cera-nol-real-deep-mask-sugavniisutav-mask\/#primaryimage","url":"https:\/\/serabella.ee\/wp-content\/uploads\/2025\/01\/Biodance-Hydro-Cera-Nol-Real-Deep-Mask.png","contentUrl":"https:\/\/serabella.ee\/wp-content\/uploads\/2025\/01\/Biodance-Hydro-Cera-Nol-Real-Deep-Mask.png","width":1000,"height":1000,"caption":"biodance"},{"@type":"BreadcrumbList","@id":"https:\/\/serabella.ee\/en\/product\/biodance-hydro-cera-nol-real-deep-mask-sugavniisutav-mask\/#breadcrumb","itemListElement":[{"@type":"ListItem","position":1,"name":"Home","item":"https:\/\/serabella.ee\/"},{"@type":"ListItem","position":2,"name":"Shop","item":"https:\/\/serabella.ee\/poevaade\/"},{"@type":"ListItem","position":3,"name":"Biodance Hydro Cera-Nol Real Deep Mask"}]},{"@type":"WebSite","@id":"https:\/\/serabella.ee\/#website","url":"https:\/\/serabella.ee\/","name":"Serabella","description":"Ilu- ja kosmeetikatoodete e-pood\ud83d\udc9c","potentialAction":[{"@type":"SearchAction","target":{"@type":"EntryPoint","urlTemplate":"https:\/\/serabella.ee\/?s={search_term_string}"},"query-input":{"@type":"PropertyValueSpecification","valueRequired":true,"valueName":"search_term_string"}}],"inLanguage":"en-US"}]}},"_links":{"self":[{"href":"https:\/\/serabella.ee\/en\/wp-json\/wp\/v2\/product\/23390","targetHints":{"allow":["GET"]}}],"collection":[{"href":"https:\/\/serabella.ee\/en\/wp-json\/wp\/v2\/product"}],"about":[{"href":"https:\/\/serabella.ee\/en\/wp-json\/wp\/v2\/types\/product"}],"replies":[{"embeddable":true,"href":"https:\/\/serabella.ee\/en\/wp-json\/wp\/v2\/comments?post=23390"}],"wp:featuredmedia":[{"embeddable":true,"href":"https:\/\/serabella.ee\/en\/wp-json\/wp\/v2\/media\/19665"}],"wp:attachment":[{"href":"https:\/\/serabella.ee\/en\/wp-json\/wp\/v2\/media?parent=23390"}],"wp:term":[{"taxonomy":"product_brand","embeddable":true,"href":"https:\/\/serabella.ee\/en\/wp-json\/wp\/v2\/product_brand?post=23390"},{"taxonomy":"product_cat","embeddable":true,"href":"https:\/\/serabella.ee\/en\/wp-json\/wp\/v2\/product_cat?post=23390"},{"taxonomy":"product_tag","embeddable":true,"href":"https:\/\/serabella.ee\/en\/wp-json\/wp\/v2\/product_tag?post=23390"}],"curies":[{"name":"wp","href":"https:\/\/api.w.org\/{rel}","templated":true}]}}