{"id":23875,"date":"2025-03-14T13:02:00","date_gmt":"2025-03-14T11:02:00","guid":{"rendered":"https:\/\/serabella.ee\/?post_type=product&#038;p=23875"},"modified":"2025-11-02T01:02:40","modified_gmt":"2025-11-01T22:02:40","slug":"hwarang-bellflower-moisturizing-barrier-cream-80ml","status":"publish","type":"product","link":"https:\/\/serabella.ee\/en\/product\/hwarang-bellflower-moisturizing-barrier-cream-80ml\/","title":{"rendered":"Hwarang Bellflower Moisturizing Barrier Cream 80ml"},"content":{"rendered":"<div class=\"wpb-content-wrapper\"><p>[vc_row][vc_column]\n\t\t<div id=\"wd-66d7108eb13ae\" class=\"wd-tabs wd-wpb wd-rs-66d7108eb13ae tabs-design-simple \">\n\t\t\t<div class=\"wd-tabs-header text-center\">\n\t\t\t\t\n\t\t\t\t\n\t\t\t\t<div class=\"wd-nav-wrapper wd-nav-tabs-wrapper\">\n\t\t\t\t\t<ul class=\"wd-nav wd-nav-tabs wd-icon-pos-left wd-style-default font-primary wd-fontsize-s wd-font-weight-600\">\n\t\t\t\t\t\t\t\t\t\t\t\t\t\n\t\t\t\t\t\t\t<li>\n\t\t\t\t\t\t\t\t<a href=\"#\" class=\"wd-nav-link\">\n\t\t\t\t\t\t\t\t\t\t\t\t\t\t\t\t\t\t<span class=\"nav-link-text wd-tabs-title\">\n\t\t\t\t\t\t\t\t\t\tDescription\t\t\t\t\t\t\t\t\t<\/span>\n\t\t\t\t\t\t\t\t<\/a>\n\t\t\t\t\t\t\t<\/li>\n\n\t\t\t\t\t\t\t\t\t\t\t\t\t\n\t\t\t\t\t\t\t<li>\n\t\t\t\t\t\t\t\t<a href=\"#\" class=\"wd-nav-link\">\n\t\t\t\t\t\t\t\t\t\t\t\t\t\t\t\t\t\t<span class=\"nav-link-text wd-tabs-title\">\n\t\t\t\t\t\t\t\t\t\tIngredients\t\t\t\t\t\t\t\t\t<\/span>\n\t\t\t\t\t\t\t\t<\/a>\n\t\t\t\t\t\t\t<\/li>\n\n\t\t\t\t\t\t\n\t\t\t\t\t<\/ul>\n\t\t\t\t<\/div>\n\t\t\t<\/div>\n\n\t\t\t<div class=\"wd-tab-content-wrapper\">\n\t\t\t\t\n\t\t<div class=\"wd-tab-content\">\n\t\t\t\t\t\t\t<strong>Hwarang\u2019 Bellflower Barrier Cream is a deeply nourishing moisturizer that has the perfect balance of hydration and radiance.<\/strong> The cream is packed with powerful ingredients that protect and strengthen your skin\u2019s barrier, including Ceramide NP, Panthenol, Ectoine, and PGA (Polyglutamic Acid). Bellflower Barrier Cream creates a soothing moisture layer on the skin after application and helps lock in moisture thanks to its powerful active ingredients. It is ideal for those with dry to normal skin, providing the perfect balance between hydration and nourishment.<\/p>\n<h5><span style=\"color: #a931e1;\"><strong>Active substances<\/strong><\/span><\/h5>\n<p>Ceramides : Over fifty percent of the skin barrier is made up of ceramides. The skin\u2019s natural ceramides can be depleted in both quantity and quality due to harsh environmental conditions. <strong>Ceramide-based skincare can help restore the skin barrier in these cases<\/strong>. Ceramides work exceptionally well in combination with other skin-restoring and moisturizing ingredients, such as glycerin, panthenol, ectoine, polyglutamic acid, squalene, and niacinamide. (We have them all!)<\/p>\n<p><strong>Our<\/strong> <strong>Bellflower Barrier Cream contains 1% panthenol.<\/strong> Panthenol, or provitamin B5, attracts and retains water on the skin\u2019s surface. It also soothes irritated and damaged skin. With its moisturizing and soothing properties, regular use can improve skin texture and elasticity.<\/p>\n<p><strong>Polyglutamic acid (PGA) is a peptide<\/strong> found in foods made from naturally fermented soybeans. It is a great humectant, capable of holding up to 5,000 times its weight in water. Its deep moisturizing properties help maintain the skin\u2019s water balance, thereby strengthening the skin barrier.<\/p>\n<p><strong>Ectoine<\/strong> is an amino acid naturally produced by microorganisms to protect cells in extreme environments such as deserts, salt lakes and hot springs. Its strong water-binding properties are beneficial in hydrating the skin. It also has anti-inflammatory and soothing properties, making it ideal for sensitive and irritated skin.<\/p>\n<h5><span style=\"color: #a931e1;\"><strong>How to use<\/strong><\/span><\/h5>\n<p>Kanna n\u00e4ole ja kaelale sobiv kogus kreemi ja patsuta \u00f5rnalt naha sisse kuni t\u00e4ieliku imendumiseni. \t\t\t\t\t<\/div>\n\n\t\t\n\t\t<div class=\"wd-tab-content\">\n\t\t\t\t\t\t\tAqua, Glycerin, Butylene Glycol, Isononyl Isononanoate, Propanediol, Caprylic\/Capric Triglyceride, 1,2-Hexanediol, Niacinamide, C14-22 Alcohols, Squalane, Palmitic Acid, Stearic Acid, Cetearyl Alcohol, Vinyl Dimethicone, Cetyl Ethylhexanoate, Panthenol, Ectoin, Polyglutamic Acid, Guaiazulene, Platycodon Grandiflorus Root Extract, Ceramide NP, Centella Asiatica Extract, Glyceryl Stearate, Butyrospermum Parkii (Shea) Butter, C12-20 Alkyl Glucoside, Arginine, Sodium Polyacryloyldimethyl Taurate, Eclipta Prostrata Extract, Trehalose, Pentaerythrityl Tetra-di-t-butyl Hydroxyhydrocinnamate, Hydrogenated Lecithin, Dicaprylyl Ether, Tocopherol, Sodium Stearoyl Glutamate, Ethylhexylglycerin, C18-36 Acid Triglyceride, Adenosine, Dipropylene Glycol, Hydrolyzed Hyaluronic Acid, Hydrolyzed Sodium Hyaluronate, Hyaluronic Acid, Hydroxypropyltrimonium Hyaluronate, Potassium Hyaluronate, Pentylene Glycol, Sodium Hyaluronate Crosspolymer, Sodium Acetylated Hyaluronate, Melia Azadirachta Leaf Extract, Melia Azadirachta Flower Extract, Jojoba Esters, Disodium EDTA, Polyglyceryl-10 Dilaurate, Solanum Melongena (Eggplant) Fruit Extract, C12-18 Acid Triglyceride, Coccinia Indica Fruit Extract, Squalene, Brassica Oleracea Capitata (Cabbage) Leaf Extract, Viola Mandshurica Flower Extract, Glyceryl Glucoside, Aloe Barbadensis Flower Extract, Moringa Oleifera Seed Oil, Betaine, Beta-Glucan, Phytosteryl Macadamiate, Simmondsia Chinensis (Jojoba) Seed Oil, Sodium Hyaluronate, Ocimum Sanctum Leaf Extract, Curcuma Longa (Turmeric) Root Extract, Corallina Officinalis Extract, Phytosterols, Carbomer, Xanthan Gum. Toodete koostisosade eest vastutab tootja. V\u00f5imalike muudatuste t\u00f5ttu soovitame kontrollida toote koostisosade loendit otse toote pakendilt.\t\t\t\t\t<\/div>\n\n\t\t\t\t\t<\/div>\n\t\t<\/div>\n\n\t\t[\/vc_column][\/vc_row]<\/p>\n<\/div>","protected":false},"excerpt":{"rendered":"<p>A deeply hydrating cream with the perfect balance of hydration and radiance, it nourishes the skin and creates a moisture-locking barrier.<\/p>\n","protected":false},"featured_media":23848,"comment_status":"open","ping_status":"closed","template":"","meta":{"inline_featured_image":false},"product_brand":[],"product_cat":[575,574,551,573],"product_tag":[],"class_list":{"0":"post-23875","1":"product","2":"type-product","3":"status-publish","4":"has-post-thumbnail","6":"product_cat-face-creams","7":"product_cat-intensive-care","8":"product_cat-korean-cosmetics","9":"product_cat-skin-care","10":"pa_brands-hwarang-en","11":"pa_paritoluriik-korea-en","13":"first","14":"instock","15":"sale","16":"taxable","17":"shipping-taxable","18":"purchasable","19":"product-type-simple"},"yoast_head":"<!-- This site is optimized with the Yoast SEO plugin v25.1 - https:\/\/yoast.com\/wordpress\/plugins\/seo\/ -->\n<title>Hwarang Bellflower Moisturizing Barrier Cream 80ml - Serabella<\/title>\n<meta name=\"robots\" content=\"index, follow, max-snippet:-1, max-image-preview:large, max-video-preview:-1\" \/>\n<link rel=\"canonical\" href=\"https:\/\/serabella.ee\/en\/product\/hwarang-bellflower-moisturizing-barrier-cream-80ml\/\" \/>\n<meta property=\"og:locale\" content=\"en_US\" \/>\n<meta property=\"og:type\" content=\"article\" \/>\n<meta property=\"og:title\" content=\"Hwarang Bellflower Moisturizing Barrier Cream 80ml - Serabella\" \/>\n<meta property=\"og:description\" content=\"A deeply hydrating cream with the perfect balance of hydration and radiance, it nourishes the skin and creates a moisture-locking barrier.\" \/>\n<meta property=\"og:url\" content=\"https:\/\/serabella.ee\/en\/product\/hwarang-bellflower-moisturizing-barrier-cream-80ml\/\" \/>\n<meta property=\"og:site_name\" content=\"Serabella\" \/>\n<meta property=\"article:modified_time\" content=\"2025-11-01T22:02:40+00:00\" \/>\n<meta property=\"og:image\" content=\"https:\/\/serabella.ee\/wp-content\/uploads\/2025\/03\/Hwarang-Bellflower-Moisturizing-Barrier-Cream-.png\" \/>\n\t<meta property=\"og:image:width\" content=\"1000\" \/>\n\t<meta property=\"og:image:height\" content=\"1000\" \/>\n\t<meta property=\"og:image:type\" content=\"image\/png\" \/>\n<meta name=\"twitter:card\" content=\"summary_large_image\" \/>\n<meta name=\"twitter:label1\" content=\"Est. reading time\" \/>\n\t<meta name=\"twitter:data1\" content=\"3 minutes\" \/>\n<script type=\"application\/ld+json\" class=\"yoast-schema-graph\">{\"@context\":\"https:\/\/schema.org\",\"@graph\":[{\"@type\":\"WebPage\",\"@id\":\"https:\/\/serabella.ee\/en\/product\/hwarang-bellflower-moisturizing-barrier-cream-80ml\/\",\"url\":\"https:\/\/serabella.ee\/en\/product\/hwarang-bellflower-moisturizing-barrier-cream-80ml\/\",\"name\":\"Hwarang Bellflower Moisturizing Barrier Cream 80ml - Serabella\",\"isPartOf\":{\"@id\":\"https:\/\/serabella.ee\/#website\"},\"primaryImageOfPage\":{\"@id\":\"https:\/\/serabella.ee\/en\/product\/hwarang-bellflower-moisturizing-barrier-cream-80ml\/#primaryimage\"},\"image\":{\"@id\":\"https:\/\/serabella.ee\/en\/product\/hwarang-bellflower-moisturizing-barrier-cream-80ml\/#primaryimage\"},\"thumbnailUrl\":\"https:\/\/serabella.ee\/wp-content\/uploads\/2025\/03\/Hwarang-Bellflower-Moisturizing-Barrier-Cream-.png\",\"datePublished\":\"2025-03-14T11:02:00+00:00\",\"dateModified\":\"2025-11-01T22:02:40+00:00\",\"breadcrumb\":{\"@id\":\"https:\/\/serabella.ee\/en\/product\/hwarang-bellflower-moisturizing-barrier-cream-80ml\/#breadcrumb\"},\"inLanguage\":\"en-US\",\"potentialAction\":[{\"@type\":\"ReadAction\",\"target\":[\"https:\/\/serabella.ee\/en\/product\/hwarang-bellflower-moisturizing-barrier-cream-80ml\/\"]}]},{\"@type\":\"ImageObject\",\"inLanguage\":\"en-US\",\"@id\":\"https:\/\/serabella.ee\/en\/product\/hwarang-bellflower-moisturizing-barrier-cream-80ml\/#primaryimage\",\"url\":\"https:\/\/serabella.ee\/wp-content\/uploads\/2025\/03\/Hwarang-Bellflower-Moisturizing-Barrier-Cream-.png\",\"contentUrl\":\"https:\/\/serabella.ee\/wp-content\/uploads\/2025\/03\/Hwarang-Bellflower-Moisturizing-Barrier-Cream-.png\",\"width\":1000,\"height\":1000},{\"@type\":\"BreadcrumbList\",\"@id\":\"https:\/\/serabella.ee\/en\/product\/hwarang-bellflower-moisturizing-barrier-cream-80ml\/#breadcrumb\",\"itemListElement\":[{\"@type\":\"ListItem\",\"position\":1,\"name\":\"Home\",\"item\":\"https:\/\/serabella.ee\/\"},{\"@type\":\"ListItem\",\"position\":2,\"name\":\"Shop\",\"item\":\"https:\/\/serabella.ee\/poevaade\/\"},{\"@type\":\"ListItem\",\"position\":3,\"name\":\"Hwarang Bellflower Moisturizing Barrier Cream 80ml\"}]},{\"@type\":\"WebSite\",\"@id\":\"https:\/\/serabella.ee\/#website\",\"url\":\"https:\/\/serabella.ee\/\",\"name\":\"Serabella\",\"description\":\"Ilu- ja kosmeetikatoodete e-pood\ud83d\udc9c\",\"potentialAction\":[{\"@type\":\"SearchAction\",\"target\":{\"@type\":\"EntryPoint\",\"urlTemplate\":\"https:\/\/serabella.ee\/?s={search_term_string}\"},\"query-input\":{\"@type\":\"PropertyValueSpecification\",\"valueRequired\":true,\"valueName\":\"search_term_string\"}}],\"inLanguage\":\"en-US\"}]}<\/script>\n<!-- \/ Yoast SEO plugin. -->","yoast_head_json":{"title":"Hwarang Bellflower Moisturizing Barrier Cream 80ml - Serabella","robots":{"index":"index","follow":"follow","max-snippet":"max-snippet:-1","max-image-preview":"max-image-preview:large","max-video-preview":"max-video-preview:-1"},"canonical":"https:\/\/serabella.ee\/en\/product\/hwarang-bellflower-moisturizing-barrier-cream-80ml\/","og_locale":"en_US","og_type":"article","og_title":"Hwarang Bellflower Moisturizing Barrier Cream 80ml - Serabella","og_description":"A deeply hydrating cream with the perfect balance of hydration and radiance, it nourishes the skin and creates a moisture-locking barrier.","og_url":"https:\/\/serabella.ee\/en\/product\/hwarang-bellflower-moisturizing-barrier-cream-80ml\/","og_site_name":"Serabella","article_modified_time":"2025-11-01T22:02:40+00:00","og_image":[{"width":1000,"height":1000,"url":"https:\/\/serabella.ee\/wp-content\/uploads\/2025\/03\/Hwarang-Bellflower-Moisturizing-Barrier-Cream-.png","type":"image\/png"}],"twitter_card":"summary_large_image","twitter_misc":{"Est. reading time":"3 minutes"},"schema":{"@context":"https:\/\/schema.org","@graph":[{"@type":"WebPage","@id":"https:\/\/serabella.ee\/en\/product\/hwarang-bellflower-moisturizing-barrier-cream-80ml\/","url":"https:\/\/serabella.ee\/en\/product\/hwarang-bellflower-moisturizing-barrier-cream-80ml\/","name":"Hwarang Bellflower Moisturizing Barrier Cream 80ml - Serabella","isPartOf":{"@id":"https:\/\/serabella.ee\/#website"},"primaryImageOfPage":{"@id":"https:\/\/serabella.ee\/en\/product\/hwarang-bellflower-moisturizing-barrier-cream-80ml\/#primaryimage"},"image":{"@id":"https:\/\/serabella.ee\/en\/product\/hwarang-bellflower-moisturizing-barrier-cream-80ml\/#primaryimage"},"thumbnailUrl":"https:\/\/serabella.ee\/wp-content\/uploads\/2025\/03\/Hwarang-Bellflower-Moisturizing-Barrier-Cream-.png","datePublished":"2025-03-14T11:02:00+00:00","dateModified":"2025-11-01T22:02:40+00:00","breadcrumb":{"@id":"https:\/\/serabella.ee\/en\/product\/hwarang-bellflower-moisturizing-barrier-cream-80ml\/#breadcrumb"},"inLanguage":"en-US","potentialAction":[{"@type":"ReadAction","target":["https:\/\/serabella.ee\/en\/product\/hwarang-bellflower-moisturizing-barrier-cream-80ml\/"]}]},{"@type":"ImageObject","inLanguage":"en-US","@id":"https:\/\/serabella.ee\/en\/product\/hwarang-bellflower-moisturizing-barrier-cream-80ml\/#primaryimage","url":"https:\/\/serabella.ee\/wp-content\/uploads\/2025\/03\/Hwarang-Bellflower-Moisturizing-Barrier-Cream-.png","contentUrl":"https:\/\/serabella.ee\/wp-content\/uploads\/2025\/03\/Hwarang-Bellflower-Moisturizing-Barrier-Cream-.png","width":1000,"height":1000},{"@type":"BreadcrumbList","@id":"https:\/\/serabella.ee\/en\/product\/hwarang-bellflower-moisturizing-barrier-cream-80ml\/#breadcrumb","itemListElement":[{"@type":"ListItem","position":1,"name":"Home","item":"https:\/\/serabella.ee\/"},{"@type":"ListItem","position":2,"name":"Shop","item":"https:\/\/serabella.ee\/poevaade\/"},{"@type":"ListItem","position":3,"name":"Hwarang Bellflower Moisturizing Barrier Cream 80ml"}]},{"@type":"WebSite","@id":"https:\/\/serabella.ee\/#website","url":"https:\/\/serabella.ee\/","name":"Serabella","description":"Ilu- ja kosmeetikatoodete e-pood\ud83d\udc9c","potentialAction":[{"@type":"SearchAction","target":{"@type":"EntryPoint","urlTemplate":"https:\/\/serabella.ee\/?s={search_term_string}"},"query-input":{"@type":"PropertyValueSpecification","valueRequired":true,"valueName":"search_term_string"}}],"inLanguage":"en-US"}]}},"_links":{"self":[{"href":"https:\/\/serabella.ee\/en\/wp-json\/wp\/v2\/product\/23875","targetHints":{"allow":["GET"]}}],"collection":[{"href":"https:\/\/serabella.ee\/en\/wp-json\/wp\/v2\/product"}],"about":[{"href":"https:\/\/serabella.ee\/en\/wp-json\/wp\/v2\/types\/product"}],"replies":[{"embeddable":true,"href":"https:\/\/serabella.ee\/en\/wp-json\/wp\/v2\/comments?post=23875"}],"wp:featuredmedia":[{"embeddable":true,"href":"https:\/\/serabella.ee\/en\/wp-json\/wp\/v2\/media\/23848"}],"wp:attachment":[{"href":"https:\/\/serabella.ee\/en\/wp-json\/wp\/v2\/media?parent=23875"}],"wp:term":[{"taxonomy":"product_brand","embeddable":true,"href":"https:\/\/serabella.ee\/en\/wp-json\/wp\/v2\/product_brand?post=23875"},{"taxonomy":"product_cat","embeddable":true,"href":"https:\/\/serabella.ee\/en\/wp-json\/wp\/v2\/product_cat?post=23875"},{"taxonomy":"product_tag","embeddable":true,"href":"https:\/\/serabella.ee\/en\/wp-json\/wp\/v2\/product_tag?post=23875"}],"curies":[{"name":"wp","href":"https:\/\/api.w.org\/{rel}","templated":true}]}}