{"id":23896,"date":"2024-09-23T13:01:14","date_gmt":"2024-09-23T11:01:14","guid":{"rendered":"https:\/\/serabella.ee\/?post_type=product&#038;p=23896"},"modified":"2025-11-02T01:02:40","modified_gmt":"2025-11-01T22:02:40","slug":"loreal-bright-reveal-niacinamide-anti-stain-exfoliant-25ml","status":"publish","type":"product","link":"https:\/\/serabella.ee\/en\/product\/loreal-bright-reveal-niacinamide-anti-stain-exfoliant-25ml\/","title":{"rendered":"L&#8217;Oreal Bright Reveal Niacinamide Anti-Stain Exfoliant 25ml"},"content":{"rendered":"<div class=\"wpb-content-wrapper\"><p>[vc_row][vc_column]\n\t\t<div id=\"wd-66d7108eb13ae\" class=\"wd-tabs wd-wpb wd-rs-66d7108eb13ae tabs-design-simple \">\n\t\t\t<div class=\"wd-tabs-header text-center\">\n\t\t\t\t\n\t\t\t\t\n\t\t\t\t<div class=\"wd-nav-wrapper wd-nav-tabs-wrapper\">\n\t\t\t\t\t<ul class=\"wd-nav wd-nav-tabs wd-icon-pos-left wd-style-default font-primary wd-fontsize-s wd-font-weight-600\">\n\t\t\t\t\t\t\t\t\t\t\t\t\t\n\t\t\t\t\t\t\t<li>\n\t\t\t\t\t\t\t\t<a href=\"#\" class=\"wd-nav-link\">\n\t\t\t\t\t\t\t\t\t\t\t\t\t\t\t\t\t\t<span class=\"nav-link-text wd-tabs-title\">\n\t\t\t\t\t\t\t\t\t\tDescription\t\t\t\t\t\t\t\t\t<\/span>\n\t\t\t\t\t\t\t\t<\/a>\n\t\t\t\t\t\t\t<\/li>\n\n\t\t\t\t\t\t\t\t\t\t\t\t\t\n\t\t\t\t\t\t\t<li>\n\t\t\t\t\t\t\t\t<a href=\"#\" class=\"wd-nav-link\">\n\t\t\t\t\t\t\t\t\t\t\t\t\t\t\t\t\t\t<span class=\"nav-link-text wd-tabs-title\">\n\t\t\t\t\t\t\t\t\t\tIngredients\t\t\t\t\t\t\t\t\t<\/span>\n\t\t\t\t\t\t\t\t<\/a>\n\t\t\t\t\t\t\t<\/li>\n\n\t\t\t\t\t\t\n\t\t\t\t\t<\/ul>\n\t\t\t\t<\/div>\n\t\t\t<\/div>\n\n\t\t\t<div class=\"wd-tab-content-wrapper\">\n\t\t\t\t\n\t\t<div class=\"wd-tab-content\">\n\t\t\t\t\t\t\t<strong>A facial scrub that quickly reduces blemishes and dark spots on the skin<\/strong> -BRIGHT REVEAL NIACINAMIDE anti-spot exfoliant\u00a0from\u00a0L&#8217;OR\u00c9AL PARIS.\u00a0<\/p>\n<p><b>Main benefits:<\/b><\/p>\n<p>With a powerful formulation of 25% multi-size acids (AHA, BHA and PHA) and niacinamide, this exfoliant acts quickly on<strong> post-acne blemishes and dark spots.<\/strong><\/p>\n<h4><strong>Active substances<\/strong><\/h4>\n<p><strong>Alpha-hydroxy acids<\/strong> &#8211; help to even out skin texture.<\/p>\n<p><strong>Beta-hydroxy acids<\/strong> &#8211; help to reduce imperfections and visible pores.<\/p>\n<p><strong>Polyhydroxy acids<\/strong> &#8211; gently exfoliate the skin&#8217;s surface, resulting in brighter and smoother skin.<\/p>\n<p><strong>Niacinamide<\/strong> &#8211; brightens the skin.<\/p>\n<h5><strong>How to use<\/strong><\/h5>\n<p>Shake the bottle vigorously from side to side, turn the bottle upside down and squeeze the transparent tip to dispense the product into the palm of your hand. Apply evenly with your fingertips to clean, dry skin all over your face, avoiding the area around the eyes, lips and nostrils. Leave on for 15 minutes and then remove excess with a cotton pad. Rinse with water and then apply your usual moisturiser. Not suitable for daily use. We recommend using four times a week in the evening and every other day. Apply a cream with a protection factor of at least SPF 30 to your skin every morning.<\/p>\n<p>Alfa-h\u00fcdroks\u00fchapped-aitavad \u00fchtlustada naha tekstuuri. Beeta-h\u00fcdroks\u00fchapped \u2013 aitavad v\u00e4hendada ebat\u00e4iuseid ja m\u00e4rgatavaid poore Pol\u00fch\u00fcdroks\u00fchapped \u2013 koorivad \u00f5rnalt nahapinda, mille tulemusena on nahk s\u00e4ravam ja siledam nahk Niatsiinamiid \u2013 kirgastab nahka \t\t\t\t\t<\/div>\n\n\t\t\n\t\t<div class=\"wd-tab-content\">\n\t\t\t\t\t\t\tAQUA \/ WATER \u2022 ALCOHOL DENAT. \u2022 LACTIC ACID \u2022 GLYCOLIC ACID \u2022 GLUCONOLACTONE \u2022 PROPANEDIOL \u2022 SODIUM HYDROXIDE \u2022 GLYCERIN \u2022 SILICA \u2022 SALICYLIC ACID \u2022 MICA \u2022 MANDELIC ACID \u2022 POLYACRYLATE CROSSPOLYMER-6 \u2022 CI 77891 \/ TITANIUM DIOXIDE \u2022 HYDROXYETHYLCELLULOSE \u2022 ETHYL MENTHANE CARBOXAMIDE \u2022 NIACINAMIDE \u2022 XANTHAN GUM \u2022 PARFUM \/ FRAGRANCE \u2022 TRISODIUM ETHYLENEDIAMINE DISUCCINATE \u2022 CI 19140 \/ YELLOW 5 \u2022 CI 42090 \/ BLUE 1 \t\t\t\t\t<\/div>\n\n\t\t\t\t\t<\/div>\n\t\t<\/div>\n\n\t\t[\/vc_column][\/vc_row]<\/p>\n<\/div>","protected":false},"excerpt":{"rendered":"<p>A facial scrub that quickly reduces blemishes and dark spots on the skin.<\/p>\n","protected":false},"featured_media":9625,"comment_status":"open","ping_status":"closed","template":"","meta":{"inline_featured_image":false},"product_brand":[],"product_cat":[574,573],"product_tag":[],"class_list":{"0":"post-23896","1":"product","2":"type-product","3":"status-publish","4":"has-post-thumbnail","6":"product_cat-intensive-care","7":"product_cat-skin-care","8":"pa_brands-loreal","10":"first","11":"instock","12":"sale","13":"taxable","14":"shipping-taxable","15":"purchasable","16":"product-type-simple"},"yoast_head":"<!-- This site is optimized with the Yoast SEO plugin v25.1 - https:\/\/yoast.com\/wordpress\/plugins\/seo\/ -->\n<title>L&#039;Oreal Bright Reveal Niacinamide Anti-Stain Exfoliant 25ml - Serabella<\/title>\n<meta name=\"robots\" content=\"index, follow, max-snippet:-1, max-image-preview:large, max-video-preview:-1\" \/>\n<link rel=\"canonical\" href=\"https:\/\/serabella.ee\/en\/product\/loreal-bright-reveal-niacinamide-anti-stain-exfoliant-25ml\/\" \/>\n<meta property=\"og:locale\" content=\"en_US\" \/>\n<meta property=\"og:type\" content=\"article\" \/>\n<meta property=\"og:title\" content=\"L&#039;Oreal Bright Reveal Niacinamide Anti-Stain Exfoliant 25ml - Serabella\" \/>\n<meta property=\"og:description\" content=\"A facial scrub that quickly reduces blemishes and dark spots on the skin.\" \/>\n<meta property=\"og:url\" content=\"https:\/\/serabella.ee\/en\/product\/loreal-bright-reveal-niacinamide-anti-stain-exfoliant-25ml\/\" \/>\n<meta property=\"og:site_name\" content=\"Serabella\" \/>\n<meta property=\"article:modified_time\" content=\"2025-11-01T22:02:40+00:00\" \/>\n<meta property=\"og:image\" content=\"https:\/\/serabella.ee\/wp-content\/uploads\/2024\/09\/LOreal-Bright-Reveal-Niacinamide-Anti-Stain-Exfoliant-25ml.png\" \/>\n\t<meta property=\"og:image:width\" content=\"1080\" \/>\n\t<meta property=\"og:image:height\" content=\"1080\" \/>\n\t<meta property=\"og:image:type\" content=\"image\/png\" \/>\n<meta name=\"twitter:card\" content=\"summary_large_image\" \/>\n<meta name=\"twitter:label1\" content=\"Est. reading time\" \/>\n\t<meta name=\"twitter:data1\" content=\"2 minutes\" \/>\n<script type=\"application\/ld+json\" class=\"yoast-schema-graph\">{\"@context\":\"https:\/\/schema.org\",\"@graph\":[{\"@type\":\"WebPage\",\"@id\":\"https:\/\/serabella.ee\/en\/product\/loreal-bright-reveal-niacinamide-anti-stain-exfoliant-25ml\/\",\"url\":\"https:\/\/serabella.ee\/en\/product\/loreal-bright-reveal-niacinamide-anti-stain-exfoliant-25ml\/\",\"name\":\"L'Oreal Bright Reveal Niacinamide Anti-Stain Exfoliant 25ml - Serabella\",\"isPartOf\":{\"@id\":\"https:\/\/serabella.ee\/#website\"},\"primaryImageOfPage\":{\"@id\":\"https:\/\/serabella.ee\/en\/product\/loreal-bright-reveal-niacinamide-anti-stain-exfoliant-25ml\/#primaryimage\"},\"image\":{\"@id\":\"https:\/\/serabella.ee\/en\/product\/loreal-bright-reveal-niacinamide-anti-stain-exfoliant-25ml\/#primaryimage\"},\"thumbnailUrl\":\"https:\/\/serabella.ee\/wp-content\/uploads\/2024\/09\/LOreal-Bright-Reveal-Niacinamide-Anti-Stain-Exfoliant-25ml.png\",\"datePublished\":\"2024-09-23T11:01:14+00:00\",\"dateModified\":\"2025-11-01T22:02:40+00:00\",\"breadcrumb\":{\"@id\":\"https:\/\/serabella.ee\/en\/product\/loreal-bright-reveal-niacinamide-anti-stain-exfoliant-25ml\/#breadcrumb\"},\"inLanguage\":\"en-US\",\"potentialAction\":[{\"@type\":\"ReadAction\",\"target\":[\"https:\/\/serabella.ee\/en\/product\/loreal-bright-reveal-niacinamide-anti-stain-exfoliant-25ml\/\"]}]},{\"@type\":\"ImageObject\",\"inLanguage\":\"en-US\",\"@id\":\"https:\/\/serabella.ee\/en\/product\/loreal-bright-reveal-niacinamide-anti-stain-exfoliant-25ml\/#primaryimage\",\"url\":\"https:\/\/serabella.ee\/wp-content\/uploads\/2024\/09\/LOreal-Bright-Reveal-Niacinamide-Anti-Stain-Exfoliant-25ml.png\",\"contentUrl\":\"https:\/\/serabella.ee\/wp-content\/uploads\/2024\/09\/LOreal-Bright-Reveal-Niacinamide-Anti-Stain-Exfoliant-25ml.png\",\"width\":1080,\"height\":1080},{\"@type\":\"BreadcrumbList\",\"@id\":\"https:\/\/serabella.ee\/en\/product\/loreal-bright-reveal-niacinamide-anti-stain-exfoliant-25ml\/#breadcrumb\",\"itemListElement\":[{\"@type\":\"ListItem\",\"position\":1,\"name\":\"Home\",\"item\":\"https:\/\/serabella.ee\/\"},{\"@type\":\"ListItem\",\"position\":2,\"name\":\"Shop\",\"item\":\"https:\/\/serabella.ee\/poevaade\/\"},{\"@type\":\"ListItem\",\"position\":3,\"name\":\"L&#8217;Oreal Bright Reveal Niacinamide Anti-Stain Exfoliant 25ml\"}]},{\"@type\":\"WebSite\",\"@id\":\"https:\/\/serabella.ee\/#website\",\"url\":\"https:\/\/serabella.ee\/\",\"name\":\"Serabella\",\"description\":\"Ilu- ja kosmeetikatoodete e-pood\ud83d\udc9c\",\"potentialAction\":[{\"@type\":\"SearchAction\",\"target\":{\"@type\":\"EntryPoint\",\"urlTemplate\":\"https:\/\/serabella.ee\/?s={search_term_string}\"},\"query-input\":{\"@type\":\"PropertyValueSpecification\",\"valueRequired\":true,\"valueName\":\"search_term_string\"}}],\"inLanguage\":\"en-US\"}]}<\/script>\n<!-- \/ Yoast SEO plugin. -->","yoast_head_json":{"title":"L'Oreal Bright Reveal Niacinamide Anti-Stain Exfoliant 25ml - Serabella","robots":{"index":"index","follow":"follow","max-snippet":"max-snippet:-1","max-image-preview":"max-image-preview:large","max-video-preview":"max-video-preview:-1"},"canonical":"https:\/\/serabella.ee\/en\/product\/loreal-bright-reveal-niacinamide-anti-stain-exfoliant-25ml\/","og_locale":"en_US","og_type":"article","og_title":"L'Oreal Bright Reveal Niacinamide Anti-Stain Exfoliant 25ml - Serabella","og_description":"A facial scrub that quickly reduces blemishes and dark spots on the skin.","og_url":"https:\/\/serabella.ee\/en\/product\/loreal-bright-reveal-niacinamide-anti-stain-exfoliant-25ml\/","og_site_name":"Serabella","article_modified_time":"2025-11-01T22:02:40+00:00","og_image":[{"width":1080,"height":1080,"url":"https:\/\/serabella.ee\/wp-content\/uploads\/2024\/09\/LOreal-Bright-Reveal-Niacinamide-Anti-Stain-Exfoliant-25ml.png","type":"image\/png"}],"twitter_card":"summary_large_image","twitter_misc":{"Est. reading time":"2 minutes"},"schema":{"@context":"https:\/\/schema.org","@graph":[{"@type":"WebPage","@id":"https:\/\/serabella.ee\/en\/product\/loreal-bright-reveal-niacinamide-anti-stain-exfoliant-25ml\/","url":"https:\/\/serabella.ee\/en\/product\/loreal-bright-reveal-niacinamide-anti-stain-exfoliant-25ml\/","name":"L'Oreal Bright Reveal Niacinamide Anti-Stain Exfoliant 25ml - Serabella","isPartOf":{"@id":"https:\/\/serabella.ee\/#website"},"primaryImageOfPage":{"@id":"https:\/\/serabella.ee\/en\/product\/loreal-bright-reveal-niacinamide-anti-stain-exfoliant-25ml\/#primaryimage"},"image":{"@id":"https:\/\/serabella.ee\/en\/product\/loreal-bright-reveal-niacinamide-anti-stain-exfoliant-25ml\/#primaryimage"},"thumbnailUrl":"https:\/\/serabella.ee\/wp-content\/uploads\/2024\/09\/LOreal-Bright-Reveal-Niacinamide-Anti-Stain-Exfoliant-25ml.png","datePublished":"2024-09-23T11:01:14+00:00","dateModified":"2025-11-01T22:02:40+00:00","breadcrumb":{"@id":"https:\/\/serabella.ee\/en\/product\/loreal-bright-reveal-niacinamide-anti-stain-exfoliant-25ml\/#breadcrumb"},"inLanguage":"en-US","potentialAction":[{"@type":"ReadAction","target":["https:\/\/serabella.ee\/en\/product\/loreal-bright-reveal-niacinamide-anti-stain-exfoliant-25ml\/"]}]},{"@type":"ImageObject","inLanguage":"en-US","@id":"https:\/\/serabella.ee\/en\/product\/loreal-bright-reveal-niacinamide-anti-stain-exfoliant-25ml\/#primaryimage","url":"https:\/\/serabella.ee\/wp-content\/uploads\/2024\/09\/LOreal-Bright-Reveal-Niacinamide-Anti-Stain-Exfoliant-25ml.png","contentUrl":"https:\/\/serabella.ee\/wp-content\/uploads\/2024\/09\/LOreal-Bright-Reveal-Niacinamide-Anti-Stain-Exfoliant-25ml.png","width":1080,"height":1080},{"@type":"BreadcrumbList","@id":"https:\/\/serabella.ee\/en\/product\/loreal-bright-reveal-niacinamide-anti-stain-exfoliant-25ml\/#breadcrumb","itemListElement":[{"@type":"ListItem","position":1,"name":"Home","item":"https:\/\/serabella.ee\/"},{"@type":"ListItem","position":2,"name":"Shop","item":"https:\/\/serabella.ee\/poevaade\/"},{"@type":"ListItem","position":3,"name":"L&#8217;Oreal Bright Reveal Niacinamide Anti-Stain Exfoliant 25ml"}]},{"@type":"WebSite","@id":"https:\/\/serabella.ee\/#website","url":"https:\/\/serabella.ee\/","name":"Serabella","description":"Ilu- ja kosmeetikatoodete e-pood\ud83d\udc9c","potentialAction":[{"@type":"SearchAction","target":{"@type":"EntryPoint","urlTemplate":"https:\/\/serabella.ee\/?s={search_term_string}"},"query-input":{"@type":"PropertyValueSpecification","valueRequired":true,"valueName":"search_term_string"}}],"inLanguage":"en-US"}]}},"_links":{"self":[{"href":"https:\/\/serabella.ee\/en\/wp-json\/wp\/v2\/product\/23896","targetHints":{"allow":["GET"]}}],"collection":[{"href":"https:\/\/serabella.ee\/en\/wp-json\/wp\/v2\/product"}],"about":[{"href":"https:\/\/serabella.ee\/en\/wp-json\/wp\/v2\/types\/product"}],"replies":[{"embeddable":true,"href":"https:\/\/serabella.ee\/en\/wp-json\/wp\/v2\/comments?post=23896"}],"wp:featuredmedia":[{"embeddable":true,"href":"https:\/\/serabella.ee\/en\/wp-json\/wp\/v2\/media\/9625"}],"wp:attachment":[{"href":"https:\/\/serabella.ee\/en\/wp-json\/wp\/v2\/media?parent=23896"}],"wp:term":[{"taxonomy":"product_brand","embeddable":true,"href":"https:\/\/serabella.ee\/en\/wp-json\/wp\/v2\/product_brand?post=23896"},{"taxonomy":"product_cat","embeddable":true,"href":"https:\/\/serabella.ee\/en\/wp-json\/wp\/v2\/product_cat?post=23896"},{"taxonomy":"product_tag","embeddable":true,"href":"https:\/\/serabella.ee\/en\/wp-json\/wp\/v2\/product_tag?post=23896"}],"curies":[{"name":"wp","href":"https:\/\/api.w.org\/{rel}","templated":true}]}}