{"id":23923,"date":"2025-02-05T22:54:41","date_gmt":"2025-02-05T20:54:41","guid":{"rendered":"https:\/\/serabella.ee\/product\/escada-celebrate-n-o-w-edp-80ml\/"},"modified":"2025-11-16T17:54:41","modified_gmt":"2025-11-16T15:54:41","slug":"escada-celebrate-n-o-w-edp-80ml","status":"publish","type":"product","link":"https:\/\/serabella.ee\/en\/product\/escada-celebrate-n-o-w-edp-80ml\/","title":{"rendered":"Escada Celebrate N.O.W. EDP 80ml"},"content":{"rendered":"<div class=\"wpb-content-wrapper\"><p>[vc_row][vc_column]\n\t\t<div id=\"wd-66d7108eb13ae\" class=\"wd-tabs wd-wpb wd-rs-66d7108eb13ae tabs-design-simple \">\n\t\t\t<div class=\"wd-tabs-header text-center\">\n\t\t\t\t\n\t\t\t\t\n\t\t\t\t<div class=\"wd-nav-wrapper wd-nav-tabs-wrapper\">\n\t\t\t\t\t<ul class=\"wd-nav wd-nav-tabs wd-icon-pos-left wd-style-default font-primary wd-fontsize-s wd-font-weight-600\">\n\t\t\t\t\t\t\t\t\t\t\t\t\t\n\t\t\t\t\t\t\t<li>\n\t\t\t\t\t\t\t\t<a href=\"#\" class=\"wd-nav-link\">\n\t\t\t\t\t\t\t\t\t\t\t\t\t\t\t\t\t\t<span class=\"nav-link-text wd-tabs-title\">\n\t\t\t\t\t\t\t\t\t\tKirjeldus\t\t\t\t\t\t\t\t\t<\/span>\n\t\t\t\t\t\t\t\t<\/a>\n\t\t\t\t\t\t\t<\/li>\n\n\t\t\t\t\t\t\t\t\t\t\t\t\t\n\t\t\t\t\t\t\t<li>\n\t\t\t\t\t\t\t\t<a href=\"#\" class=\"wd-nav-link\">\n\t\t\t\t\t\t\t\t\t\t\t\t\t\t\t\t\t\t<span class=\"nav-link-text wd-tabs-title\">\n\t\t\t\t\t\t\t\t\t\tKoostisosad\t\t\t\t\t\t\t\t\t<\/span>\n\t\t\t\t\t\t\t\t<\/a>\n\t\t\t\t\t\t\t<\/li>\n\n\t\t\t\t\t\t\n\t\t\t\t\t<\/ul>\n\t\t\t\t<\/div>\n\t\t\t<\/div>\n\n\t\t\t<div class=\"wd-tab-content-wrapper\">\n\t\t\t\t\n\t\t<div class=\"wd-tab-content\">\n\t\t\t\t\t\t\tSee on aroom, mis kehastab r\u00f5\u00f5mu ja pidu. Selles on vanilje, magnoolia ja ingveri segu, mis loob nii sooja kui ka kutsuva l\u00f5hna. L\u00f5hn on loodud v\u00e4ljendama eneseteostust ja rafineeritust, s\u00fcgavust ja soojust lisavad kaneeli ja merevaigu noodid.<\/p>\n<p>See on ideaalne l\u00f5hn neile, kes naudivad luksuslikku lillel\u00f5hna koos v\u00e4hese v\u00fcrtsikaga. Magnoolia ja ingveri kombinatsioon annab sellele ainulaadse ja meeldej\u00e4\u00e4va iseloomu, mist\u00f5ttu on see suurep\u00e4rane valik erilistel puhkudel v\u00f5i igap\u00e4evaseks kandmiseks.<\/p>\n<p>\u00a0<\/p>\n<p>\t\t\t\t\t<\/div>\n\n\t\t\n\t\t<div class=\"wd-tab-content\">\n\t\t\t\t\t\t\t\t\t\t\t\t<\/div>\n\n\t\t\t\t\t<\/div>\n\t\t<\/div>\n\n\t\t[\/vc_column][\/vc_row]<\/p>\n<\/div>","protected":false},"excerpt":{"rendered":"<p>Parfume for women.<\/p>\n","protected":false},"featured_media":20210,"comment_status":"open","ping_status":"closed","template":"","meta":{"inline_featured_image":false},"product_brand":[],"product_cat":[584,586],"product_tag":[],"class_list":{"0":"post-23923","1":"product","2":"type-product","3":"status-publish","4":"has-post-thumbnail","6":"product_cat-perfumes","7":"product_cat-womens-perfumes","8":"pa_brands-escada-en","10":"first","11":"outofstock","12":"taxable","13":"shipping-taxable","14":"purchasable","15":"product-type-simple"},"yoast_head":"<!-- This site is optimized with the Yoast SEO plugin v25.1 - https:\/\/yoast.com\/wordpress\/plugins\/seo\/ -->\n<title>Escada Celebrate N.O.W. EDP 80ml - Serabella<\/title>\n<meta name=\"robots\" content=\"index, follow, max-snippet:-1, max-image-preview:large, max-video-preview:-1\" \/>\n<link rel=\"canonical\" href=\"https:\/\/serabella.ee\/en\/product\/escada-celebrate-n-o-w-edp-80ml\/\" \/>\n<meta property=\"og:locale\" content=\"en_US\" \/>\n<meta property=\"og:type\" content=\"article\" \/>\n<meta property=\"og:title\" content=\"Escada Celebrate N.O.W. EDP 80ml - Serabella\" \/>\n<meta property=\"og:description\" content=\"Parfume for women.\" \/>\n<meta property=\"og:url\" content=\"https:\/\/serabella.ee\/en\/product\/escada-celebrate-n-o-w-edp-80ml\/\" \/>\n<meta property=\"og:site_name\" content=\"Serabella\" \/>\n<meta property=\"article:modified_time\" content=\"2025-11-16T15:54:41+00:00\" \/>\n<meta property=\"og:image\" content=\"https:\/\/serabella.ee\/wp-content\/uploads\/2025\/02\/Escada-Celebrate-N.O.W.-EDP-80ml.png\" \/>\n\t<meta property=\"og:image:width\" content=\"1000\" \/>\n\t<meta property=\"og:image:height\" content=\"1000\" \/>\n\t<meta property=\"og:image:type\" content=\"image\/png\" \/>\n<meta name=\"twitter:card\" content=\"summary_large_image\" \/>\n<meta name=\"twitter:label1\" content=\"Est. reading time\" \/>\n\t<meta name=\"twitter:data1\" content=\"1 minute\" \/>\n<script type=\"application\/ld+json\" class=\"yoast-schema-graph\">{\"@context\":\"https:\/\/schema.org\",\"@graph\":[{\"@type\":\"WebPage\",\"@id\":\"https:\/\/serabella.ee\/en\/product\/escada-celebrate-n-o-w-edp-80ml\/\",\"url\":\"https:\/\/serabella.ee\/en\/product\/escada-celebrate-n-o-w-edp-80ml\/\",\"name\":\"Escada Celebrate N.O.W. EDP 80ml - Serabella\",\"isPartOf\":{\"@id\":\"https:\/\/serabella.ee\/#website\"},\"primaryImageOfPage\":{\"@id\":\"https:\/\/serabella.ee\/en\/product\/escada-celebrate-n-o-w-edp-80ml\/#primaryimage\"},\"image\":{\"@id\":\"https:\/\/serabella.ee\/en\/product\/escada-celebrate-n-o-w-edp-80ml\/#primaryimage\"},\"thumbnailUrl\":\"https:\/\/serabella.ee\/wp-content\/uploads\/2025\/02\/Escada-Celebrate-N.O.W.-EDP-80ml.png\",\"datePublished\":\"2025-02-05T20:54:41+00:00\",\"dateModified\":\"2025-11-16T15:54:41+00:00\",\"breadcrumb\":{\"@id\":\"https:\/\/serabella.ee\/en\/product\/escada-celebrate-n-o-w-edp-80ml\/#breadcrumb\"},\"inLanguage\":\"en-US\",\"potentialAction\":[{\"@type\":\"ReadAction\",\"target\":[\"https:\/\/serabella.ee\/en\/product\/escada-celebrate-n-o-w-edp-80ml\/\"]}]},{\"@type\":\"ImageObject\",\"inLanguage\":\"en-US\",\"@id\":\"https:\/\/serabella.ee\/en\/product\/escada-celebrate-n-o-w-edp-80ml\/#primaryimage\",\"url\":\"https:\/\/serabella.ee\/wp-content\/uploads\/2025\/02\/Escada-Celebrate-N.O.W.-EDP-80ml.png\",\"contentUrl\":\"https:\/\/serabella.ee\/wp-content\/uploads\/2025\/02\/Escada-Celebrate-N.O.W.-EDP-80ml.png\",\"width\":1000,\"height\":1000},{\"@type\":\"BreadcrumbList\",\"@id\":\"https:\/\/serabella.ee\/en\/product\/escada-celebrate-n-o-w-edp-80ml\/#breadcrumb\",\"itemListElement\":[{\"@type\":\"ListItem\",\"position\":1,\"name\":\"Home\",\"item\":\"https:\/\/serabella.ee\/\"},{\"@type\":\"ListItem\",\"position\":2,\"name\":\"Shop\",\"item\":\"https:\/\/serabella.ee\/poevaade\/\"},{\"@type\":\"ListItem\",\"position\":3,\"name\":\"Escada Celebrate N.O.W. EDP 80ml\"}]},{\"@type\":\"WebSite\",\"@id\":\"https:\/\/serabella.ee\/#website\",\"url\":\"https:\/\/serabella.ee\/\",\"name\":\"Serabella\",\"description\":\"Ilu- ja kosmeetikatoodete e-pood\ud83d\udc9c\",\"potentialAction\":[{\"@type\":\"SearchAction\",\"target\":{\"@type\":\"EntryPoint\",\"urlTemplate\":\"https:\/\/serabella.ee\/?s={search_term_string}\"},\"query-input\":{\"@type\":\"PropertyValueSpecification\",\"valueRequired\":true,\"valueName\":\"search_term_string\"}}],\"inLanguage\":\"en-US\"}]}<\/script>\n<!-- \/ Yoast SEO plugin. -->","yoast_head_json":{"title":"Escada Celebrate N.O.W. EDP 80ml - Serabella","robots":{"index":"index","follow":"follow","max-snippet":"max-snippet:-1","max-image-preview":"max-image-preview:large","max-video-preview":"max-video-preview:-1"},"canonical":"https:\/\/serabella.ee\/en\/product\/escada-celebrate-n-o-w-edp-80ml\/","og_locale":"en_US","og_type":"article","og_title":"Escada Celebrate N.O.W. EDP 80ml - Serabella","og_description":"Parfume for women.","og_url":"https:\/\/serabella.ee\/en\/product\/escada-celebrate-n-o-w-edp-80ml\/","og_site_name":"Serabella","article_modified_time":"2025-11-16T15:54:41+00:00","og_image":[{"width":1000,"height":1000,"url":"https:\/\/serabella.ee\/wp-content\/uploads\/2025\/02\/Escada-Celebrate-N.O.W.-EDP-80ml.png","type":"image\/png"}],"twitter_card":"summary_large_image","twitter_misc":{"Est. reading time":"1 minute"},"schema":{"@context":"https:\/\/schema.org","@graph":[{"@type":"WebPage","@id":"https:\/\/serabella.ee\/en\/product\/escada-celebrate-n-o-w-edp-80ml\/","url":"https:\/\/serabella.ee\/en\/product\/escada-celebrate-n-o-w-edp-80ml\/","name":"Escada Celebrate N.O.W. EDP 80ml - Serabella","isPartOf":{"@id":"https:\/\/serabella.ee\/#website"},"primaryImageOfPage":{"@id":"https:\/\/serabella.ee\/en\/product\/escada-celebrate-n-o-w-edp-80ml\/#primaryimage"},"image":{"@id":"https:\/\/serabella.ee\/en\/product\/escada-celebrate-n-o-w-edp-80ml\/#primaryimage"},"thumbnailUrl":"https:\/\/serabella.ee\/wp-content\/uploads\/2025\/02\/Escada-Celebrate-N.O.W.-EDP-80ml.png","datePublished":"2025-02-05T20:54:41+00:00","dateModified":"2025-11-16T15:54:41+00:00","breadcrumb":{"@id":"https:\/\/serabella.ee\/en\/product\/escada-celebrate-n-o-w-edp-80ml\/#breadcrumb"},"inLanguage":"en-US","potentialAction":[{"@type":"ReadAction","target":["https:\/\/serabella.ee\/en\/product\/escada-celebrate-n-o-w-edp-80ml\/"]}]},{"@type":"ImageObject","inLanguage":"en-US","@id":"https:\/\/serabella.ee\/en\/product\/escada-celebrate-n-o-w-edp-80ml\/#primaryimage","url":"https:\/\/serabella.ee\/wp-content\/uploads\/2025\/02\/Escada-Celebrate-N.O.W.-EDP-80ml.png","contentUrl":"https:\/\/serabella.ee\/wp-content\/uploads\/2025\/02\/Escada-Celebrate-N.O.W.-EDP-80ml.png","width":1000,"height":1000},{"@type":"BreadcrumbList","@id":"https:\/\/serabella.ee\/en\/product\/escada-celebrate-n-o-w-edp-80ml\/#breadcrumb","itemListElement":[{"@type":"ListItem","position":1,"name":"Home","item":"https:\/\/serabella.ee\/"},{"@type":"ListItem","position":2,"name":"Shop","item":"https:\/\/serabella.ee\/poevaade\/"},{"@type":"ListItem","position":3,"name":"Escada Celebrate N.O.W. EDP 80ml"}]},{"@type":"WebSite","@id":"https:\/\/serabella.ee\/#website","url":"https:\/\/serabella.ee\/","name":"Serabella","description":"Ilu- ja kosmeetikatoodete e-pood\ud83d\udc9c","potentialAction":[{"@type":"SearchAction","target":{"@type":"EntryPoint","urlTemplate":"https:\/\/serabella.ee\/?s={search_term_string}"},"query-input":{"@type":"PropertyValueSpecification","valueRequired":true,"valueName":"search_term_string"}}],"inLanguage":"en-US"}]}},"_links":{"self":[{"href":"https:\/\/serabella.ee\/en\/wp-json\/wp\/v2\/product\/23923","targetHints":{"allow":["GET"]}}],"collection":[{"href":"https:\/\/serabella.ee\/en\/wp-json\/wp\/v2\/product"}],"about":[{"href":"https:\/\/serabella.ee\/en\/wp-json\/wp\/v2\/types\/product"}],"replies":[{"embeddable":true,"href":"https:\/\/serabella.ee\/en\/wp-json\/wp\/v2\/comments?post=23923"}],"wp:featuredmedia":[{"embeddable":true,"href":"https:\/\/serabella.ee\/en\/wp-json\/wp\/v2\/media\/20210"}],"wp:attachment":[{"href":"https:\/\/serabella.ee\/en\/wp-json\/wp\/v2\/media?parent=23923"}],"wp:term":[{"taxonomy":"product_brand","embeddable":true,"href":"https:\/\/serabella.ee\/en\/wp-json\/wp\/v2\/product_brand?post=23923"},{"taxonomy":"product_cat","embeddable":true,"href":"https:\/\/serabella.ee\/en\/wp-json\/wp\/v2\/product_cat?post=23923"},{"taxonomy":"product_tag","embeddable":true,"href":"https:\/\/serabella.ee\/en\/wp-json\/wp\/v2\/product_tag?post=23923"}],"curies":[{"name":"wp","href":"https:\/\/api.w.org\/{rel}","templated":true}]}}