{"id":24291,"date":"2024-09-23T20:44:58","date_gmt":"2024-09-23T18:44:58","guid":{"rendered":"https:\/\/serabella.ee\/?post_type=product&#038;p=24291"},"modified":"2025-11-02T01:02:37","modified_gmt":"2025-11-01T22:02:37","slug":"mulac-cosmetics-bye-bye-flatnes-volume-shampoo-250ml","status":"publish","type":"product","link":"https:\/\/serabella.ee\/en\/product\/mulac-cosmetics-bye-bye-flatnes-volume-shampoo-250ml\/","title":{"rendered":"Mulac Cosmetics Bye Bye Flatnes Volume Shampoo 250ml"},"content":{"rendered":"<div class=\"wpb-content-wrapper\"><p>[vc_row][vc_column]\n\t\t<div id=\"wd-66d7108eb13ae\" class=\"wd-tabs wd-wpb wd-rs-66d7108eb13ae tabs-design-simple \">\n\t\t\t<div class=\"wd-tabs-header text-center\">\n\t\t\t\t\n\t\t\t\t\n\t\t\t\t<div class=\"wd-nav-wrapper wd-nav-tabs-wrapper\">\n\t\t\t\t\t<ul class=\"wd-nav wd-nav-tabs wd-icon-pos-left wd-style-default font-primary wd-fontsize-s wd-font-weight-600\">\n\t\t\t\t\t\t\t\t\t\t\t\t\t\n\t\t\t\t\t\t\t<li>\n\t\t\t\t\t\t\t\t<a href=\"#\" class=\"wd-nav-link\">\n\t\t\t\t\t\t\t\t\t\t\t\t\t\t\t\t\t\t<span class=\"nav-link-text wd-tabs-title\">\n\t\t\t\t\t\t\t\t\t\tDecription\t\t\t\t\t\t\t\t\t<\/span>\n\t\t\t\t\t\t\t\t<\/a>\n\t\t\t\t\t\t\t<\/li>\n\n\t\t\t\t\t\t\t\t\t\t\t\t\t\n\t\t\t\t\t\t\t<li>\n\t\t\t\t\t\t\t\t<a href=\"#\" class=\"wd-nav-link\">\n\t\t\t\t\t\t\t\t\t\t\t\t\t\t\t\t\t\t<span class=\"nav-link-text wd-tabs-title\">\n\t\t\t\t\t\t\t\t\t\tIngredients\t\t\t\t\t\t\t\t\t<\/span>\n\t\t\t\t\t\t\t\t<\/a>\n\t\t\t\t\t\t\t<\/li>\n\n\t\t\t\t\t\t\n\t\t\t\t\t<\/ul>\n\t\t\t\t<\/div>\n\t\t\t<\/div>\n\n\t\t\t<div class=\"wd-tab-content-wrapper\">\n\t\t\t\t\n\t\t<div class=\"wd-tab-content\">\n\t\t\t\t\t\t\t<b>BYE BYE FLATNESS<\/b>\u00a0is a fortifyng zero weight shampoo. That\u00a0<b>volumize and cleanses hair.<\/b>\u00a0<\/p>\n<p>Shampoo infused with plant-based foaming agents. Its\u00a0<b>Fill &amp; Volume complex<\/b>\u00a0with plant-based keratin, which binds to the hair fiber repairing it and making it thicker, gently cleanses hair, adds movement and body without weighing it down. Ideal for fine, flat hair that tends to get greasy easily.<\/p>\n<h5><span style=\"color: #a931e1;\"><strong>Active substances<\/strong><\/span><\/h5>\n<h5><span style=\"color: #333333;\">Vegan formula with 95% natural ingredients.<\/span><\/h5>\n<h5><span style=\"color: #a931e1;\"><strong>How to use<\/strong><\/span><\/h5>\n<p>Kanna niisketesse juustesse, j\u00e4ta m\u00f5neks minutiks m\u00f5juma ja seej\u00e4rel loputa. \t\t\t\t\t<\/div>\n\n\t\t\n\t\t<div class=\"wd-tab-content\">\n\t\t\t\t\t\t\tINGREDIENTS: WATER (AQUA), AMMONIUM LAURYL SULFATE, COCAMIDOPROPYL BETAINE, FRAGRANCE (PARFUM), HYDROLYZED SOY PROTEIN, HYDROLYZED CORN PROTEIN, HYDROLYZED WHEAT PROTEIN, SODIUM PHYTATE, POTASSIUM LACTATE, GLYCERYL OLEATE, COCO-GLUCOSIDE, CITRIC ACID, SODIUM BENZOATE, DEHYDROACETIC ACID, SODIUM CHLORIDE, BENZYL ALCOHOL, HEXYL CINNAMAL, LIMONENE, LINALOOL, GERANIOL. Toote koostisosade eest vastutab tootja. V\u00f5imalike muudatuste t\u00f5ttu soovitame kontrollida toote koostisosade loendit otse pakendilt.\t\t\t\t\t<\/div>\n\n\t\t\t\t\t<\/div>\n\t\t<\/div>\n\n\t\t[\/vc_column][\/vc_row]<\/p>\n<\/div>","protected":false},"excerpt":{"rendered":"<p>An ideal shampoo for frizzy, easily oily hair with vegetable keratin, which gives hair density.<\/p>\n","protected":false},"featured_media":9577,"comment_status":"open","ping_status":"closed","template":"","meta":{"inline_featured_image":false},"product_brand":[],"product_cat":[536,541],"product_tag":[726],"class_list":{"0":"post-24291","1":"product","2":"type-product","3":"status-publish","4":"has-post-thumbnail","6":"product_cat-hair","7":"product_cat-shampoos","8":"product_tag-alla-15e","9":"pa_brands-mulac-en","10":"pa_juuksetuup-all-hairtypes","11":"pa_juuksetuup-thin-hair","12":"pa_paritoluriik-italy","14":"first","15":"instock","16":"sale","17":"taxable","18":"shipping-taxable","19":"purchasable","20":"product-type-simple"},"yoast_head":"<!-- This site is optimized with the Yoast SEO plugin v25.1 - https:\/\/yoast.com\/wordpress\/plugins\/seo\/ -->\n<title>Mulac Cosmetics Bye Bye Flatnes Volume Shampoo 250ml - Serabella<\/title>\n<meta name=\"robots\" content=\"index, follow, max-snippet:-1, max-image-preview:large, max-video-preview:-1\" \/>\n<link rel=\"canonical\" href=\"https:\/\/serabella.ee\/en\/product\/mulac-cosmetics-bye-bye-flatnes-volume-shampoo-250ml\/\" \/>\n<meta property=\"og:locale\" content=\"en_US\" \/>\n<meta property=\"og:type\" content=\"article\" \/>\n<meta property=\"og:title\" content=\"Mulac Cosmetics Bye Bye Flatnes Volume Shampoo 250ml - Serabella\" \/>\n<meta property=\"og:description\" content=\"An ideal shampoo for frizzy, easily oily hair with vegetable keratin, which gives hair density.\" \/>\n<meta property=\"og:url\" content=\"https:\/\/serabella.ee\/en\/product\/mulac-cosmetics-bye-bye-flatnes-volume-shampoo-250ml\/\" \/>\n<meta property=\"og:site_name\" content=\"Serabella\" \/>\n<meta property=\"article:modified_time\" content=\"2025-11-01T22:02:37+00:00\" \/>\n<meta property=\"og:image\" content=\"https:\/\/serabella.ee\/wp-content\/uploads\/2024\/09\/Mulac-Cosmetics-Bye-Bye-Flatnes-Volume-Shampoo-250ml.png\" \/>\n\t<meta property=\"og:image:width\" content=\"1080\" \/>\n\t<meta property=\"og:image:height\" content=\"1080\" \/>\n\t<meta property=\"og:image:type\" content=\"image\/png\" \/>\n<meta name=\"twitter:card\" content=\"summary_large_image\" \/>\n<script type=\"application\/ld+json\" class=\"yoast-schema-graph\">{\"@context\":\"https:\/\/schema.org\",\"@graph\":[{\"@type\":\"WebPage\",\"@id\":\"https:\/\/serabella.ee\/en\/product\/mulac-cosmetics-bye-bye-flatnes-volume-shampoo-250ml\/\",\"url\":\"https:\/\/serabella.ee\/en\/product\/mulac-cosmetics-bye-bye-flatnes-volume-shampoo-250ml\/\",\"name\":\"Mulac Cosmetics Bye Bye Flatnes Volume Shampoo 250ml - Serabella\",\"isPartOf\":{\"@id\":\"https:\/\/serabella.ee\/#website\"},\"primaryImageOfPage\":{\"@id\":\"https:\/\/serabella.ee\/en\/product\/mulac-cosmetics-bye-bye-flatnes-volume-shampoo-250ml\/#primaryimage\"},\"image\":{\"@id\":\"https:\/\/serabella.ee\/en\/product\/mulac-cosmetics-bye-bye-flatnes-volume-shampoo-250ml\/#primaryimage\"},\"thumbnailUrl\":\"https:\/\/serabella.ee\/wp-content\/uploads\/2024\/09\/Mulac-Cosmetics-Bye-Bye-Flatnes-Volume-Shampoo-250ml.png\",\"datePublished\":\"2024-09-23T18:44:58+00:00\",\"dateModified\":\"2025-11-01T22:02:37+00:00\",\"breadcrumb\":{\"@id\":\"https:\/\/serabella.ee\/en\/product\/mulac-cosmetics-bye-bye-flatnes-volume-shampoo-250ml\/#breadcrumb\"},\"inLanguage\":\"en-US\",\"potentialAction\":[{\"@type\":\"ReadAction\",\"target\":[\"https:\/\/serabella.ee\/en\/product\/mulac-cosmetics-bye-bye-flatnes-volume-shampoo-250ml\/\"]}]},{\"@type\":\"ImageObject\",\"inLanguage\":\"en-US\",\"@id\":\"https:\/\/serabella.ee\/en\/product\/mulac-cosmetics-bye-bye-flatnes-volume-shampoo-250ml\/#primaryimage\",\"url\":\"https:\/\/serabella.ee\/wp-content\/uploads\/2024\/09\/Mulac-Cosmetics-Bye-Bye-Flatnes-Volume-Shampoo-250ml.png\",\"contentUrl\":\"https:\/\/serabella.ee\/wp-content\/uploads\/2024\/09\/Mulac-Cosmetics-Bye-Bye-Flatnes-Volume-Shampoo-250ml.png\",\"width\":1080,\"height\":1080},{\"@type\":\"BreadcrumbList\",\"@id\":\"https:\/\/serabella.ee\/en\/product\/mulac-cosmetics-bye-bye-flatnes-volume-shampoo-250ml\/#breadcrumb\",\"itemListElement\":[{\"@type\":\"ListItem\",\"position\":1,\"name\":\"Home\",\"item\":\"https:\/\/serabella.ee\/\"},{\"@type\":\"ListItem\",\"position\":2,\"name\":\"Shop\",\"item\":\"https:\/\/serabella.ee\/poevaade\/\"},{\"@type\":\"ListItem\",\"position\":3,\"name\":\"Mulac Cosmetics Bye Bye Flatnes Volume Shampoo 250ml\"}]},{\"@type\":\"WebSite\",\"@id\":\"https:\/\/serabella.ee\/#website\",\"url\":\"https:\/\/serabella.ee\/\",\"name\":\"Serabella\",\"description\":\"Ilu- ja kosmeetikatoodete e-pood\ud83d\udc9c\",\"potentialAction\":[{\"@type\":\"SearchAction\",\"target\":{\"@type\":\"EntryPoint\",\"urlTemplate\":\"https:\/\/serabella.ee\/?s={search_term_string}\"},\"query-input\":{\"@type\":\"PropertyValueSpecification\",\"valueRequired\":true,\"valueName\":\"search_term_string\"}}],\"inLanguage\":\"en-US\"}]}<\/script>\n<!-- \/ Yoast SEO plugin. -->","yoast_head_json":{"title":"Mulac Cosmetics Bye Bye Flatnes Volume Shampoo 250ml - Serabella","robots":{"index":"index","follow":"follow","max-snippet":"max-snippet:-1","max-image-preview":"max-image-preview:large","max-video-preview":"max-video-preview:-1"},"canonical":"https:\/\/serabella.ee\/en\/product\/mulac-cosmetics-bye-bye-flatnes-volume-shampoo-250ml\/","og_locale":"en_US","og_type":"article","og_title":"Mulac Cosmetics Bye Bye Flatnes Volume Shampoo 250ml - Serabella","og_description":"An ideal shampoo for frizzy, easily oily hair with vegetable keratin, which gives hair density.","og_url":"https:\/\/serabella.ee\/en\/product\/mulac-cosmetics-bye-bye-flatnes-volume-shampoo-250ml\/","og_site_name":"Serabella","article_modified_time":"2025-11-01T22:02:37+00:00","og_image":[{"width":1080,"height":1080,"url":"https:\/\/serabella.ee\/wp-content\/uploads\/2024\/09\/Mulac-Cosmetics-Bye-Bye-Flatnes-Volume-Shampoo-250ml.png","type":"image\/png"}],"twitter_card":"summary_large_image","schema":{"@context":"https:\/\/schema.org","@graph":[{"@type":"WebPage","@id":"https:\/\/serabella.ee\/en\/product\/mulac-cosmetics-bye-bye-flatnes-volume-shampoo-250ml\/","url":"https:\/\/serabella.ee\/en\/product\/mulac-cosmetics-bye-bye-flatnes-volume-shampoo-250ml\/","name":"Mulac Cosmetics Bye Bye Flatnes Volume Shampoo 250ml - Serabella","isPartOf":{"@id":"https:\/\/serabella.ee\/#website"},"primaryImageOfPage":{"@id":"https:\/\/serabella.ee\/en\/product\/mulac-cosmetics-bye-bye-flatnes-volume-shampoo-250ml\/#primaryimage"},"image":{"@id":"https:\/\/serabella.ee\/en\/product\/mulac-cosmetics-bye-bye-flatnes-volume-shampoo-250ml\/#primaryimage"},"thumbnailUrl":"https:\/\/serabella.ee\/wp-content\/uploads\/2024\/09\/Mulac-Cosmetics-Bye-Bye-Flatnes-Volume-Shampoo-250ml.png","datePublished":"2024-09-23T18:44:58+00:00","dateModified":"2025-11-01T22:02:37+00:00","breadcrumb":{"@id":"https:\/\/serabella.ee\/en\/product\/mulac-cosmetics-bye-bye-flatnes-volume-shampoo-250ml\/#breadcrumb"},"inLanguage":"en-US","potentialAction":[{"@type":"ReadAction","target":["https:\/\/serabella.ee\/en\/product\/mulac-cosmetics-bye-bye-flatnes-volume-shampoo-250ml\/"]}]},{"@type":"ImageObject","inLanguage":"en-US","@id":"https:\/\/serabella.ee\/en\/product\/mulac-cosmetics-bye-bye-flatnes-volume-shampoo-250ml\/#primaryimage","url":"https:\/\/serabella.ee\/wp-content\/uploads\/2024\/09\/Mulac-Cosmetics-Bye-Bye-Flatnes-Volume-Shampoo-250ml.png","contentUrl":"https:\/\/serabella.ee\/wp-content\/uploads\/2024\/09\/Mulac-Cosmetics-Bye-Bye-Flatnes-Volume-Shampoo-250ml.png","width":1080,"height":1080},{"@type":"BreadcrumbList","@id":"https:\/\/serabella.ee\/en\/product\/mulac-cosmetics-bye-bye-flatnes-volume-shampoo-250ml\/#breadcrumb","itemListElement":[{"@type":"ListItem","position":1,"name":"Home","item":"https:\/\/serabella.ee\/"},{"@type":"ListItem","position":2,"name":"Shop","item":"https:\/\/serabella.ee\/poevaade\/"},{"@type":"ListItem","position":3,"name":"Mulac Cosmetics Bye Bye Flatnes Volume Shampoo 250ml"}]},{"@type":"WebSite","@id":"https:\/\/serabella.ee\/#website","url":"https:\/\/serabella.ee\/","name":"Serabella","description":"Ilu- ja kosmeetikatoodete e-pood\ud83d\udc9c","potentialAction":[{"@type":"SearchAction","target":{"@type":"EntryPoint","urlTemplate":"https:\/\/serabella.ee\/?s={search_term_string}"},"query-input":{"@type":"PropertyValueSpecification","valueRequired":true,"valueName":"search_term_string"}}],"inLanguage":"en-US"}]}},"_links":{"self":[{"href":"https:\/\/serabella.ee\/en\/wp-json\/wp\/v2\/product\/24291","targetHints":{"allow":["GET"]}}],"collection":[{"href":"https:\/\/serabella.ee\/en\/wp-json\/wp\/v2\/product"}],"about":[{"href":"https:\/\/serabella.ee\/en\/wp-json\/wp\/v2\/types\/product"}],"replies":[{"embeddable":true,"href":"https:\/\/serabella.ee\/en\/wp-json\/wp\/v2\/comments?post=24291"}],"wp:featuredmedia":[{"embeddable":true,"href":"https:\/\/serabella.ee\/en\/wp-json\/wp\/v2\/media\/9577"}],"wp:attachment":[{"href":"https:\/\/serabella.ee\/en\/wp-json\/wp\/v2\/media?parent=24291"}],"wp:term":[{"taxonomy":"product_brand","embeddable":true,"href":"https:\/\/serabella.ee\/en\/wp-json\/wp\/v2\/product_brand?post=24291"},{"taxonomy":"product_cat","embeddable":true,"href":"https:\/\/serabella.ee\/en\/wp-json\/wp\/v2\/product_cat?post=24291"},{"taxonomy":"product_tag","embeddable":true,"href":"https:\/\/serabella.ee\/en\/wp-json\/wp\/v2\/product_tag?post=24291"}],"curies":[{"name":"wp","href":"https:\/\/api.w.org\/{rel}","templated":true}]}}