{"id":24579,"date":"2025-02-05T22:48:19","date_gmt":"2025-02-05T20:48:19","guid":{"rendered":"https:\/\/serabella.ee\/?post_type=product&#038;p=24579"},"modified":"2025-08-27T14:41:28","modified_gmt":"2025-08-27T12:41:28","slug":"moschino-toy-2-for-women-edp-30ml","status":"publish","type":"product","link":"https:\/\/serabella.ee\/en\/product\/moschino-toy-2-for-women-edp-30ml\/","title":{"rendered":"Moschino Toy 2 For Women EDP 30ml"},"content":{"rendered":"<div class=\"wpb-content-wrapper\"><p>[vc_row][vc_column]\n\t\t<div id=\"wd-66d7108eb13ae\" class=\"wd-tabs wd-wpb wd-rs-66d7108eb13ae tabs-design-simple \">\n\t\t\t<div class=\"wd-tabs-header text-center\">\n\t\t\t\t\n\t\t\t\t\n\t\t\t\t<div class=\"wd-nav-wrapper wd-nav-tabs-wrapper\">\n\t\t\t\t\t<ul class=\"wd-nav wd-nav-tabs wd-icon-pos-left wd-style-default font-primary wd-fontsize-s wd-font-weight-600\">\n\t\t\t\t\t\t\t\t\t\t\t\t\t\n\t\t\t\t\t\t\t<li>\n\t\t\t\t\t\t\t\t<a href=\"#\" class=\"wd-nav-link\">\n\t\t\t\t\t\t\t\t\t\t\t\t\t\t\t\t\t\t<span class=\"nav-link-text wd-tabs-title\">\n\t\t\t\t\t\t\t\t\t\tKirjeldus\t\t\t\t\t\t\t\t\t<\/span>\n\t\t\t\t\t\t\t\t<\/a>\n\t\t\t\t\t\t\t<\/li>\n\n\t\t\t\t\t\t\t\t\t\t\t\t\t\n\t\t\t\t\t\t\t<li>\n\t\t\t\t\t\t\t\t<a href=\"#\" class=\"wd-nav-link\">\n\t\t\t\t\t\t\t\t\t\t\t\t\t\t\t\t\t\t<span class=\"nav-link-text wd-tabs-title\">\n\t\t\t\t\t\t\t\t\t\tKoostisosad\t\t\t\t\t\t\t\t\t<\/span>\n\t\t\t\t\t\t\t\t<\/a>\n\t\t\t\t\t\t\t<\/li>\n\n\t\t\t\t\t\t\n\t\t\t\t\t<\/ul>\n\t\t\t\t<\/div>\n\t\t\t<\/div>\n\n\t\t\t<div class=\"wd-tab-content-wrapper\">\n\t\t\t\t\n\t\t<div class=\"wd-tab-content\">\n\t\t\t\t\t\t\t See on m\u00e4nguline ja s\u00e4rtsakas aroom, mis tabab r\u00f5\u00f5mu ja entusiasmi olemust. See on loodud lapsep\u00f5lve l\u00f5bususe ja p\u00f5nevuse esilekutsumiseks koos n\u00e4rimiskummi, rohelise \u00f5una, magnoolia ja valge muskuse seguga. L\u00f5hn on \u00fchtaegu magus ja v\u00e4rske, merevaigupuidu ja sandlipuu baasil on tunda sensuaalset soojust.<\/p>\n<p>L\u00f5hna l\u00f5id Alberto Morillas ja Fabrice Pellegrin ning see toodi turule 2018. aastal. See sobib suurep\u00e4raselt neile, kes naudivad kerget, r\u00f5\u00f5msat l\u00f5hna, milles on tunda rafineeritust.<\/p>\n<p>\t\t\t\t\t<\/div>\n\n\t\t\n\t\t<div class=\"wd-tab-content\">\n\t\t\t\t\t\t\t\t\t\t\t\t<\/div>\n\n\t\t\t\t\t<\/div>\n\t\t<\/div>\n\n\t\t[\/vc_column][\/vc_row]<\/p>\n<\/div>","protected":false},"excerpt":{"rendered":"<p>Parfume for women.<\/p>\n","protected":false},"featured_media":20208,"comment_status":"open","ping_status":"closed","template":"","meta":{"inline_featured_image":false},"product_brand":[],"product_cat":[584,586],"product_tag":[],"class_list":{"0":"post-24579","1":"product","2":"type-product","3":"status-publish","4":"has-post-thumbnail","6":"product_cat-perfumes","7":"product_cat-womens-perfumes","8":"pa_brands-moschino-en","10":"first","11":"instock","12":"taxable","13":"shipping-taxable","14":"purchasable","15":"product-type-simple"},"yoast_head":"<!-- This site is optimized with the Yoast SEO plugin v25.1 - https:\/\/yoast.com\/wordpress\/plugins\/seo\/ -->\n<title>Moschino Toy 2 For Women EDP 30ml - Serabella<\/title>\n<meta name=\"robots\" content=\"index, follow, max-snippet:-1, max-image-preview:large, max-video-preview:-1\" \/>\n<link rel=\"canonical\" href=\"https:\/\/serabella.ee\/en\/product\/moschino-toy-2-for-women-edp-30ml\/\" \/>\n<meta property=\"og:locale\" content=\"en_US\" \/>\n<meta property=\"og:type\" content=\"article\" \/>\n<meta property=\"og:title\" content=\"Moschino Toy 2 For Women EDP 30ml - Serabella\" \/>\n<meta property=\"og:description\" content=\"Parfume for women.\" \/>\n<meta property=\"og:url\" content=\"https:\/\/serabella.ee\/en\/product\/moschino-toy-2-for-women-edp-30ml\/\" \/>\n<meta property=\"og:site_name\" content=\"Serabella\" \/>\n<meta property=\"article:modified_time\" content=\"2025-08-27T12:41:28+00:00\" \/>\n<meta property=\"og:image\" content=\"https:\/\/serabella.ee\/wp-content\/uploads\/2025\/02\/Moschino-Toy-2-For-Women-EDP-30ml.png\" \/>\n\t<meta property=\"og:image:width\" content=\"1000\" \/>\n\t<meta property=\"og:image:height\" content=\"1000\" \/>\n\t<meta property=\"og:image:type\" content=\"image\/png\" \/>\n<meta name=\"twitter:card\" content=\"summary_large_image\" \/>\n<meta name=\"twitter:label1\" content=\"Est. reading time\" \/>\n\t<meta name=\"twitter:data1\" content=\"1 minute\" \/>\n<script type=\"application\/ld+json\" class=\"yoast-schema-graph\">{\"@context\":\"https:\/\/schema.org\",\"@graph\":[{\"@type\":\"WebPage\",\"@id\":\"https:\/\/serabella.ee\/en\/product\/moschino-toy-2-for-women-edp-30ml\/\",\"url\":\"https:\/\/serabella.ee\/en\/product\/moschino-toy-2-for-women-edp-30ml\/\",\"name\":\"Moschino Toy 2 For Women EDP 30ml - Serabella\",\"isPartOf\":{\"@id\":\"https:\/\/serabella.ee\/#website\"},\"primaryImageOfPage\":{\"@id\":\"https:\/\/serabella.ee\/en\/product\/moschino-toy-2-for-women-edp-30ml\/#primaryimage\"},\"image\":{\"@id\":\"https:\/\/serabella.ee\/en\/product\/moschino-toy-2-for-women-edp-30ml\/#primaryimage\"},\"thumbnailUrl\":\"https:\/\/serabella.ee\/wp-content\/uploads\/2025\/02\/Moschino-Toy-2-For-Women-EDP-30ml.png\",\"datePublished\":\"2025-02-05T20:48:19+00:00\",\"dateModified\":\"2025-08-27T12:41:28+00:00\",\"breadcrumb\":{\"@id\":\"https:\/\/serabella.ee\/en\/product\/moschino-toy-2-for-women-edp-30ml\/#breadcrumb\"},\"inLanguage\":\"en-US\",\"potentialAction\":[{\"@type\":\"ReadAction\",\"target\":[\"https:\/\/serabella.ee\/en\/product\/moschino-toy-2-for-women-edp-30ml\/\"]}]},{\"@type\":\"ImageObject\",\"inLanguage\":\"en-US\",\"@id\":\"https:\/\/serabella.ee\/en\/product\/moschino-toy-2-for-women-edp-30ml\/#primaryimage\",\"url\":\"https:\/\/serabella.ee\/wp-content\/uploads\/2025\/02\/Moschino-Toy-2-For-Women-EDP-30ml.png\",\"contentUrl\":\"https:\/\/serabella.ee\/wp-content\/uploads\/2025\/02\/Moschino-Toy-2-For-Women-EDP-30ml.png\",\"width\":1000,\"height\":1000},{\"@type\":\"BreadcrumbList\",\"@id\":\"https:\/\/serabella.ee\/en\/product\/moschino-toy-2-for-women-edp-30ml\/#breadcrumb\",\"itemListElement\":[{\"@type\":\"ListItem\",\"position\":1,\"name\":\"Home\",\"item\":\"https:\/\/serabella.ee\/\"},{\"@type\":\"ListItem\",\"position\":2,\"name\":\"Shop\",\"item\":\"https:\/\/serabella.ee\/poevaade\/\"},{\"@type\":\"ListItem\",\"position\":3,\"name\":\"Moschino Toy 2 For Women EDP 30ml\"}]},{\"@type\":\"WebSite\",\"@id\":\"https:\/\/serabella.ee\/#website\",\"url\":\"https:\/\/serabella.ee\/\",\"name\":\"Serabella\",\"description\":\"Ilu- ja kosmeetikatoodete e-pood\ud83d\udc9c\",\"potentialAction\":[{\"@type\":\"SearchAction\",\"target\":{\"@type\":\"EntryPoint\",\"urlTemplate\":\"https:\/\/serabella.ee\/?s={search_term_string}\"},\"query-input\":{\"@type\":\"PropertyValueSpecification\",\"valueRequired\":true,\"valueName\":\"search_term_string\"}}],\"inLanguage\":\"en-US\"}]}<\/script>\n<!-- \/ Yoast SEO plugin. -->","yoast_head_json":{"title":"Moschino Toy 2 For Women EDP 30ml - Serabella","robots":{"index":"index","follow":"follow","max-snippet":"max-snippet:-1","max-image-preview":"max-image-preview:large","max-video-preview":"max-video-preview:-1"},"canonical":"https:\/\/serabella.ee\/en\/product\/moschino-toy-2-for-women-edp-30ml\/","og_locale":"en_US","og_type":"article","og_title":"Moschino Toy 2 For Women EDP 30ml - Serabella","og_description":"Parfume for women.","og_url":"https:\/\/serabella.ee\/en\/product\/moschino-toy-2-for-women-edp-30ml\/","og_site_name":"Serabella","article_modified_time":"2025-08-27T12:41:28+00:00","og_image":[{"width":1000,"height":1000,"url":"https:\/\/serabella.ee\/wp-content\/uploads\/2025\/02\/Moschino-Toy-2-For-Women-EDP-30ml.png","type":"image\/png"}],"twitter_card":"summary_large_image","twitter_misc":{"Est. reading time":"1 minute"},"schema":{"@context":"https:\/\/schema.org","@graph":[{"@type":"WebPage","@id":"https:\/\/serabella.ee\/en\/product\/moschino-toy-2-for-women-edp-30ml\/","url":"https:\/\/serabella.ee\/en\/product\/moschino-toy-2-for-women-edp-30ml\/","name":"Moschino Toy 2 For Women EDP 30ml - Serabella","isPartOf":{"@id":"https:\/\/serabella.ee\/#website"},"primaryImageOfPage":{"@id":"https:\/\/serabella.ee\/en\/product\/moschino-toy-2-for-women-edp-30ml\/#primaryimage"},"image":{"@id":"https:\/\/serabella.ee\/en\/product\/moschino-toy-2-for-women-edp-30ml\/#primaryimage"},"thumbnailUrl":"https:\/\/serabella.ee\/wp-content\/uploads\/2025\/02\/Moschino-Toy-2-For-Women-EDP-30ml.png","datePublished":"2025-02-05T20:48:19+00:00","dateModified":"2025-08-27T12:41:28+00:00","breadcrumb":{"@id":"https:\/\/serabella.ee\/en\/product\/moschino-toy-2-for-women-edp-30ml\/#breadcrumb"},"inLanguage":"en-US","potentialAction":[{"@type":"ReadAction","target":["https:\/\/serabella.ee\/en\/product\/moschino-toy-2-for-women-edp-30ml\/"]}]},{"@type":"ImageObject","inLanguage":"en-US","@id":"https:\/\/serabella.ee\/en\/product\/moschino-toy-2-for-women-edp-30ml\/#primaryimage","url":"https:\/\/serabella.ee\/wp-content\/uploads\/2025\/02\/Moschino-Toy-2-For-Women-EDP-30ml.png","contentUrl":"https:\/\/serabella.ee\/wp-content\/uploads\/2025\/02\/Moschino-Toy-2-For-Women-EDP-30ml.png","width":1000,"height":1000},{"@type":"BreadcrumbList","@id":"https:\/\/serabella.ee\/en\/product\/moschino-toy-2-for-women-edp-30ml\/#breadcrumb","itemListElement":[{"@type":"ListItem","position":1,"name":"Home","item":"https:\/\/serabella.ee\/"},{"@type":"ListItem","position":2,"name":"Shop","item":"https:\/\/serabella.ee\/poevaade\/"},{"@type":"ListItem","position":3,"name":"Moschino Toy 2 For Women EDP 30ml"}]},{"@type":"WebSite","@id":"https:\/\/serabella.ee\/#website","url":"https:\/\/serabella.ee\/","name":"Serabella","description":"Ilu- ja kosmeetikatoodete e-pood\ud83d\udc9c","potentialAction":[{"@type":"SearchAction","target":{"@type":"EntryPoint","urlTemplate":"https:\/\/serabella.ee\/?s={search_term_string}"},"query-input":{"@type":"PropertyValueSpecification","valueRequired":true,"valueName":"search_term_string"}}],"inLanguage":"en-US"}]}},"_links":{"self":[{"href":"https:\/\/serabella.ee\/en\/wp-json\/wp\/v2\/product\/24579","targetHints":{"allow":["GET"]}}],"collection":[{"href":"https:\/\/serabella.ee\/en\/wp-json\/wp\/v2\/product"}],"about":[{"href":"https:\/\/serabella.ee\/en\/wp-json\/wp\/v2\/types\/product"}],"replies":[{"embeddable":true,"href":"https:\/\/serabella.ee\/en\/wp-json\/wp\/v2\/comments?post=24579"}],"wp:featuredmedia":[{"embeddable":true,"href":"https:\/\/serabella.ee\/en\/wp-json\/wp\/v2\/media\/20208"}],"wp:attachment":[{"href":"https:\/\/serabella.ee\/en\/wp-json\/wp\/v2\/media?parent=24579"}],"wp:term":[{"taxonomy":"product_brand","embeddable":true,"href":"https:\/\/serabella.ee\/en\/wp-json\/wp\/v2\/product_brand?post=24579"},{"taxonomy":"product_cat","embeddable":true,"href":"https:\/\/serabella.ee\/en\/wp-json\/wp\/v2\/product_cat?post=24579"},{"taxonomy":"product_tag","embeddable":true,"href":"https:\/\/serabella.ee\/en\/wp-json\/wp\/v2\/product_tag?post=24579"}],"curies":[{"name":"wp","href":"https:\/\/api.w.org\/{rel}","templated":true}]}}