{"id":24604,"date":"2024-09-03T16:08:01","date_gmt":"2024-09-03T14:08:01","guid":{"rendered":"https:\/\/serabella.ee\/?post_type=product&#038;p=24604"},"modified":"2025-11-13T00:00:33","modified_gmt":"2025-11-12T22:00:33","slug":"xerjoff-v-accento-eau-de-parfum-50ml","status":"publish","type":"product","link":"https:\/\/serabella.ee\/en\/product\/xerjoff-v-accento-eau-de-parfum-50ml\/","title":{"rendered":"XERJOFF V Accento Eau de Parfum 50ml"},"content":{"rendered":"<div class=\"wpb-content-wrapper\"><p>[vc_row][vc_column]\n\t\t<div id=\"wd-66d7108eb13ae\" class=\"wd-tabs wd-wpb wd-rs-66d7108eb13ae tabs-design-simple \">\n\t\t\t<div class=\"wd-tabs-header text-center\">\n\t\t\t\t\n\t\t\t\t\n\t\t\t\t<div class=\"wd-nav-wrapper wd-nav-tabs-wrapper\">\n\t\t\t\t\t<ul class=\"wd-nav wd-nav-tabs wd-icon-pos-left wd-style-default font-primary wd-fontsize-s wd-font-weight-600\">\n\t\t\t\t\t\t\t\t\t\t\t\t\t\n\t\t\t\t\t\t\t<li>\n\t\t\t\t\t\t\t\t<a href=\"#\" class=\"wd-nav-link\">\n\t\t\t\t\t\t\t\t\t\t\t\t\t\t\t\t\t\t<span class=\"nav-link-text wd-tabs-title\">\n\t\t\t\t\t\t\t\t\t\tKirjeldus\t\t\t\t\t\t\t\t\t<\/span>\n\t\t\t\t\t\t\t\t<\/a>\n\t\t\t\t\t\t\t<\/li>\n\n\t\t\t\t\t\t\t\t\t\t\t\t\t\n\t\t\t\t\t\t\t<li>\n\t\t\t\t\t\t\t\t<a href=\"#\" class=\"wd-nav-link\">\n\t\t\t\t\t\t\t\t\t\t\t\t\t\t\t\t\t\t<span class=\"nav-link-text wd-tabs-title\">\n\t\t\t\t\t\t\t\t\t\tKoostisosad\t\t\t\t\t\t\t\t\t<\/span>\n\t\t\t\t\t\t\t\t<\/a>\n\t\t\t\t\t\t\t<\/li>\n\n\t\t\t\t\t\t\n\t\t\t\t\t<\/ul>\n\t\t\t\t<\/div>\n\t\t\t<\/div>\n\n\t\t\t<div class=\"wd-tab-content-wrapper\">\n\t\t\t\t\n\t\t<div class=\"wd-tab-content\">\n\t\t\t\t\t\t\tSee aroom \u00fchendab tipunoodina ananassi ja h\u00fcatsinti, jasmiini, iirise ja roosa pipra s\u00fcdamenoote ning vetiveri, muskuse ja merevaigu baasnoote.<br \/>\nVibe: see on kogenud ja elegantne l\u00f5hn, mis sobib ideaalselt neile, kes hindavad ainulaadset ja luksuslikku l\u00f5hna.<\/p>\n<h5><\/h5>\n<p>\t\t\t\t\t<\/div>\n\n\t\t\n\t\t<div class=\"wd-tab-content\">\n\t\t\t\t\t\t\t\t\t\t\t\t<\/div>\n\n\t\t\t\t\t<\/div>\n\t\t<\/div>\n\n\t\t[\/vc_column][\/vc_row]<\/p>\n<\/div>","protected":false},"excerpt":{"rendered":"<p>Parf\u00fc\u00fcm unisex<\/p>\n","protected":false},"featured_media":8698,"comment_status":"open","ping_status":"closed","template":"","meta":{"inline_featured_image":false},"product_brand":[],"product_cat":[572,585,584,587,586],"product_tag":[],"class_list":{"0":"post-24604","1":"product","2":"type-product","3":"status-publish","4":"has-post-thumbnail","6":"product_cat-men","7":"product_cat-mens-perfumes","8":"product_cat-perfumes","9":"product_cat-unisex-perfumes","10":"product_cat-womens-perfumes","11":"pa_brands-xerjoff-en","13":"first","14":"instock","15":"sale","16":"taxable","17":"shipping-taxable","18":"purchasable","19":"product-type-simple"},"yoast_head":"<!-- This site is optimized with the Yoast SEO plugin v25.1 - https:\/\/yoast.com\/wordpress\/plugins\/seo\/ -->\n<title>XERJOFF V Accento Eau de Parfum 50ml - Serabella<\/title>\n<meta name=\"robots\" content=\"index, follow, max-snippet:-1, max-image-preview:large, max-video-preview:-1\" \/>\n<link rel=\"canonical\" href=\"https:\/\/serabella.ee\/toode\/xerjoff-v-accento-eau-de-parfum-50ml\/\" \/>\n<meta property=\"og:locale\" content=\"en_US\" \/>\n<meta property=\"og:type\" content=\"article\" \/>\n<meta property=\"og:title\" content=\"XERJOFF V Accento Eau de Parfum 50ml - Serabella\" \/>\n<meta property=\"og:description\" content=\"Parf\u00fc\u00fcm unisex\" \/>\n<meta property=\"og:url\" content=\"https:\/\/serabella.ee\/toode\/xerjoff-v-accento-eau-de-parfum-50ml\/\" \/>\n<meta property=\"og:site_name\" content=\"Serabella\" \/>\n<meta property=\"article:modified_time\" content=\"2025-11-12T22:00:33+00:00\" \/>\n<meta property=\"og:image\" content=\"https:\/\/serabella.ee\/wp-content\/uploads\/2024\/09\/XERJOFF-V-Accento-Eau-de-Parfum-50ml.png\" \/>\n\t<meta property=\"og:image:width\" content=\"1080\" \/>\n\t<meta property=\"og:image:height\" content=\"1080\" \/>\n\t<meta property=\"og:image:type\" content=\"image\/png\" \/>\n<meta name=\"twitter:card\" content=\"summary_large_image\" \/>\n<meta name=\"twitter:label1\" content=\"Est. reading time\" \/>\n\t<meta name=\"twitter:data1\" content=\"1 minute\" \/>\n<script type=\"application\/ld+json\" class=\"yoast-schema-graph\">{\"@context\":\"https:\/\/schema.org\",\"@graph\":[{\"@type\":\"WebPage\",\"@id\":\"https:\/\/serabella.ee\/toode\/xerjoff-v-accento-eau-de-parfum-50ml\/\",\"url\":\"https:\/\/serabella.ee\/toode\/xerjoff-v-accento-eau-de-parfum-50ml\/\",\"name\":\"XERJOFF V Accento Eau de Parfum 50ml - Serabella\",\"isPartOf\":{\"@id\":\"https:\/\/serabella.ee\/#website\"},\"primaryImageOfPage\":{\"@id\":\"https:\/\/serabella.ee\/toode\/xerjoff-v-accento-eau-de-parfum-50ml\/#primaryimage\"},\"image\":{\"@id\":\"https:\/\/serabella.ee\/toode\/xerjoff-v-accento-eau-de-parfum-50ml\/#primaryimage\"},\"thumbnailUrl\":\"https:\/\/serabella.ee\/wp-content\/uploads\/2024\/09\/XERJOFF-V-Accento-Eau-de-Parfum-50ml.png\",\"datePublished\":\"2024-09-03T14:08:01+00:00\",\"dateModified\":\"2025-11-12T22:00:33+00:00\",\"breadcrumb\":{\"@id\":\"https:\/\/serabella.ee\/toode\/xerjoff-v-accento-eau-de-parfum-50ml\/#breadcrumb\"},\"inLanguage\":\"en-US\",\"potentialAction\":[{\"@type\":\"ReadAction\",\"target\":[\"https:\/\/serabella.ee\/toode\/xerjoff-v-accento-eau-de-parfum-50ml\/\"]}]},{\"@type\":\"ImageObject\",\"inLanguage\":\"en-US\",\"@id\":\"https:\/\/serabella.ee\/toode\/xerjoff-v-accento-eau-de-parfum-50ml\/#primaryimage\",\"url\":\"https:\/\/serabella.ee\/wp-content\/uploads\/2024\/09\/XERJOFF-V-Accento-Eau-de-Parfum-50ml.png\",\"contentUrl\":\"https:\/\/serabella.ee\/wp-content\/uploads\/2024\/09\/XERJOFF-V-Accento-Eau-de-Parfum-50ml.png\",\"width\":1080,\"height\":1080},{\"@type\":\"BreadcrumbList\",\"@id\":\"https:\/\/serabella.ee\/toode\/xerjoff-v-accento-eau-de-parfum-50ml\/#breadcrumb\",\"itemListElement\":[{\"@type\":\"ListItem\",\"position\":1,\"name\":\"Home\",\"item\":\"https:\/\/serabella.ee\/\"},{\"@type\":\"ListItem\",\"position\":2,\"name\":\"Shop\",\"item\":\"https:\/\/serabella.ee\/poevaade\/\"},{\"@type\":\"ListItem\",\"position\":3,\"name\":\"XERJOFF V Accento Eau de Parfum 50ml\"}]},{\"@type\":\"WebSite\",\"@id\":\"https:\/\/serabella.ee\/#website\",\"url\":\"https:\/\/serabella.ee\/\",\"name\":\"Serabella\",\"description\":\"Ilu- ja kosmeetikatoodete e-pood\ud83d\udc9c\",\"potentialAction\":[{\"@type\":\"SearchAction\",\"target\":{\"@type\":\"EntryPoint\",\"urlTemplate\":\"https:\/\/serabella.ee\/?s={search_term_string}\"},\"query-input\":{\"@type\":\"PropertyValueSpecification\",\"valueRequired\":true,\"valueName\":\"search_term_string\"}}],\"inLanguage\":\"en-US\"}]}<\/script>\n<!-- \/ Yoast SEO plugin. -->","yoast_head_json":{"title":"XERJOFF V Accento Eau de Parfum 50ml - Serabella","robots":{"index":"index","follow":"follow","max-snippet":"max-snippet:-1","max-image-preview":"max-image-preview:large","max-video-preview":"max-video-preview:-1"},"canonical":"https:\/\/serabella.ee\/toode\/xerjoff-v-accento-eau-de-parfum-50ml\/","og_locale":"en_US","og_type":"article","og_title":"XERJOFF V Accento Eau de Parfum 50ml - Serabella","og_description":"Parf\u00fc\u00fcm unisex","og_url":"https:\/\/serabella.ee\/toode\/xerjoff-v-accento-eau-de-parfum-50ml\/","og_site_name":"Serabella","article_modified_time":"2025-11-12T22:00:33+00:00","og_image":[{"width":1080,"height":1080,"url":"https:\/\/serabella.ee\/wp-content\/uploads\/2024\/09\/XERJOFF-V-Accento-Eau-de-Parfum-50ml.png","type":"image\/png"}],"twitter_card":"summary_large_image","twitter_misc":{"Est. reading time":"1 minute"},"schema":{"@context":"https:\/\/schema.org","@graph":[{"@type":"WebPage","@id":"https:\/\/serabella.ee\/toode\/xerjoff-v-accento-eau-de-parfum-50ml\/","url":"https:\/\/serabella.ee\/toode\/xerjoff-v-accento-eau-de-parfum-50ml\/","name":"XERJOFF V Accento Eau de Parfum 50ml - Serabella","isPartOf":{"@id":"https:\/\/serabella.ee\/#website"},"primaryImageOfPage":{"@id":"https:\/\/serabella.ee\/toode\/xerjoff-v-accento-eau-de-parfum-50ml\/#primaryimage"},"image":{"@id":"https:\/\/serabella.ee\/toode\/xerjoff-v-accento-eau-de-parfum-50ml\/#primaryimage"},"thumbnailUrl":"https:\/\/serabella.ee\/wp-content\/uploads\/2024\/09\/XERJOFF-V-Accento-Eau-de-Parfum-50ml.png","datePublished":"2024-09-03T14:08:01+00:00","dateModified":"2025-11-12T22:00:33+00:00","breadcrumb":{"@id":"https:\/\/serabella.ee\/toode\/xerjoff-v-accento-eau-de-parfum-50ml\/#breadcrumb"},"inLanguage":"en-US","potentialAction":[{"@type":"ReadAction","target":["https:\/\/serabella.ee\/toode\/xerjoff-v-accento-eau-de-parfum-50ml\/"]}]},{"@type":"ImageObject","inLanguage":"en-US","@id":"https:\/\/serabella.ee\/toode\/xerjoff-v-accento-eau-de-parfum-50ml\/#primaryimage","url":"https:\/\/serabella.ee\/wp-content\/uploads\/2024\/09\/XERJOFF-V-Accento-Eau-de-Parfum-50ml.png","contentUrl":"https:\/\/serabella.ee\/wp-content\/uploads\/2024\/09\/XERJOFF-V-Accento-Eau-de-Parfum-50ml.png","width":1080,"height":1080},{"@type":"BreadcrumbList","@id":"https:\/\/serabella.ee\/toode\/xerjoff-v-accento-eau-de-parfum-50ml\/#breadcrumb","itemListElement":[{"@type":"ListItem","position":1,"name":"Home","item":"https:\/\/serabella.ee\/"},{"@type":"ListItem","position":2,"name":"Shop","item":"https:\/\/serabella.ee\/poevaade\/"},{"@type":"ListItem","position":3,"name":"XERJOFF V Accento Eau de Parfum 50ml"}]},{"@type":"WebSite","@id":"https:\/\/serabella.ee\/#website","url":"https:\/\/serabella.ee\/","name":"Serabella","description":"Ilu- ja kosmeetikatoodete e-pood\ud83d\udc9c","potentialAction":[{"@type":"SearchAction","target":{"@type":"EntryPoint","urlTemplate":"https:\/\/serabella.ee\/?s={search_term_string}"},"query-input":{"@type":"PropertyValueSpecification","valueRequired":true,"valueName":"search_term_string"}}],"inLanguage":"en-US"}]}},"_links":{"self":[{"href":"https:\/\/serabella.ee\/en\/wp-json\/wp\/v2\/product\/24604","targetHints":{"allow":["GET"]}}],"collection":[{"href":"https:\/\/serabella.ee\/en\/wp-json\/wp\/v2\/product"}],"about":[{"href":"https:\/\/serabella.ee\/en\/wp-json\/wp\/v2\/types\/product"}],"replies":[{"embeddable":true,"href":"https:\/\/serabella.ee\/en\/wp-json\/wp\/v2\/comments?post=24604"}],"wp:featuredmedia":[{"embeddable":true,"href":"https:\/\/serabella.ee\/en\/wp-json\/wp\/v2\/media\/8698"}],"wp:attachment":[{"href":"https:\/\/serabella.ee\/en\/wp-json\/wp\/v2\/media?parent=24604"}],"wp:term":[{"taxonomy":"product_brand","embeddable":true,"href":"https:\/\/serabella.ee\/en\/wp-json\/wp\/v2\/product_brand?post=24604"},{"taxonomy":"product_cat","embeddable":true,"href":"https:\/\/serabella.ee\/en\/wp-json\/wp\/v2\/product_cat?post=24604"},{"taxonomy":"product_tag","embeddable":true,"href":"https:\/\/serabella.ee\/en\/wp-json\/wp\/v2\/product_tag?post=24604"}],"curies":[{"name":"wp","href":"https:\/\/api.w.org\/{rel}","templated":true}]}}